{"id":7,"date":"2018-07-19T16:01:04","date_gmt":"2018-07-19T16:01:04","guid":{"rendered":"http:\/\/urciconsultores.com\/en\/?page_id=7"},"modified":"2020-09-07T12:02:29","modified_gmt":"2020-09-07T12:02:29","slug":"home","status":"publish","type":"page","link":"https:\/\/urciconsultores.com\/en\/","title":{"rendered":"Home"},"content":{"rendered":"<section class=\"intro-home\" id=\"cuerpo1\">\r\n    <article class=\"cuerpo\">\r\n        <div class=\"contenedor\">\r\n            <div class=\"cajas-intro uno\">\r\n                <a href=\"transport-infrastructure\"><div class=\"efecto-hover\">\r\n                    <img decoding=\"async\" src=\"https:\/\/urciconsultores.com\/en\/wp-content\/uploads\/cajas-intro-home-1.png\">\r\n                    <h3>Transport Infrastructure<\/h3>\r\n                    <p>In the Transport Infrastructure area, URCI offers sustainable solutions for an efficient and safe mobility of people and goods, including all modes&#8230;<\/p>\r\n                <\/div><\/a>\r\n            <\/div>\r\n            <div class=\"cajas-intro dos\">\r\n                <a href=\"water-and-environment\"><div class=\"efecto-hover\">\r\n                    <img decoding=\"async\" src=\"https:\/\/urciconsultores.com\/en\/wp-content\/uploads\/cajas-intro-home-2.png\">\r\n                    <h3>Water and environment<\/h3>\r\n                    <p>URCI offers engineering services such as project drafting, execution, site technical assistance and hydraulic infrastructure operation. The company&#8230;<\/p>\r\n                <\/div><\/a>\r\n            <\/div>\r\n            <div class=\"cajas-intro tres\">\r\n                <a href=\"expropriation-and-or-property-management\"><div class=\"efecto-hover\">\r\n                    <img decoding=\"async\" src=\"https:\/\/urciconsultores.com\/en\/wp-content\/uploads\/cajas-intro-home-3.png\">\r\n                    <h3>Expropriation and property management<\/h3>\r\n                    <p>In many cases, infrastructure execution requires the availability of third-party\u2019s land, for which it is necessary to carry out management processes of&#8230;<\/p>\r\n                <\/div><\/a>\r\n            <\/div>\r\n            <div class=\"cajas-intro cuatro\">\r\n                <a href=\"spatial-planning\"><div class=\"efecto-hover\">\r\n                    <img decoding=\"async\" src=\"https:\/\/urciconsultores.com\/en\/wp-content\/uploads\/cajas-intro-home-4.png\">\r\n                    <h3>Spatial planning<\/h3>\r\n                    <p>In the area of Spatial Planning, URCI participates in the different phases of the territorial organization of populations, always taking into account&#8230;<\/p>\r\n                <\/div><\/a>\r\n            <\/div>\r\n            <div class=\"cajas-intro cinco\">\r\n                <a href=\"construction-and-building\"><div class=\"efecto-hover\">\r\n                    <img decoding=\"async\" src=\"https:\/\/urciconsultores.com\/en\/wp-content\/uploads\/cajas-intro-home-5.png\">\r\n                    <h3>Building and construction<\/h3>\r\n                    <p>In the field of Building, URCI develops comprehensive projects. Based on the initial idea provided by the client, the feasibility of the project is&#8230;<\/p>\r\n                <\/div><\/a>\r\n            <\/div>\r\n            <div class=\"cajas-intro seis\">\r\n                <a href=\"industry-and-energy\"><div class=\"efecto-hover\">\r\n                    <img decoding=\"async\" src=\"https:\/\/urciconsultores.com\/en\/wp-content\/uploads\/cajas-intro-home-6.png\">\r\n                    <h3>Industry and energy<\/h3>\r\n                    <p>Historically, URCI has worked in the sectors of industry and energy within the framework for the development of infrastructure projects.<\/p>\r\n                <\/div><\/a>\r\n            <\/div>\r\n        <\/div>\r\n    <\/article>\r\n<\/section>\r\n<section class=\"proyectos-home\">\r\n    <article class=\"cuerpo\">\r\n        <h2>Last projects<\/h2>\r\n        <p class=\"grande\">These are some of our latest projects. You can check the complete list in our projects section.<\/p>\r\n        <a href=\"projects\" class=\"btn\">our projects [+]<\/a>\r\n        <div class=\"limpiar\"><\/div>\r\n    <\/article>\r\n<\/section>\r\n<section class=\"carrousel-home\">\r\n    <div class=\"owl-carousel owl-theme\" id=\"owl-carousel-proyectos\">\r\n        <div class=\"cajascomunes-proyecto freson-de-huelva-accede-al-interior-de-espana\">\r\n            <div class=\"contenedor\">\r\n                <h5>Huelva, Spain<\/h5>\r\n                <h4>Control and supervision of works: Beas and Trigueros municipalities variant in N-435 road, from km\u2026<\/h4>\r\n                <a href=\"the-strawberry-from-huelva-accesses-inland-spain\" class=\"btn\">see project [+]<\/a>\r\n            <\/div>\r\n        <\/div>\r\n        <div class=\"cajascomunes-proyecto autovia-de-la-plata-a-66\">\r\n            <div class=\"contenedor\">\r\n                <h5>Zamora, Spain<\/h5>\r\n                <h4>Inspection of the public works concession contracts for the conservation and operation of the Autov\u00eda\u2026<\/h4>\r\n                <a href=\"improvement-of-the-autovia-de-la-plata-highway\" class=\"btn\">see project [+]<\/a>\r\n            <\/div>\r\n        <\/div>\r\n        <div class=\"cajascomunes-proyecto acceso-al-canon-del-colca-arequipa\">\r\n            <div class=\"contenedor\">\r\n                <h5>Department of Arequipa<\/h5>\r\n                <h4>Service for the Supervision of the Technical File Preparation and Supervision of the Execution of Work\u2026<\/h4>\r\n                <a href=\"access-to-the-colca-canyon-arequipa\" class=\"btn\">see project [+]<\/a>\r\n            <\/div>\r\n        <\/div>\r\n        <div class=\"cajascomunes-proyecto puerto-de-garrucha\">\r\n            <div class=\"contenedor\">\r\n                <h5>Almer\u00eda<\/h5>\r\n                <h4>Technical Assistance to the Directorate of Works for the Northern Extension. Garrucha Port (Almer\u00eda)<\/h4>\r\n                <a href=\"garrucha-port-extension\" class=\"btn\">see project [+]<\/a>\r\n            <\/div>\r\n        <\/div>\r\n        <div class=\"cajascomunes-proyecto ayacucho-mejora-su-conexion-aerea\">\r\n            <div class=\"contenedor\">\r\n                <h5>Department of Ayacucho<\/h5>\r\n                <h4>Supervision of the rehabilitation of the asphalt pavement of the Airside at the Alfredo Mendiv\u00edl\u2026<\/h4>\r\n                <a href=\"ayacucho-enhances-its-air-connection\" class=\"btn\">see project [+]<\/a>\r\n            <\/div>\r\n        <\/div>\r\n        <div class=\"cajascomunes-proyecto ate-lima-dispondra-de-agua-potable-y-saneamiento\">\r\n            <div class=\"contenedor\">\r\n                <h5>Lima<\/h5>\r\n                <h4>Final Study and Technical Dossier for the \u00abExtension and Improvement Project of drinking water and\u2026<\/h4>\r\n                <a href=\"ate-lima-will-be-provided-with-drinking-water-and-sanitation\" class=\"btn\">see project [+]<\/a>\r\n            <\/div>\r\n        <\/div>\r\n        <div class=\"cajascomunes-proyecto saneamiento-y-adquisicion-de-predios-evitamiento-de-chimbote-peru\">\r\n            <div class=\"contenedor\">\r\n                <h5>Department of Ancash, Per\u00fa<\/h5>\r\n                <h4>Service of Elaboration of Legal Technical Diagnosis and of Individual Files with the purpose of\u2026<\/h4>\r\n                <a href=\"sanitation-and-land-acquisition-chimbote-bypass-peru\" class=\"btn\">see project [+]<\/a>\r\n            <\/div>\r\n        <\/div>\r\n        <div class=\"cajascomunes-proyecto viru-tendra-evitamiento-saneamiento-y-adquisicion-de-predios\">\r\n            <div class=\"contenedor\">\r\n                <h5>Department of La Libertad, Per\u00fa<\/h5>\r\n                <h4>Service for the Acquisition of Property Affected by the Vir\u00fa Bypass and Continuous Section 1 of the\u2026<\/h4>\r\n                <a href=\"viru-will-have-a-bypass-sanitation-and-land-acquisition\" class=\"btn\">see project [+]<\/a>\r\n            <\/div>\r\n        <\/div>\r\n        <div class=\"cajascomunes-proyecto estadio-deportivo-y-pista-de-atletismo-para-los-juegos-mediterraneos-2005\">\r\n            <div class=\"contenedor\">\r\n                <h5>Almer\u00eda<\/h5>\r\n                <h4>Site management of the Sports Stadium and Athletics Track for the Mediterranean Games 2005, Almer\u00eda<\/h4>\r\n                <a href=\"almeria-gets-ready-for-the-mediterranean-games-2005\" class=\"btn\">see project [+]<\/a>\r\n            <\/div>\r\n        <\/div>\r\n        <div class=\"cajascomunes-proyecto aparcamiento-subterraneo-en-parque-de-las-almadrabillas\">\r\n            <div class=\"contenedor\">\r\n                <h5>Almer\u00eda<\/h5>\r\n                <h4>Drafting of Basic Project Offer, Construction Project, Activity Project and Technical Management\u2026<\/h4>\r\n                <a href=\"new-underground-parking-lot-in-almandrabillas-almeria\" class=\"btn\">see project [+]<\/a>\r\n            <\/div>\r\n        <\/div>\r\n        <div class=\"cajascomunes-proyecto campo-de-tiro-y-arco-irving-saladino\">\r\n            <div class=\"contenedor\">\r\n                <h5>Panama<\/h5>\r\n                <h4>Construction Project of a Shooting and Archery Range in Irving Saladino Sports City, Province of Panama<\/h4>\r\n                <a href=\"new-archery-range-in-panama\" class=\"btn\">see project [+]<\/a>\r\n            <\/div>\r\n        <\/div>\r\n        <div class=\"cajascomunes-proyecto aseguramos-la-gestion-de-la-concesion-de-la-red-vial-no-04\">\r\n            <div class=\"contenedor\">\r\n                <h5>Department of Ancash<\/h5>\r\n                <h4>Final Engineering Study for the Toll and Weighing Stations and the Headquarters Building of the Red Vial No. 4<\/h4>\r\n                <a href=\"ensuring-the-management-of-the-concession-of-the-red-vial-no-4\" class=\"btn\">see project [+]<\/a>\r\n            <\/div>\r\n        <\/div>\r\n    <\/div>\r\n<\/section>\r\n<!--<section class=\"final-home\">\r\n    <article class=\"cuerpo\">\r\n        <div class=\"img-cent\"><img decoding=\"async\" src=\"https:\/\/urciconsultores.com\/en\/wp-content\/uploads\/final-home.jpg\"><\/div>\r\n        <div class=\"cols\">\r\n            <p class=\"grande\">Desde sus inicios, URCI particip\u00f3 activamente en el desarrollo de las infraestructuras viarias, ferroviarias, portuarias y aeroportuarias construidas en Spain por el gobierno, y con el apoyo de la Uni\u00f3n Europea. La experiencia y conocimientos adquiridos a lo largo de estos a\u00f1os representan una s\u00f3lida base en la prestaci\u00f3n de servicios a clientes p\u00fablicos y privados, nacionales e internacionales.<\/p>\r\n        <\/div>\r\n        <div class=\"cols\">\r\n            <p class=\"grande\">En 2009, URCI comenz\u00f3 su actividad exterior con la apertura de sucursal en Lima, Per\u00fa. En 2017 URCI tiene abiertas tras un importante plan de expansi\u00f3n, sucursal en Panama y Colombia adem\u00e1s de una Filial en Panama. En los pr\u00f3ximos meses y cumpliendo un Plan Estrat\u00e9gico la empresa tiene prevista la apertura de nuevas filiales y sucursales en Estados Unidos y Latinoam\u00e9rica.<\/p>\r\n        <\/div>\r\n        <a href=\"about-us\" class=\"btn\">sobre nosotros [+]<\/a>\r\n    <\/article>\r\n<\/section>-->\r\n<section class=\"mapa-home\">\r\n    <article class=\"cuerpo\">\r\n        <h2>International presence<\/h2>\r\n        <p>In 2009, URCI began its foreign activity with the opening of a branch in Lima, Peru. Currently and after carrying out an important expansion plan, URCI has open branches and subsidiaries in Panama, Colombia, Honduras, Peru and the USA.<\/p>\r\n        <a href=\"offices\" class=\"btn\">our offices [+]<\/a>\r\n        <div class=\"limpiar\"><\/div>\r\n    <\/article>\r\n    <div class=\"img-resp\"><img decoding=\"async\" src=\"https:\/\/urciconsultores.com\/en\/wp-content\/uploads\/mapa-home-resp.png\"><\/div>\r\n<\/section>\r\n<section class=\"newblog-home\">\r\n    <article class=\"cuerpo\">\r\n        <h2>Check all our news<\/h2>\r\n        \r\n    <\/article>\r\n<\/section>","protected":false},"excerpt":{"rendered":"Transport Infrastructure In the Transport Infrastructure area, URCI offers sustainable solutions for an efficient and safe mobility of people and goods, including all modes&#8230; Water and environment URCI offers engineering services such as project drafting, execution, site technical assistance and hydraulic infrastructure operation. The company&#8230; Expropriation and property management In many cases, infrastructure execution requires [&hellip;]","protected":false},"author":2,"featured_media":0,"parent":0,"menu_order":0,"comment_status":"closed","ping_status":"closed","template":"","meta":{"footnotes":""},"class_list":["post-7","page","type-page","status-publish","hentry"],"yoast_head":"<!-- This site is optimized with the Yoast SEO plugin v26.8 - https:\/\/yoast.com\/product\/yoast-seo-wordpress\/ -->\n<title>Home - Urci Consultores<\/title>\n<meta name=\"robots\" content=\"index, follow, max-snippet:-1, max-image-preview:large, max-video-preview:-1\" \/>\n<link rel=\"canonical\" href=\"https:\/\/urciconsultores.com\/en\/\" \/>\n<meta property=\"og:locale\" content=\"es_ES\" \/>\n<meta property=\"og:type\" content=\"article\" \/>\n<meta property=\"og:title\" content=\"Home - Urci Consultores\" \/>\n<meta property=\"og:description\" content=\"Transport Infrastructure In the Transport Infrastructure area, URCI offers sustainable solutions for an efficient and safe mobility of people and goods, including all modes&#8230; Water and environment URCI offers engineering services such as project drafting, execution, site technical assistance and hydraulic infrastructure operation. The company&#8230; Expropriation and property management In many cases, infrastructure execution requires [&hellip;]\" \/>\n<meta property=\"og:url\" content=\"https:\/\/urciconsultores.com\/en\/\" \/>\n<meta property=\"og:site_name\" content=\"Urci Consultores\" \/>\n<meta property=\"article:modified_time\" content=\"2020-09-07T12:02:29+00:00\" \/>\n<meta property=\"og:image\" content=\"https:\/\/urciconsultores.com\/en\/wp-content\/uploads\/cajas-intro-home-1.png\" \/>\n<meta name=\"twitter:card\" content=\"summary_large_image\" \/>\n<meta name=\"twitter:label1\" content=\"Tiempo de lectura\" \/>\n\t<meta name=\"twitter:data1\" content=\"2 minutos\" \/>\n<script type=\"application\/ld+json\" class=\"yoast-schema-graph\">{\"@context\":\"https:\/\/schema.org\",\"@graph\":[{\"@type\":\"WebPage\",\"@id\":\"https:\/\/urciconsultores.com\/en\/\",\"url\":\"https:\/\/urciconsultores.com\/en\/\",\"name\":\"Home - Urci Consultores\",\"isPartOf\":{\"@id\":\"https:\/\/urciconsultores.com\/en\/#website\"},\"primaryImageOfPage\":{\"@id\":\"https:\/\/urciconsultores.com\/en\/#primaryimage\"},\"image\":{\"@id\":\"https:\/\/urciconsultores.com\/en\/#primaryimage\"},\"thumbnailUrl\":\"https:\/\/urciconsultores.com\/en\/wp-content\/uploads\/cajas-intro-home-1.png\",\"datePublished\":\"2018-07-19T16:01:04+00:00\",\"dateModified\":\"2020-09-07T12:02:29+00:00\",\"breadcrumb\":{\"@id\":\"https:\/\/urciconsultores.com\/en\/#breadcrumb\"},\"inLanguage\":\"es\",\"potentialAction\":[{\"@type\":\"ReadAction\",\"target\":[\"https:\/\/urciconsultores.com\/en\/\"]}]},{\"@type\":\"ImageObject\",\"inLanguage\":\"es\",\"@id\":\"https:\/\/urciconsultores.com\/en\/#primaryimage\",\"url\":\"https:\/\/urciconsultores.com\/en\/wp-content\/uploads\/cajas-intro-home-1.png\",\"contentUrl\":\"https:\/\/urciconsultores.com\/en\/wp-content\/uploads\/cajas-intro-home-1.png\"},{\"@type\":\"BreadcrumbList\",\"@id\":\"https:\/\/urciconsultores.com\/en\/#breadcrumb\",\"itemListElement\":[{\"@type\":\"ListItem\",\"position\":1,\"name\":\"Portada\",\"item\":\"https:\/\/urciconsultores.com\/en\/\"},{\"@type\":\"ListItem\",\"position\":2,\"name\":\"Home\"}]},{\"@type\":\"WebSite\",\"@id\":\"https:\/\/urciconsultores.com\/en\/#website\",\"url\":\"https:\/\/urciconsultores.com\/en\/\",\"name\":\"Urci Consultores\",\"description\":\"Urci Consultores\",\"potentialAction\":[{\"@type\":\"SearchAction\",\"target\":{\"@type\":\"EntryPoint\",\"urlTemplate\":\"https:\/\/urciconsultores.com\/en\/?s={search_term_string}\"},\"query-input\":{\"@type\":\"PropertyValueSpecification\",\"valueRequired\":true,\"valueName\":\"search_term_string\"}}],\"inLanguage\":\"es\"}]}<\/script>\n<!-- \/ Yoast SEO plugin. -->","yoast_head_json":{"title":"Home - Urci Consultores","robots":{"index":"index","follow":"follow","max-snippet":"max-snippet:-1","max-image-preview":"max-image-preview:large","max-video-preview":"max-video-preview:-1"},"canonical":"https:\/\/urciconsultores.com\/en\/","og_locale":"es_ES","og_type":"article","og_title":"Home - Urci Consultores","og_description":"Transport Infrastructure In the Transport Infrastructure area, URCI offers sustainable solutions for an efficient and safe mobility of people and goods, including all modes&#8230; Water and environment URCI offers engineering services such as project drafting, execution, site technical assistance and hydraulic infrastructure operation. The company&#8230; Expropriation and property management In many cases, infrastructure execution requires [&hellip;]","og_url":"https:\/\/urciconsultores.com\/en\/","og_site_name":"Urci Consultores","article_modified_time":"2020-09-07T12:02:29+00:00","og_image":[{"url":"https:\/\/urciconsultores.com\/en\/wp-content\/uploads\/cajas-intro-home-1.png","type":"","width":"","height":""}],"twitter_card":"summary_large_image","twitter_misc":{"Tiempo de lectura":"2 minutos"},"schema":{"@context":"https:\/\/schema.org","@graph":[{"@type":"WebPage","@id":"https:\/\/urciconsultores.com\/en\/","url":"https:\/\/urciconsultores.com\/en\/","name":"Home - Urci Consultores","isPartOf":{"@id":"https:\/\/urciconsultores.com\/en\/#website"},"primaryImageOfPage":{"@id":"https:\/\/urciconsultores.com\/en\/#primaryimage"},"image":{"@id":"https:\/\/urciconsultores.com\/en\/#primaryimage"},"thumbnailUrl":"https:\/\/urciconsultores.com\/en\/wp-content\/uploads\/cajas-intro-home-1.png","datePublished":"2018-07-19T16:01:04+00:00","dateModified":"2020-09-07T12:02:29+00:00","breadcrumb":{"@id":"https:\/\/urciconsultores.com\/en\/#breadcrumb"},"inLanguage":"es","potentialAction":[{"@type":"ReadAction","target":["https:\/\/urciconsultores.com\/en\/"]}]},{"@type":"ImageObject","inLanguage":"es","@id":"https:\/\/urciconsultores.com\/en\/#primaryimage","url":"https:\/\/urciconsultores.com\/en\/wp-content\/uploads\/cajas-intro-home-1.png","contentUrl":"https:\/\/urciconsultores.com\/en\/wp-content\/uploads\/cajas-intro-home-1.png"},{"@type":"BreadcrumbList","@id":"https:\/\/urciconsultores.com\/en\/#breadcrumb","itemListElement":[{"@type":"ListItem","position":1,"name":"Portada","item":"https:\/\/urciconsultores.com\/en\/"},{"@type":"ListItem","position":2,"name":"Home"}]},{"@type":"WebSite","@id":"https:\/\/urciconsultores.com\/en\/#website","url":"https:\/\/urciconsultores.com\/en\/","name":"Urci Consultores","description":"Urci Consultores","potentialAction":[{"@type":"SearchAction","target":{"@type":"EntryPoint","urlTemplate":"https:\/\/urciconsultores.com\/en\/?s={search_term_string}"},"query-input":{"@type":"PropertyValueSpecification","valueRequired":true,"valueName":"search_term_string"}}],"inLanguage":"es"}]}},"_links":{"self":[{"href":"https:\/\/urciconsultores.com\/en\/wp-json\/wp\/v2\/pages\/7","targetHints":{"allow":["GET"]}}],"collection":[{"href":"https:\/\/urciconsultores.com\/en\/wp-json\/wp\/v2\/pages"}],"about":[{"href":"https:\/\/urciconsultores.com\/en\/wp-json\/wp\/v2\/types\/page"}],"author":[{"embeddable":true,"href":"https:\/\/urciconsultores.com\/en\/wp-json\/wp\/v2\/users\/2"}],"replies":[{"embeddable":true,"href":"https:\/\/urciconsultores.com\/en\/wp-json\/wp\/v2\/comments?post=7"}],"version-history":[{"count":106,"href":"https:\/\/urciconsultores.com\/en\/wp-json\/wp\/v2\/pages\/7\/revisions"}],"predecessor-version":[{"id":1496,"href":"https:\/\/urciconsultores.com\/en\/wp-json\/wp\/v2\/pages\/7\/revisions\/1496"}],"wp:attachment":[{"href":"https:\/\/urciconsultores.com\/en\/wp-json\/wp\/v2\/media?parent=7"}],"curies":[{"name":"wp","href":"https:\/\/api.w.org\/{rel}","templated":true}]}}