{"id":792,"date":"2020-07-22T11:09:19","date_gmt":"2020-07-22T11:09:19","guid":{"rendered":"http:\/\/urciconsultores.com\/en\/?page_id=792"},"modified":"2020-08-26T10:21:07","modified_gmt":"2020-08-26T10:21:07","slug":"the-south-upgrades-its-connection-with-madrid","status":"publish","type":"page","link":"https:\/\/urciconsultores.com\/en\/the-south-upgrades-its-connection-with-madrid\/","title":{"rendered":"The South upgrades its connection with Madrid"},"content":{"rendered":"<section class=\"cabecera-interior proyectos\">\r\n    <article class=\"cuerpo\">\r\n        <h1>Our projects<\/h1>\r\n    <\/article>\r\n<\/section>\r\n<section class=\"intro-fichaproyecto\">\r\n    <article class=\"cuerpo\">\r\n        <div class=\"img-izq\"><img decoding=\"async\" src=\"https:\/\/urciconsultores.com\/en\/wp-content\/uploads\/intro-fichaproyecto-actualizacion-de-anteproyectos-de-adecuacion-a-4.jpg\"><\/div>\r\n        <div class=\"texto-der\">\r\n            <h3>Transport Infrastructure  &#8211; Roads<\/h3>\r\n            <h4 class=\"azul\">Updating of preliminary drafts for the adaptation, reform and conservation of first generation highways \u2013 A-4 highway. Section: provincial border of Ja\u00e9n-C\u00f3rdoba and provincial border of C\u00f3rdoba-Seville<\/h4>\r\n            <h3>Services<\/h3>\r\n            <p>\r\n                <span class=\"titulo\">Client:<\/span> \r\n                <span>INECO, INGENIER\u00cdA Y ECONOM\u00cdA DEL TRANSPORTE S.M.E. M.P. S.A.<\/span>\r\n            <\/p>\r\n            <p>\r\n                <span class=\"titulo\">Location:<\/span> \r\n                <span>C\u00f3rdoba, Spain<\/span>\r\n            <\/p>\r\n            <p>\r\n                <span class=\"titulo\">Activity:<\/span> \r\n                <span>Roads<\/span>\r\n            <\/p>\r\n            <p>\r\n                <span class=\"titulo\">Work investment:<\/span> \r\n                <span>&#8211;<\/span>\r\n            <\/p>\r\n            <p>\r\n                <span class=\"titulo\">Study investment:<\/span> \r\n                <span>44.095,10 \u20ac<\/span>\r\n            <\/p>\r\n            <p>\r\n                <span class=\"titulo\">Period:<\/span> \r\n                <span>2017-2018<\/span>\r\n            <\/p>\r\n        <\/div>\r\n        <h3 class=\"rojo\">The South upgrades its connection with Madrid<\/h3>\r\n        <p>The project includes several actions in the A-4 highway, along the existing section between km points 347+550 and 435+500, with an approximate length of 88 km.<\/p>\r\n        <p>The \u00abAutov\u00eda del Sur\u00bb or A-4 highway is part of the European highway E05 and is the main route between the center and the south of the Iberian Peninsula . It connects the cities of Madrid, C\u00f3rdoba, Seville and C\u00e1diz, among others, and was built at the end of the 80s. Although it has relatively broad general design parameters, it was built in a very different time from the present, under very different criteria and regulations than those in force today. <\/p>\r\n        <p>Therefore, in order to extend its functionality during future years, there is a need for a general review and analysis of possible aspects that should be improved and adapted to the current needs, in terms of adaptation to regulations, service levels, general functionality and the economic assessment that all this implies.<\/p>\r\n        <p>After the review, the need for two types of interventions was concluded, which include the modification of the current route of the A-4, either in plan or elevation, and others that affect roads connected to the motorway trunk itself. The latter interventions focus on the adaptation of link branches to current regulations, the creation of collecting or service roads, the removal of link intersections and their replacement by roundabouts, the extension of the highway platform with braided lanes between links, etc.<\/p>\r\n    <\/article>\r\n<\/section>","protected":false},"excerpt":{"rendered":"Our projects Transport Infrastructure &#8211; Roads Updating of preliminary drafts for the adaptation, reform and conservation of first generation highways \u2013 A-4 highway. Section: provincial border of Ja\u00e9n-C\u00f3rdoba and provincial border of C\u00f3rdoba-Seville Services Client: INECO, INGENIER\u00cdA Y ECONOM\u00cdA DEL TRANSPORTE S.M.E. M.P. S.A. Location: C\u00f3rdoba, Spain Activity: Roads Work investment: &#8211; Study investment: 44.095,10 [&hellip;]","protected":false},"author":2,"featured_media":0,"parent":0,"menu_order":0,"comment_status":"closed","ping_status":"closed","template":"","meta":{"footnotes":""},"class_list":["post-792","page","type-page","status-publish","hentry"],"yoast_head":"<!-- This site is optimized with the Yoast SEO plugin v26.8 - https:\/\/yoast.com\/product\/yoast-seo-wordpress\/ -->\n<title>The South upgrades its connection with Madrid - Urci Consultores<\/title>\n<meta name=\"robots\" content=\"index, follow, max-snippet:-1, max-image-preview:large, max-video-preview:-1\" \/>\n<link rel=\"canonical\" href=\"https:\/\/urciconsultores.com\/en\/the-south-upgrades-its-connection-with-madrid\/\" \/>\n<meta property=\"og:locale\" content=\"es_ES\" \/>\n<meta property=\"og:type\" content=\"article\" \/>\n<meta property=\"og:title\" content=\"The South upgrades its connection with Madrid - Urci Consultores\" \/>\n<meta property=\"og:description\" content=\"Our projects Transport Infrastructure &#8211; Roads Updating of preliminary drafts for the adaptation, reform and conservation of first generation highways \u2013 A-4 highway. Section: provincial border of Ja\u00e9n-C\u00f3rdoba and provincial border of C\u00f3rdoba-Seville Services Client: INECO, INGENIER\u00cdA Y ECONOM\u00cdA DEL TRANSPORTE S.M.E. M.P. S.A. Location: C\u00f3rdoba, Spain Activity: Roads Work investment: &#8211; Study investment: 44.095,10 [&hellip;]\" \/>\n<meta property=\"og:url\" content=\"https:\/\/urciconsultores.com\/en\/the-south-upgrades-its-connection-with-madrid\/\" \/>\n<meta property=\"og:site_name\" content=\"Urci Consultores\" \/>\n<meta property=\"article:modified_time\" content=\"2020-08-26T10:21:07+00:00\" \/>\n<meta property=\"og:image\" content=\"https:\/\/urciconsultores.com\/en\/wp-content\/uploads\/intro-fichaproyecto-actualizacion-de-anteproyectos-de-adecuacion-a-4.jpg\" \/>\n<meta name=\"twitter:card\" content=\"summary_large_image\" \/>\n<meta name=\"twitter:label1\" content=\"Tiempo de lectura\" \/>\n\t<meta name=\"twitter:data1\" content=\"2 minutos\" \/>\n<script type=\"application\/ld+json\" class=\"yoast-schema-graph\">{\"@context\":\"https:\/\/schema.org\",\"@graph\":[{\"@type\":\"WebPage\",\"@id\":\"https:\/\/urciconsultores.com\/en\/the-south-upgrades-its-connection-with-madrid\/\",\"url\":\"https:\/\/urciconsultores.com\/en\/the-south-upgrades-its-connection-with-madrid\/\",\"name\":\"The South upgrades its connection with Madrid - Urci Consultores\",\"isPartOf\":{\"@id\":\"https:\/\/urciconsultores.com\/en\/#website\"},\"primaryImageOfPage\":{\"@id\":\"https:\/\/urciconsultores.com\/en\/the-south-upgrades-its-connection-with-madrid\/#primaryimage\"},\"image\":{\"@id\":\"https:\/\/urciconsultores.com\/en\/the-south-upgrades-its-connection-with-madrid\/#primaryimage\"},\"thumbnailUrl\":\"https:\/\/urciconsultores.com\/en\/wp-content\/uploads\/intro-fichaproyecto-actualizacion-de-anteproyectos-de-adecuacion-a-4.jpg\",\"datePublished\":\"2020-07-22T11:09:19+00:00\",\"dateModified\":\"2020-08-26T10:21:07+00:00\",\"breadcrumb\":{\"@id\":\"https:\/\/urciconsultores.com\/en\/the-south-upgrades-its-connection-with-madrid\/#breadcrumb\"},\"inLanguage\":\"es\",\"potentialAction\":[{\"@type\":\"ReadAction\",\"target\":[\"https:\/\/urciconsultores.com\/en\/the-south-upgrades-its-connection-with-madrid\/\"]}]},{\"@type\":\"ImageObject\",\"inLanguage\":\"es\",\"@id\":\"https:\/\/urciconsultores.com\/en\/the-south-upgrades-its-connection-with-madrid\/#primaryimage\",\"url\":\"https:\/\/urciconsultores.com\/en\/wp-content\/uploads\/intro-fichaproyecto-actualizacion-de-anteproyectos-de-adecuacion-a-4.jpg\",\"contentUrl\":\"https:\/\/urciconsultores.com\/en\/wp-content\/uploads\/intro-fichaproyecto-actualizacion-de-anteproyectos-de-adecuacion-a-4.jpg\"},{\"@type\":\"BreadcrumbList\",\"@id\":\"https:\/\/urciconsultores.com\/en\/the-south-upgrades-its-connection-with-madrid\/#breadcrumb\",\"itemListElement\":[{\"@type\":\"ListItem\",\"position\":1,\"name\":\"Portada\",\"item\":\"https:\/\/urciconsultores.com\/en\/\"},{\"@type\":\"ListItem\",\"position\":2,\"name\":\"The South upgrades its connection with Madrid\"}]},{\"@type\":\"WebSite\",\"@id\":\"https:\/\/urciconsultores.com\/en\/#website\",\"url\":\"https:\/\/urciconsultores.com\/en\/\",\"name\":\"Urci Consultores\",\"description\":\"Urci Consultores\",\"potentialAction\":[{\"@type\":\"SearchAction\",\"target\":{\"@type\":\"EntryPoint\",\"urlTemplate\":\"https:\/\/urciconsultores.com\/en\/?s={search_term_string}\"},\"query-input\":{\"@type\":\"PropertyValueSpecification\",\"valueRequired\":true,\"valueName\":\"search_term_string\"}}],\"inLanguage\":\"es\"}]}<\/script>\n<!-- \/ Yoast SEO plugin. -->","yoast_head_json":{"title":"The South upgrades its connection with Madrid - Urci Consultores","robots":{"index":"index","follow":"follow","max-snippet":"max-snippet:-1","max-image-preview":"max-image-preview:large","max-video-preview":"max-video-preview:-1"},"canonical":"https:\/\/urciconsultores.com\/en\/the-south-upgrades-its-connection-with-madrid\/","og_locale":"es_ES","og_type":"article","og_title":"The South upgrades its connection with Madrid - Urci Consultores","og_description":"Our projects Transport Infrastructure &#8211; Roads Updating of preliminary drafts for the adaptation, reform and conservation of first generation highways \u2013 A-4 highway. Section: provincial border of Ja\u00e9n-C\u00f3rdoba and provincial border of C\u00f3rdoba-Seville Services Client: INECO, INGENIER\u00cdA Y ECONOM\u00cdA DEL TRANSPORTE S.M.E. M.P. S.A. Location: C\u00f3rdoba, Spain Activity: Roads Work investment: &#8211; Study investment: 44.095,10 [&hellip;]","og_url":"https:\/\/urciconsultores.com\/en\/the-south-upgrades-its-connection-with-madrid\/","og_site_name":"Urci Consultores","article_modified_time":"2020-08-26T10:21:07+00:00","og_image":[{"url":"https:\/\/urciconsultores.com\/en\/wp-content\/uploads\/intro-fichaproyecto-actualizacion-de-anteproyectos-de-adecuacion-a-4.jpg","type":"","width":"","height":""}],"twitter_card":"summary_large_image","twitter_misc":{"Tiempo de lectura":"2 minutos"},"schema":{"@context":"https:\/\/schema.org","@graph":[{"@type":"WebPage","@id":"https:\/\/urciconsultores.com\/en\/the-south-upgrades-its-connection-with-madrid\/","url":"https:\/\/urciconsultores.com\/en\/the-south-upgrades-its-connection-with-madrid\/","name":"The South upgrades its connection with Madrid - Urci Consultores","isPartOf":{"@id":"https:\/\/urciconsultores.com\/en\/#website"},"primaryImageOfPage":{"@id":"https:\/\/urciconsultores.com\/en\/the-south-upgrades-its-connection-with-madrid\/#primaryimage"},"image":{"@id":"https:\/\/urciconsultores.com\/en\/the-south-upgrades-its-connection-with-madrid\/#primaryimage"},"thumbnailUrl":"https:\/\/urciconsultores.com\/en\/wp-content\/uploads\/intro-fichaproyecto-actualizacion-de-anteproyectos-de-adecuacion-a-4.jpg","datePublished":"2020-07-22T11:09:19+00:00","dateModified":"2020-08-26T10:21:07+00:00","breadcrumb":{"@id":"https:\/\/urciconsultores.com\/en\/the-south-upgrades-its-connection-with-madrid\/#breadcrumb"},"inLanguage":"es","potentialAction":[{"@type":"ReadAction","target":["https:\/\/urciconsultores.com\/en\/the-south-upgrades-its-connection-with-madrid\/"]}]},{"@type":"ImageObject","inLanguage":"es","@id":"https:\/\/urciconsultores.com\/en\/the-south-upgrades-its-connection-with-madrid\/#primaryimage","url":"https:\/\/urciconsultores.com\/en\/wp-content\/uploads\/intro-fichaproyecto-actualizacion-de-anteproyectos-de-adecuacion-a-4.jpg","contentUrl":"https:\/\/urciconsultores.com\/en\/wp-content\/uploads\/intro-fichaproyecto-actualizacion-de-anteproyectos-de-adecuacion-a-4.jpg"},{"@type":"BreadcrumbList","@id":"https:\/\/urciconsultores.com\/en\/the-south-upgrades-its-connection-with-madrid\/#breadcrumb","itemListElement":[{"@type":"ListItem","position":1,"name":"Portada","item":"https:\/\/urciconsultores.com\/en\/"},{"@type":"ListItem","position":2,"name":"The South upgrades its connection with Madrid"}]},{"@type":"WebSite","@id":"https:\/\/urciconsultores.com\/en\/#website","url":"https:\/\/urciconsultores.com\/en\/","name":"Urci Consultores","description":"Urci Consultores","potentialAction":[{"@type":"SearchAction","target":{"@type":"EntryPoint","urlTemplate":"https:\/\/urciconsultores.com\/en\/?s={search_term_string}"},"query-input":{"@type":"PropertyValueSpecification","valueRequired":true,"valueName":"search_term_string"}}],"inLanguage":"es"}]}},"_links":{"self":[{"href":"https:\/\/urciconsultores.com\/en\/wp-json\/wp\/v2\/pages\/792","targetHints":{"allow":["GET"]}}],"collection":[{"href":"https:\/\/urciconsultores.com\/en\/wp-json\/wp\/v2\/pages"}],"about":[{"href":"https:\/\/urciconsultores.com\/en\/wp-json\/wp\/v2\/types\/page"}],"author":[{"embeddable":true,"href":"https:\/\/urciconsultores.com\/en\/wp-json\/wp\/v2\/users\/2"}],"replies":[{"embeddable":true,"href":"https:\/\/urciconsultores.com\/en\/wp-json\/wp\/v2\/comments?post=792"}],"version-history":[{"count":6,"href":"https:\/\/urciconsultores.com\/en\/wp-json\/wp\/v2\/pages\/792\/revisions"}],"predecessor-version":[{"id":1283,"href":"https:\/\/urciconsultores.com\/en\/wp-json\/wp\/v2\/pages\/792\/revisions\/1283"}],"wp:attachment":[{"href":"https:\/\/urciconsultores.com\/en\/wp-json\/wp\/v2\/media?parent=792"}],"curies":[{"name":"wp","href":"https:\/\/api.w.org\/{rel}","templated":true}]}}