{"id":849,"date":"2020-07-23T09:08:22","date_gmt":"2020-07-23T09:08:22","guid":{"rendered":"http:\/\/urciconsultores.com\/en\/?page_id=849"},"modified":"2020-08-26T11:14:17","modified_gmt":"2020-08-26T11:14:17","slug":"boosting-tourism-in-honduras","status":"publish","type":"page","link":"https:\/\/urciconsultores.com\/en\/boosting-tourism-in-honduras\/","title":{"rendered":"Boosting Tourism in Honduras"},"content":{"rendered":"<section class=\"cabecera-interior proyectos\">\r\n    <article class=\"cuerpo\">\r\n        <h1>Our projects<\/h1>\r\n    <\/article>\r\n<\/section>\r\n<section class=\"intro-fichaproyecto\">\r\n    <article class=\"cuerpo\">\r\n        <div class=\"img-izq\"><img decoding=\"async\" src=\"https:\/\/urciconsultores.com\/en\/wp-content\/uploads\/intro-fichaproyecto-potenciando-el-turismo-en-honduras.jpg\"><\/div>\r\n        <div class=\"texto-der\">\r\n            <h3>Transport Infrastructure  &#8211; Roads<\/h3>\r\n            <h4 class=\"azul\">Studies and Designs for the Rehabilitation and Improvement of Highway CA-13: Lot A: La Ceiba (Entrance of the Saop\u00edn Bridge over the Cangrejal River, Station 190+790) to the Exit of the Bridge over the Tomal\u00e1 River (Station 230+790), in the Department of Atl\u00e1ntida, L = 40.00 km<\/h4>\r\n            <h3>Services<\/h3>\r\n            <p>\r\n                <span class=\"titulo\">Client:<\/span> \r\n                <span>INVEST HONDURAS<\/span>\r\n            <\/p>\r\n            <p>\r\n                <span class=\"titulo\">Location:<\/span> \r\n                <span>Department of Atl\u00e1ntida, Honduras<\/span>\r\n            <\/p>\r\n            <p>\r\n                <span class=\"titulo\">Activity:<\/span> \r\n                <span>Roads<\/span>\r\n            <\/p>\r\n            <p>\r\n                <span class=\"titulo\">Work investment:<\/span> \r\n                <span>USD 56.95 M<\/span>\r\n            <\/p>\r\n            <p>\r\n                <span class=\"titulo\">Study investment:<\/span> \r\n                <span>&#8211;<\/span>\r\n            <\/p>\r\n            <p>\r\n                <span class=\"titulo\">Period:<\/span> \r\n                <span>2018-2020<\/span>\r\n            <\/p>\r\n        <\/div>\r\n        <h3 class=\"rojo\">Boosting Tourism in Honduras<\/h3>\r\n        <p>The project consists of the rehabilitation and improvement of the CA-13 road from La Ceiba, including the bridge over the Cangrejal river up to the bridge over the Tomal\u00e1 river, with a length of 40 km, this section corresponding to Lot A.<\/p>\r\n        <p>The project is located in the department of Atl\u00e1ntida and will boost one of the main tourist corridors in Honduras, increasing the capacity of the road in the urban area of La Ceiba by implementing two lanes in each direction and building a new bridge over the Cangrejal river, 292 m long, which will replace the current bridge (see image), badly damaged by Hurricane Mitch in 1998 and by an episode of heavy rain in 2006.<\/p>\r\n        <p>Also planned is the complete renovation of the road&#8217;s pavement, which is currently very deteriorated, and the extension of the standard section, providing 1.80 m wide shoulders, which are not currently present in many sections.<\/p>\r\n        <p>The project is completed with the improvement of the route and intersections, the adaptation of the road drainage system taking into account the requirements of climate change, signposting and safety barriers and lighting of the urban section of La Ceiba over a stretch of more than 4 km.<\/p>\r\n    <\/article>\r\n<\/section>","protected":false},"excerpt":{"rendered":"Our projects Transport Infrastructure &#8211; Roads Studies and Designs for the Rehabilitation and Improvement of Highway CA-13: Lot A: La Ceiba (Entrance of the Saop\u00edn Bridge over the Cangrejal River, Station 190+790) to the Exit of the Bridge over the Tomal\u00e1 River (Station 230+790), in the Department of Atl\u00e1ntida, L = 40.00 km Services Client: [&hellip;]","protected":false},"author":2,"featured_media":0,"parent":0,"menu_order":0,"comment_status":"closed","ping_status":"closed","template":"","meta":{"footnotes":""},"class_list":["post-849","page","type-page","status-publish","hentry"],"yoast_head":"<!-- This site is optimized with the Yoast SEO plugin v26.8 - https:\/\/yoast.com\/product\/yoast-seo-wordpress\/ -->\n<title>Boosting Tourism in Honduras - Urci Consultores<\/title>\n<meta name=\"robots\" content=\"index, follow, max-snippet:-1, max-image-preview:large, max-video-preview:-1\" \/>\n<link rel=\"canonical\" href=\"https:\/\/urciconsultores.com\/en\/boosting-tourism-in-honduras\/\" \/>\n<meta property=\"og:locale\" content=\"es_ES\" \/>\n<meta property=\"og:type\" content=\"article\" \/>\n<meta property=\"og:title\" content=\"Boosting Tourism in Honduras - Urci Consultores\" \/>\n<meta property=\"og:description\" content=\"Our projects Transport Infrastructure &#8211; Roads Studies and Designs for the Rehabilitation and Improvement of Highway CA-13: Lot A: La Ceiba (Entrance of the Saop\u00edn Bridge over the Cangrejal River, Station 190+790) to the Exit of the Bridge over the Tomal\u00e1 River (Station 230+790), in the Department of Atl\u00e1ntida, L = 40.00 km Services Client: [&hellip;]\" \/>\n<meta property=\"og:url\" content=\"https:\/\/urciconsultores.com\/en\/boosting-tourism-in-honduras\/\" \/>\n<meta property=\"og:site_name\" content=\"Urci Consultores\" \/>\n<meta property=\"article:modified_time\" content=\"2020-08-26T11:14:17+00:00\" \/>\n<meta property=\"og:image\" content=\"https:\/\/urciconsultores.com\/en\/wp-content\/uploads\/intro-fichaproyecto-potenciando-el-turismo-en-honduras.jpg\" \/>\n<meta name=\"twitter:card\" content=\"summary_large_image\" \/>\n<meta name=\"twitter:label1\" content=\"Tiempo de lectura\" \/>\n\t<meta name=\"twitter:data1\" content=\"1 minuto\" \/>\n<script type=\"application\/ld+json\" class=\"yoast-schema-graph\">{\"@context\":\"https:\/\/schema.org\",\"@graph\":[{\"@type\":\"WebPage\",\"@id\":\"https:\/\/urciconsultores.com\/en\/boosting-tourism-in-honduras\/\",\"url\":\"https:\/\/urciconsultores.com\/en\/boosting-tourism-in-honduras\/\",\"name\":\"Boosting Tourism in Honduras - Urci Consultores\",\"isPartOf\":{\"@id\":\"https:\/\/urciconsultores.com\/en\/#website\"},\"primaryImageOfPage\":{\"@id\":\"https:\/\/urciconsultores.com\/en\/boosting-tourism-in-honduras\/#primaryimage\"},\"image\":{\"@id\":\"https:\/\/urciconsultores.com\/en\/boosting-tourism-in-honduras\/#primaryimage\"},\"thumbnailUrl\":\"https:\/\/urciconsultores.com\/en\/wp-content\/uploads\/intro-fichaproyecto-potenciando-el-turismo-en-honduras.jpg\",\"datePublished\":\"2020-07-23T09:08:22+00:00\",\"dateModified\":\"2020-08-26T11:14:17+00:00\",\"breadcrumb\":{\"@id\":\"https:\/\/urciconsultores.com\/en\/boosting-tourism-in-honduras\/#breadcrumb\"},\"inLanguage\":\"es\",\"potentialAction\":[{\"@type\":\"ReadAction\",\"target\":[\"https:\/\/urciconsultores.com\/en\/boosting-tourism-in-honduras\/\"]}]},{\"@type\":\"ImageObject\",\"inLanguage\":\"es\",\"@id\":\"https:\/\/urciconsultores.com\/en\/boosting-tourism-in-honduras\/#primaryimage\",\"url\":\"https:\/\/urciconsultores.com\/en\/wp-content\/uploads\/intro-fichaproyecto-potenciando-el-turismo-en-honduras.jpg\",\"contentUrl\":\"https:\/\/urciconsultores.com\/en\/wp-content\/uploads\/intro-fichaproyecto-potenciando-el-turismo-en-honduras.jpg\"},{\"@type\":\"BreadcrumbList\",\"@id\":\"https:\/\/urciconsultores.com\/en\/boosting-tourism-in-honduras\/#breadcrumb\",\"itemListElement\":[{\"@type\":\"ListItem\",\"position\":1,\"name\":\"Portada\",\"item\":\"https:\/\/urciconsultores.com\/en\/\"},{\"@type\":\"ListItem\",\"position\":2,\"name\":\"Boosting Tourism in Honduras\"}]},{\"@type\":\"WebSite\",\"@id\":\"https:\/\/urciconsultores.com\/en\/#website\",\"url\":\"https:\/\/urciconsultores.com\/en\/\",\"name\":\"Urci Consultores\",\"description\":\"Urci Consultores\",\"potentialAction\":[{\"@type\":\"SearchAction\",\"target\":{\"@type\":\"EntryPoint\",\"urlTemplate\":\"https:\/\/urciconsultores.com\/en\/?s={search_term_string}\"},\"query-input\":{\"@type\":\"PropertyValueSpecification\",\"valueRequired\":true,\"valueName\":\"search_term_string\"}}],\"inLanguage\":\"es\"}]}<\/script>\n<!-- \/ Yoast SEO plugin. -->","yoast_head_json":{"title":"Boosting Tourism in Honduras - Urci Consultores","robots":{"index":"index","follow":"follow","max-snippet":"max-snippet:-1","max-image-preview":"max-image-preview:large","max-video-preview":"max-video-preview:-1"},"canonical":"https:\/\/urciconsultores.com\/en\/boosting-tourism-in-honduras\/","og_locale":"es_ES","og_type":"article","og_title":"Boosting Tourism in Honduras - Urci Consultores","og_description":"Our projects Transport Infrastructure &#8211; Roads Studies and Designs for the Rehabilitation and Improvement of Highway CA-13: Lot A: La Ceiba (Entrance of the Saop\u00edn Bridge over the Cangrejal River, Station 190+790) to the Exit of the Bridge over the Tomal\u00e1 River (Station 230+790), in the Department of Atl\u00e1ntida, L = 40.00 km Services Client: [&hellip;]","og_url":"https:\/\/urciconsultores.com\/en\/boosting-tourism-in-honduras\/","og_site_name":"Urci Consultores","article_modified_time":"2020-08-26T11:14:17+00:00","og_image":[{"url":"https:\/\/urciconsultores.com\/en\/wp-content\/uploads\/intro-fichaproyecto-potenciando-el-turismo-en-honduras.jpg","type":"","width":"","height":""}],"twitter_card":"summary_large_image","twitter_misc":{"Tiempo de lectura":"1 minuto"},"schema":{"@context":"https:\/\/schema.org","@graph":[{"@type":"WebPage","@id":"https:\/\/urciconsultores.com\/en\/boosting-tourism-in-honduras\/","url":"https:\/\/urciconsultores.com\/en\/boosting-tourism-in-honduras\/","name":"Boosting Tourism in Honduras - Urci Consultores","isPartOf":{"@id":"https:\/\/urciconsultores.com\/en\/#website"},"primaryImageOfPage":{"@id":"https:\/\/urciconsultores.com\/en\/boosting-tourism-in-honduras\/#primaryimage"},"image":{"@id":"https:\/\/urciconsultores.com\/en\/boosting-tourism-in-honduras\/#primaryimage"},"thumbnailUrl":"https:\/\/urciconsultores.com\/en\/wp-content\/uploads\/intro-fichaproyecto-potenciando-el-turismo-en-honduras.jpg","datePublished":"2020-07-23T09:08:22+00:00","dateModified":"2020-08-26T11:14:17+00:00","breadcrumb":{"@id":"https:\/\/urciconsultores.com\/en\/boosting-tourism-in-honduras\/#breadcrumb"},"inLanguage":"es","potentialAction":[{"@type":"ReadAction","target":["https:\/\/urciconsultores.com\/en\/boosting-tourism-in-honduras\/"]}]},{"@type":"ImageObject","inLanguage":"es","@id":"https:\/\/urciconsultores.com\/en\/boosting-tourism-in-honduras\/#primaryimage","url":"https:\/\/urciconsultores.com\/en\/wp-content\/uploads\/intro-fichaproyecto-potenciando-el-turismo-en-honduras.jpg","contentUrl":"https:\/\/urciconsultores.com\/en\/wp-content\/uploads\/intro-fichaproyecto-potenciando-el-turismo-en-honduras.jpg"},{"@type":"BreadcrumbList","@id":"https:\/\/urciconsultores.com\/en\/boosting-tourism-in-honduras\/#breadcrumb","itemListElement":[{"@type":"ListItem","position":1,"name":"Portada","item":"https:\/\/urciconsultores.com\/en\/"},{"@type":"ListItem","position":2,"name":"Boosting Tourism in Honduras"}]},{"@type":"WebSite","@id":"https:\/\/urciconsultores.com\/en\/#website","url":"https:\/\/urciconsultores.com\/en\/","name":"Urci Consultores","description":"Urci Consultores","potentialAction":[{"@type":"SearchAction","target":{"@type":"EntryPoint","urlTemplate":"https:\/\/urciconsultores.com\/en\/?s={search_term_string}"},"query-input":{"@type":"PropertyValueSpecification","valueRequired":true,"valueName":"search_term_string"}}],"inLanguage":"es"}]}},"_links":{"self":[{"href":"https:\/\/urciconsultores.com\/en\/wp-json\/wp\/v2\/pages\/849","targetHints":{"allow":["GET"]}}],"collection":[{"href":"https:\/\/urciconsultores.com\/en\/wp-json\/wp\/v2\/pages"}],"about":[{"href":"https:\/\/urciconsultores.com\/en\/wp-json\/wp\/v2\/types\/page"}],"author":[{"embeddable":true,"href":"https:\/\/urciconsultores.com\/en\/wp-json\/wp\/v2\/users\/2"}],"replies":[{"embeddable":true,"href":"https:\/\/urciconsultores.com\/en\/wp-json\/wp\/v2\/comments?post=849"}],"version-history":[{"count":7,"href":"https:\/\/urciconsultores.com\/en\/wp-json\/wp\/v2\/pages\/849\/revisions"}],"predecessor-version":[{"id":1304,"href":"https:\/\/urciconsultores.com\/en\/wp-json\/wp\/v2\/pages\/849\/revisions\/1304"}],"wp:attachment":[{"href":"https:\/\/urciconsultores.com\/en\/wp-json\/wp\/v2\/media?parent=849"}],"curies":[{"name":"wp","href":"https:\/\/api.w.org\/{rel}","templated":true}]}}