{"id":874,"date":"2020-07-23T09:43:32","date_gmt":"2020-07-23T09:43:32","guid":{"rendered":"http:\/\/urciconsultores.com\/en\/?page_id=874"},"modified":"2020-08-27T08:34:52","modified_gmt":"2020-08-27T08:34:52","slug":"the-new-desalination-plant-solves-the-water-shortage-in-eastern-almeria","status":"publish","type":"page","link":"https:\/\/urciconsultores.com\/en\/the-new-desalination-plant-solves-the-water-shortage-in-eastern-almeria\/","title":{"rendered":"The new desalination plant solves the water shortage in Eastern Almer\u00eda"},"content":{"rendered":"<section class=\"cabecera-interior proyectos\">\r\n    <article class=\"cuerpo\">\r\n        <h1>Our projects<\/h1>\r\n    <\/article>\r\n<\/section>\r\n<section class=\"intro-fichaproyecto\">\r\n    <article class=\"cuerpo\">\r\n        <div class=\"img-izq\"><img decoding=\"async\" src=\"https:\/\/urciconsultores.com\/en\/wp-content\/uploads\/intro-fichaproyecto-planta-desaladora-del-bajo-almanzora.jpg\"><\/div>\r\n        <div class=\"texto-der\">\r\n            <h3>Water and environment &#8211; Water supply, sanitation and treatment<\/h3>\r\n            <h4 class=\"azul\">Site management for the new desalination plant in Bajo Almanzora (Almer\u00eda)<\/h4>\r\n            <h3>Services<\/h3>\r\n            <p>\r\n                <span class=\"titulo\">Client:<\/span> \r\n                <span>Aguas de las Cuencas Mediterr\u00e1neas S.A.<\/span>\r\n            <\/p>\r\n            <p>\r\n                <span class=\"titulo\">Location:<\/span> \r\n                <span>Almer\u00eda<\/span>\r\n            <\/p>\r\n            <p>\r\n                <span class=\"titulo\">Activity:<\/span> \r\n                <span>Hydraulic works<\/span>\r\n            <\/p>\r\n            <p>\r\n                <span class=\"titulo\">Work investment:<\/span> \r\n                <span>62.920.542,47 \u20ac<\/span>\r\n            <\/p>\r\n            <p>\r\n                <span class=\"titulo\">Period:<\/span> \r\n                <span>2006-2011<\/span>\r\n            <\/p>\r\n            <p>\r\n                <span class=\"pdf\"><a href=\"https:\/\/urciconsultores.com\/pdf\/planta-desaladora-del-bajo-almanzora.pdf\" target=\"_blank\" rel=\"noopener noreferrer\"><img decoding=\"async\" src=\"https:\/\/urciconsultores.com\/en\/wp-content\/uploads\/intro-fichaproyecto-pdf.png\">Download complete file [+]<\/a><\/span>\r\n            <\/p>\r\n        <\/div>\r\n        <h3 class=\"rojo\">The new desalination plant solves the water shortage in Eastern Almer\u00eda<\/h3>\r\n        <p>This is a project that was declared of general interest and as such was included in the Law 10\/2001, July 5th, of the National Hydrological Plan. This new desalination plant is part of the water supply system for agriculture and human consumption for Eastern Almer\u00eda and is connected to it through the piping that will connect Carboneras and Cuevas del Almanzora. <\/p>\r\n        <p>The desalination system is based on a reverse osmosis technology and includes a versatile facility that enables adaptation to the demand, modulation and ease of future expansion. <\/p>\r\n        <p>The plant is designed to produce 60,000 m3\/day of desalinated water through four 15,000 m3\/day treatment lines. Therefore, it is necessary to have a total supply of 135,462 m3\/day. For this, the planning and development includes the building of six wells with capacity to feed an osmosis line (33,400 m3\/day), an underwater inlet made of polyethylene with a diameter of 1,400 mm parallel to the brine discharge outlet, an underground pumping tank equipped with four pumps to supply sea water into the process and an additional pump to dilute the brine in accordance to the Environmental Impact Statement (EIS).<\/p>\r\n        <p>The brine discharge is carried out by an underwater outlet with a diameter of 1,000 mm at -25 level. The water produced for human consumption is stored in two semi-buried tanks of 12,000 and 24,000 m3, and a reservoir of 48,000 m3 for irrigation.<\/p>\r\n    <\/article>\r\n<\/section>","protected":false},"excerpt":{"rendered":"Our projects Water and environment &#8211; Water supply, sanitation and treatment Site management for the new desalination plant in Bajo Almanzora (Almer\u00eda) Services Client: Aguas de las Cuencas Mediterr\u00e1neas S.A. Location: Almer\u00eda Activity: Hydraulic works Work investment: 62.920.542,47 \u20ac Period: 2006-2011 Download complete file [+] The new desalination plant solves the water shortage in Eastern [&hellip;]","protected":false},"author":2,"featured_media":0,"parent":0,"menu_order":0,"comment_status":"closed","ping_status":"closed","template":"","meta":{"footnotes":""},"class_list":["post-874","page","type-page","status-publish","hentry"],"yoast_head":"<!-- This site is optimized with the Yoast SEO plugin v26.8 - https:\/\/yoast.com\/product\/yoast-seo-wordpress\/ -->\n<title>The new desalination plant solves the water shortage in Eastern Almer\u00eda - Urci Consultores<\/title>\n<meta name=\"robots\" content=\"index, follow, max-snippet:-1, max-image-preview:large, max-video-preview:-1\" \/>\n<link rel=\"canonical\" href=\"https:\/\/urciconsultores.com\/en\/the-new-desalination-plant-solves-the-water-shortage-in-eastern-almeria\/\" \/>\n<meta property=\"og:locale\" content=\"es_ES\" \/>\n<meta property=\"og:type\" content=\"article\" \/>\n<meta property=\"og:title\" content=\"The new desalination plant solves the water shortage in Eastern Almer\u00eda - Urci Consultores\" \/>\n<meta property=\"og:description\" content=\"Our projects Water and environment &#8211; Water supply, sanitation and treatment Site management for the new desalination plant in Bajo Almanzora (Almer\u00eda) Services Client: Aguas de las Cuencas Mediterr\u00e1neas S.A. Location: Almer\u00eda Activity: Hydraulic works Work investment: 62.920.542,47 \u20ac Period: 2006-2011 Download complete file [+] The new desalination plant solves the water shortage in Eastern [&hellip;]\" \/>\n<meta property=\"og:url\" content=\"https:\/\/urciconsultores.com\/en\/the-new-desalination-plant-solves-the-water-shortage-in-eastern-almeria\/\" \/>\n<meta property=\"og:site_name\" content=\"Urci Consultores\" \/>\n<meta property=\"article:modified_time\" content=\"2020-08-27T08:34:52+00:00\" \/>\n<meta property=\"og:image\" content=\"https:\/\/urciconsultores.com\/en\/wp-content\/uploads\/intro-fichaproyecto-planta-desaladora-del-bajo-almanzora.jpg\" \/>\n<meta name=\"twitter:card\" content=\"summary_large_image\" \/>\n<meta name=\"twitter:label1\" content=\"Tiempo de lectura\" \/>\n\t<meta name=\"twitter:data1\" content=\"1 minuto\" \/>\n<script type=\"application\/ld+json\" class=\"yoast-schema-graph\">{\"@context\":\"https:\/\/schema.org\",\"@graph\":[{\"@type\":\"WebPage\",\"@id\":\"https:\/\/urciconsultores.com\/en\/the-new-desalination-plant-solves-the-water-shortage-in-eastern-almeria\/\",\"url\":\"https:\/\/urciconsultores.com\/en\/the-new-desalination-plant-solves-the-water-shortage-in-eastern-almeria\/\",\"name\":\"The new desalination plant solves the water shortage in Eastern Almer\u00eda - Urci Consultores\",\"isPartOf\":{\"@id\":\"https:\/\/urciconsultores.com\/en\/#website\"},\"primaryImageOfPage\":{\"@id\":\"https:\/\/urciconsultores.com\/en\/the-new-desalination-plant-solves-the-water-shortage-in-eastern-almeria\/#primaryimage\"},\"image\":{\"@id\":\"https:\/\/urciconsultores.com\/en\/the-new-desalination-plant-solves-the-water-shortage-in-eastern-almeria\/#primaryimage\"},\"thumbnailUrl\":\"https:\/\/urciconsultores.com\/en\/wp-content\/uploads\/intro-fichaproyecto-planta-desaladora-del-bajo-almanzora.jpg\",\"datePublished\":\"2020-07-23T09:43:32+00:00\",\"dateModified\":\"2020-08-27T08:34:52+00:00\",\"breadcrumb\":{\"@id\":\"https:\/\/urciconsultores.com\/en\/the-new-desalination-plant-solves-the-water-shortage-in-eastern-almeria\/#breadcrumb\"},\"inLanguage\":\"es\",\"potentialAction\":[{\"@type\":\"ReadAction\",\"target\":[\"https:\/\/urciconsultores.com\/en\/the-new-desalination-plant-solves-the-water-shortage-in-eastern-almeria\/\"]}]},{\"@type\":\"ImageObject\",\"inLanguage\":\"es\",\"@id\":\"https:\/\/urciconsultores.com\/en\/the-new-desalination-plant-solves-the-water-shortage-in-eastern-almeria\/#primaryimage\",\"url\":\"https:\/\/urciconsultores.com\/en\/wp-content\/uploads\/intro-fichaproyecto-planta-desaladora-del-bajo-almanzora.jpg\",\"contentUrl\":\"https:\/\/urciconsultores.com\/en\/wp-content\/uploads\/intro-fichaproyecto-planta-desaladora-del-bajo-almanzora.jpg\"},{\"@type\":\"BreadcrumbList\",\"@id\":\"https:\/\/urciconsultores.com\/en\/the-new-desalination-plant-solves-the-water-shortage-in-eastern-almeria\/#breadcrumb\",\"itemListElement\":[{\"@type\":\"ListItem\",\"position\":1,\"name\":\"Portada\",\"item\":\"https:\/\/urciconsultores.com\/en\/\"},{\"@type\":\"ListItem\",\"position\":2,\"name\":\"The new desalination plant solves the water shortage in Eastern Almer\u00eda\"}]},{\"@type\":\"WebSite\",\"@id\":\"https:\/\/urciconsultores.com\/en\/#website\",\"url\":\"https:\/\/urciconsultores.com\/en\/\",\"name\":\"Urci Consultores\",\"description\":\"Urci Consultores\",\"potentialAction\":[{\"@type\":\"SearchAction\",\"target\":{\"@type\":\"EntryPoint\",\"urlTemplate\":\"https:\/\/urciconsultores.com\/en\/?s={search_term_string}\"},\"query-input\":{\"@type\":\"PropertyValueSpecification\",\"valueRequired\":true,\"valueName\":\"search_term_string\"}}],\"inLanguage\":\"es\"}]}<\/script>\n<!-- \/ Yoast SEO plugin. -->","yoast_head_json":{"title":"The new desalination plant solves the water shortage in Eastern Almer\u00eda - Urci Consultores","robots":{"index":"index","follow":"follow","max-snippet":"max-snippet:-1","max-image-preview":"max-image-preview:large","max-video-preview":"max-video-preview:-1"},"canonical":"https:\/\/urciconsultores.com\/en\/the-new-desalination-plant-solves-the-water-shortage-in-eastern-almeria\/","og_locale":"es_ES","og_type":"article","og_title":"The new desalination plant solves the water shortage in Eastern Almer\u00eda - Urci Consultores","og_description":"Our projects Water and environment &#8211; Water supply, sanitation and treatment Site management for the new desalination plant in Bajo Almanzora (Almer\u00eda) Services Client: Aguas de las Cuencas Mediterr\u00e1neas S.A. Location: Almer\u00eda Activity: Hydraulic works Work investment: 62.920.542,47 \u20ac Period: 2006-2011 Download complete file [+] The new desalination plant solves the water shortage in Eastern [&hellip;]","og_url":"https:\/\/urciconsultores.com\/en\/the-new-desalination-plant-solves-the-water-shortage-in-eastern-almeria\/","og_site_name":"Urci Consultores","article_modified_time":"2020-08-27T08:34:52+00:00","og_image":[{"url":"https:\/\/urciconsultores.com\/en\/wp-content\/uploads\/intro-fichaproyecto-planta-desaladora-del-bajo-almanzora.jpg","type":"","width":"","height":""}],"twitter_card":"summary_large_image","twitter_misc":{"Tiempo de lectura":"1 minuto"},"schema":{"@context":"https:\/\/schema.org","@graph":[{"@type":"WebPage","@id":"https:\/\/urciconsultores.com\/en\/the-new-desalination-plant-solves-the-water-shortage-in-eastern-almeria\/","url":"https:\/\/urciconsultores.com\/en\/the-new-desalination-plant-solves-the-water-shortage-in-eastern-almeria\/","name":"The new desalination plant solves the water shortage in Eastern Almer\u00eda - Urci Consultores","isPartOf":{"@id":"https:\/\/urciconsultores.com\/en\/#website"},"primaryImageOfPage":{"@id":"https:\/\/urciconsultores.com\/en\/the-new-desalination-plant-solves-the-water-shortage-in-eastern-almeria\/#primaryimage"},"image":{"@id":"https:\/\/urciconsultores.com\/en\/the-new-desalination-plant-solves-the-water-shortage-in-eastern-almeria\/#primaryimage"},"thumbnailUrl":"https:\/\/urciconsultores.com\/en\/wp-content\/uploads\/intro-fichaproyecto-planta-desaladora-del-bajo-almanzora.jpg","datePublished":"2020-07-23T09:43:32+00:00","dateModified":"2020-08-27T08:34:52+00:00","breadcrumb":{"@id":"https:\/\/urciconsultores.com\/en\/the-new-desalination-plant-solves-the-water-shortage-in-eastern-almeria\/#breadcrumb"},"inLanguage":"es","potentialAction":[{"@type":"ReadAction","target":["https:\/\/urciconsultores.com\/en\/the-new-desalination-plant-solves-the-water-shortage-in-eastern-almeria\/"]}]},{"@type":"ImageObject","inLanguage":"es","@id":"https:\/\/urciconsultores.com\/en\/the-new-desalination-plant-solves-the-water-shortage-in-eastern-almeria\/#primaryimage","url":"https:\/\/urciconsultores.com\/en\/wp-content\/uploads\/intro-fichaproyecto-planta-desaladora-del-bajo-almanzora.jpg","contentUrl":"https:\/\/urciconsultores.com\/en\/wp-content\/uploads\/intro-fichaproyecto-planta-desaladora-del-bajo-almanzora.jpg"},{"@type":"BreadcrumbList","@id":"https:\/\/urciconsultores.com\/en\/the-new-desalination-plant-solves-the-water-shortage-in-eastern-almeria\/#breadcrumb","itemListElement":[{"@type":"ListItem","position":1,"name":"Portada","item":"https:\/\/urciconsultores.com\/en\/"},{"@type":"ListItem","position":2,"name":"The new desalination plant solves the water shortage in Eastern Almer\u00eda"}]},{"@type":"WebSite","@id":"https:\/\/urciconsultores.com\/en\/#website","url":"https:\/\/urciconsultores.com\/en\/","name":"Urci Consultores","description":"Urci Consultores","potentialAction":[{"@type":"SearchAction","target":{"@type":"EntryPoint","urlTemplate":"https:\/\/urciconsultores.com\/en\/?s={search_term_string}"},"query-input":{"@type":"PropertyValueSpecification","valueRequired":true,"valueName":"search_term_string"}}],"inLanguage":"es"}]}},"_links":{"self":[{"href":"https:\/\/urciconsultores.com\/en\/wp-json\/wp\/v2\/pages\/874","targetHints":{"allow":["GET"]}}],"collection":[{"href":"https:\/\/urciconsultores.com\/en\/wp-json\/wp\/v2\/pages"}],"about":[{"href":"https:\/\/urciconsultores.com\/en\/wp-json\/wp\/v2\/types\/page"}],"author":[{"embeddable":true,"href":"https:\/\/urciconsultores.com\/en\/wp-json\/wp\/v2\/users\/2"}],"replies":[{"embeddable":true,"href":"https:\/\/urciconsultores.com\/en\/wp-json\/wp\/v2\/comments?post=874"}],"version-history":[{"count":6,"href":"https:\/\/urciconsultores.com\/en\/wp-json\/wp\/v2\/pages\/874\/revisions"}],"predecessor-version":[{"id":1318,"href":"https:\/\/urciconsultores.com\/en\/wp-json\/wp\/v2\/pages\/874\/revisions\/1318"}],"wp:attachment":[{"href":"https:\/\/urciconsultores.com\/en\/wp-json\/wp\/v2\/media?parent=874"}],"curies":[{"name":"wp","href":"https:\/\/api.w.org\/{rel}","templated":true}]}}