{"id":909,"date":"2020-07-23T11:07:55","date_gmt":"2020-07-23T11:07:55","guid":{"rendered":"http:\/\/urciconsultores.com\/en\/?page_id=909"},"modified":"2020-08-27T09:22:40","modified_gmt":"2020-08-27T09:22:40","slug":"almeria-gets-ready-for-the-mediterranean-games-2005","status":"publish","type":"page","link":"https:\/\/urciconsultores.com\/en\/almeria-gets-ready-for-the-mediterranean-games-2005\/","title":{"rendered":"Almer\u00eda gets ready for the Mediterranean Games 2005"},"content":{"rendered":"<section class=\"cabecera-interior proyectos\">\r\n    <article class=\"cuerpo\">\r\n        <h1>Our projects<\/h1>\r\n    <\/article>\r\n<\/section>\r\n<section class=\"intro-fichaproyecto\">\r\n    <article class=\"cuerpo\">\r\n        <div class=\"img-izq\"><img decoding=\"async\" src=\"https:\/\/urciconsultores.com\/en\/wp-content\/uploads\/intro-fichaproyecto-estadio-deportivo-y-pista-de-atletismo-para-los-juegos-mediterraneos-2005.jpg\"><\/div>\r\n        <div class=\"texto-der\">\r\n            <h3>Building and construction &#8211; Urban buildings and sport facilities<\/h3>\r\n            <h4 class=\"azul\">Site management of the Sports Stadium and Athletics Track for the Mediterranean Games 2005, Almer\u00eda<\/h4>\r\n            <h3>Services<\/h3>\r\n            <p>\r\n                <span class=\"titulo\">Client:<\/span> \r\n                <span>Almer\u00eda City Council<\/span>\r\n            <\/p>\r\n            <p>\r\n                <span class=\"titulo\">Location:<\/span> \r\n                <span>Almer\u00eda<\/span>\r\n            <\/p>\r\n            <p>\r\n                <span class=\"titulo\">Activity:<\/span> \r\n                <span>Sport equipments<\/span>\r\n            <\/p>\r\n            <p>\r\n                <span class=\"titulo\">Work investment:<\/span> \r\n                <span>18.180.616,15 \u20ac<\/span>\r\n            <\/p>\r\n            <p>\r\n                <span class=\"titulo\">Period:<\/span> \r\n                <span>2002-2004<\/span>\r\n            <\/p>\r\n            <p>\r\n                <span class=\"pdf\"><a href=\"https:\/\/urciconsultores.com\/pdf\/estadio-deportivo-y-pista-de-atletismo-para-los-juegos-mediterraneos-2005.pdf\" target=\"_blank\" rel=\"noopener noreferrer\"><img decoding=\"async\" src=\"https:\/\/urciconsultores.com\/en\/wp-content\/uploads\/intro-fichaproyecto-pdf.png\">Download complete file [+]<\/a><\/span>\r\n            <\/p>\r\n        <\/div>\r\n        <h3 class=\"rojo\">Almer\u00eda gets ready for the Mediterranean Games 2005<\/h3>\r\n        <p>The Stadium of the Mediterranean Games is the emblematic sports facility of the 15th Mediterranean Games Almer\u00eda 2005, celebrated in Almer\u00eda in the summer of 2005.<\/p>\r\n        <p>The new Olympic Stadium consists of eight athletics tracks and stands distributed on four levels, with a capacity for 22,000 spectators and completely covered. <\/p>\r\n        <p>The eight race tracks are equipped with synthetic pavement of red stabilized polyisoprene rubber. The lanes are attached to the central rectangle of natural grass with dimensions suitable for high level competition football and other large field sports. Outside the racing tracks, a space is available to accommodate the lanes and pits for jumps and provide space for group, security and informative activities.<\/p>\r\n        <p>The central field and tracks level has been projected below the natural terrain, in depression, obtaining a significant protection against the wind.<\/p>\r\n        <p>As a whole, the modern appearance emphasizes the criteria of comfort and functionality. Likewise, the design includes measures that combine functionality with respect for the environment and energy and water savings, such as the depression of the Stadium to minimize the impact on the landscape, installation of solar energy to cover part of the hot water demand and recovery of irrigation and rain water for irrigation.<\/p>\r\n    <\/article>\r\n<\/section>","protected":false},"excerpt":{"rendered":"Our projects Building and construction &#8211; Urban buildings and sport facilities Site management of the Sports Stadium and Athletics Track for the Mediterranean Games 2005, Almer\u00eda Services Client: Almer\u00eda City Council Location: Almer\u00eda Activity: Sport equipments Work investment: 18.180.616,15 \u20ac Period: 2002-2004 Download complete file [+] Almer\u00eda gets ready for the Mediterranean Games 2005 The [&hellip;]","protected":false},"author":2,"featured_media":0,"parent":0,"menu_order":0,"comment_status":"closed","ping_status":"closed","template":"","meta":{"footnotes":""},"class_list":["post-909","page","type-page","status-publish","hentry"],"yoast_head":"<!-- This site is optimized with the Yoast SEO plugin v26.8 - https:\/\/yoast.com\/product\/yoast-seo-wordpress\/ -->\n<title>Almer\u00eda gets ready for the Mediterranean Games 2005 - Urci Consultores<\/title>\n<meta name=\"robots\" content=\"index, follow, max-snippet:-1, max-image-preview:large, max-video-preview:-1\" \/>\n<link rel=\"canonical\" href=\"https:\/\/urciconsultores.com\/en\/almeria-gets-ready-for-the-mediterranean-games-2005\/\" \/>\n<meta property=\"og:locale\" content=\"es_ES\" \/>\n<meta property=\"og:type\" content=\"article\" \/>\n<meta property=\"og:title\" content=\"Almer\u00eda gets ready for the Mediterranean Games 2005 - Urci Consultores\" \/>\n<meta property=\"og:description\" content=\"Our projects Building and construction &#8211; Urban buildings and sport facilities Site management of the Sports Stadium and Athletics Track for the Mediterranean Games 2005, Almer\u00eda Services Client: Almer\u00eda City Council Location: Almer\u00eda Activity: Sport equipments Work investment: 18.180.616,15 \u20ac Period: 2002-2004 Download complete file [+] Almer\u00eda gets ready for the Mediterranean Games 2005 The [&hellip;]\" \/>\n<meta property=\"og:url\" content=\"https:\/\/urciconsultores.com\/en\/almeria-gets-ready-for-the-mediterranean-games-2005\/\" \/>\n<meta property=\"og:site_name\" content=\"Urci Consultores\" \/>\n<meta property=\"article:modified_time\" content=\"2020-08-27T09:22:40+00:00\" \/>\n<meta property=\"og:image\" content=\"https:\/\/urciconsultores.com\/en\/wp-content\/uploads\/intro-fichaproyecto-estadio-deportivo-y-pista-de-atletismo-para-los-juegos-mediterraneos-2005.jpg\" \/>\n<meta name=\"twitter:card\" content=\"summary_large_image\" \/>\n<meta name=\"twitter:label1\" content=\"Tiempo de lectura\" \/>\n\t<meta name=\"twitter:data1\" content=\"1 minuto\" \/>\n<script type=\"application\/ld+json\" class=\"yoast-schema-graph\">{\"@context\":\"https:\/\/schema.org\",\"@graph\":[{\"@type\":\"WebPage\",\"@id\":\"https:\/\/urciconsultores.com\/en\/almeria-gets-ready-for-the-mediterranean-games-2005\/\",\"url\":\"https:\/\/urciconsultores.com\/en\/almeria-gets-ready-for-the-mediterranean-games-2005\/\",\"name\":\"Almer\u00eda gets ready for the Mediterranean Games 2005 - Urci Consultores\",\"isPartOf\":{\"@id\":\"https:\/\/urciconsultores.com\/en\/#website\"},\"primaryImageOfPage\":{\"@id\":\"https:\/\/urciconsultores.com\/en\/almeria-gets-ready-for-the-mediterranean-games-2005\/#primaryimage\"},\"image\":{\"@id\":\"https:\/\/urciconsultores.com\/en\/almeria-gets-ready-for-the-mediterranean-games-2005\/#primaryimage\"},\"thumbnailUrl\":\"https:\/\/urciconsultores.com\/en\/wp-content\/uploads\/intro-fichaproyecto-estadio-deportivo-y-pista-de-atletismo-para-los-juegos-mediterraneos-2005.jpg\",\"datePublished\":\"2020-07-23T11:07:55+00:00\",\"dateModified\":\"2020-08-27T09:22:40+00:00\",\"breadcrumb\":{\"@id\":\"https:\/\/urciconsultores.com\/en\/almeria-gets-ready-for-the-mediterranean-games-2005\/#breadcrumb\"},\"inLanguage\":\"es\",\"potentialAction\":[{\"@type\":\"ReadAction\",\"target\":[\"https:\/\/urciconsultores.com\/en\/almeria-gets-ready-for-the-mediterranean-games-2005\/\"]}]},{\"@type\":\"ImageObject\",\"inLanguage\":\"es\",\"@id\":\"https:\/\/urciconsultores.com\/en\/almeria-gets-ready-for-the-mediterranean-games-2005\/#primaryimage\",\"url\":\"https:\/\/urciconsultores.com\/en\/wp-content\/uploads\/intro-fichaproyecto-estadio-deportivo-y-pista-de-atletismo-para-los-juegos-mediterraneos-2005.jpg\",\"contentUrl\":\"https:\/\/urciconsultores.com\/en\/wp-content\/uploads\/intro-fichaproyecto-estadio-deportivo-y-pista-de-atletismo-para-los-juegos-mediterraneos-2005.jpg\"},{\"@type\":\"BreadcrumbList\",\"@id\":\"https:\/\/urciconsultores.com\/en\/almeria-gets-ready-for-the-mediterranean-games-2005\/#breadcrumb\",\"itemListElement\":[{\"@type\":\"ListItem\",\"position\":1,\"name\":\"Portada\",\"item\":\"https:\/\/urciconsultores.com\/en\/\"},{\"@type\":\"ListItem\",\"position\":2,\"name\":\"Almer\u00eda gets ready for the Mediterranean Games 2005\"}]},{\"@type\":\"WebSite\",\"@id\":\"https:\/\/urciconsultores.com\/en\/#website\",\"url\":\"https:\/\/urciconsultores.com\/en\/\",\"name\":\"Urci Consultores\",\"description\":\"Urci Consultores\",\"potentialAction\":[{\"@type\":\"SearchAction\",\"target\":{\"@type\":\"EntryPoint\",\"urlTemplate\":\"https:\/\/urciconsultores.com\/en\/?s={search_term_string}\"},\"query-input\":{\"@type\":\"PropertyValueSpecification\",\"valueRequired\":true,\"valueName\":\"search_term_string\"}}],\"inLanguage\":\"es\"}]}<\/script>\n<!-- \/ Yoast SEO plugin. -->","yoast_head_json":{"title":"Almer\u00eda gets ready for the Mediterranean Games 2005 - Urci Consultores","robots":{"index":"index","follow":"follow","max-snippet":"max-snippet:-1","max-image-preview":"max-image-preview:large","max-video-preview":"max-video-preview:-1"},"canonical":"https:\/\/urciconsultores.com\/en\/almeria-gets-ready-for-the-mediterranean-games-2005\/","og_locale":"es_ES","og_type":"article","og_title":"Almer\u00eda gets ready for the Mediterranean Games 2005 - Urci Consultores","og_description":"Our projects Building and construction &#8211; Urban buildings and sport facilities Site management of the Sports Stadium and Athletics Track for the Mediterranean Games 2005, Almer\u00eda Services Client: Almer\u00eda City Council Location: Almer\u00eda Activity: Sport equipments Work investment: 18.180.616,15 \u20ac Period: 2002-2004 Download complete file [+] Almer\u00eda gets ready for the Mediterranean Games 2005 The [&hellip;]","og_url":"https:\/\/urciconsultores.com\/en\/almeria-gets-ready-for-the-mediterranean-games-2005\/","og_site_name":"Urci Consultores","article_modified_time":"2020-08-27T09:22:40+00:00","og_image":[{"url":"https:\/\/urciconsultores.com\/en\/wp-content\/uploads\/intro-fichaproyecto-estadio-deportivo-y-pista-de-atletismo-para-los-juegos-mediterraneos-2005.jpg","type":"","width":"","height":""}],"twitter_card":"summary_large_image","twitter_misc":{"Tiempo de lectura":"1 minuto"},"schema":{"@context":"https:\/\/schema.org","@graph":[{"@type":"WebPage","@id":"https:\/\/urciconsultores.com\/en\/almeria-gets-ready-for-the-mediterranean-games-2005\/","url":"https:\/\/urciconsultores.com\/en\/almeria-gets-ready-for-the-mediterranean-games-2005\/","name":"Almer\u00eda gets ready for the Mediterranean Games 2005 - Urci Consultores","isPartOf":{"@id":"https:\/\/urciconsultores.com\/en\/#website"},"primaryImageOfPage":{"@id":"https:\/\/urciconsultores.com\/en\/almeria-gets-ready-for-the-mediterranean-games-2005\/#primaryimage"},"image":{"@id":"https:\/\/urciconsultores.com\/en\/almeria-gets-ready-for-the-mediterranean-games-2005\/#primaryimage"},"thumbnailUrl":"https:\/\/urciconsultores.com\/en\/wp-content\/uploads\/intro-fichaproyecto-estadio-deportivo-y-pista-de-atletismo-para-los-juegos-mediterraneos-2005.jpg","datePublished":"2020-07-23T11:07:55+00:00","dateModified":"2020-08-27T09:22:40+00:00","breadcrumb":{"@id":"https:\/\/urciconsultores.com\/en\/almeria-gets-ready-for-the-mediterranean-games-2005\/#breadcrumb"},"inLanguage":"es","potentialAction":[{"@type":"ReadAction","target":["https:\/\/urciconsultores.com\/en\/almeria-gets-ready-for-the-mediterranean-games-2005\/"]}]},{"@type":"ImageObject","inLanguage":"es","@id":"https:\/\/urciconsultores.com\/en\/almeria-gets-ready-for-the-mediterranean-games-2005\/#primaryimage","url":"https:\/\/urciconsultores.com\/en\/wp-content\/uploads\/intro-fichaproyecto-estadio-deportivo-y-pista-de-atletismo-para-los-juegos-mediterraneos-2005.jpg","contentUrl":"https:\/\/urciconsultores.com\/en\/wp-content\/uploads\/intro-fichaproyecto-estadio-deportivo-y-pista-de-atletismo-para-los-juegos-mediterraneos-2005.jpg"},{"@type":"BreadcrumbList","@id":"https:\/\/urciconsultores.com\/en\/almeria-gets-ready-for-the-mediterranean-games-2005\/#breadcrumb","itemListElement":[{"@type":"ListItem","position":1,"name":"Portada","item":"https:\/\/urciconsultores.com\/en\/"},{"@type":"ListItem","position":2,"name":"Almer\u00eda gets ready for the Mediterranean Games 2005"}]},{"@type":"WebSite","@id":"https:\/\/urciconsultores.com\/en\/#website","url":"https:\/\/urciconsultores.com\/en\/","name":"Urci Consultores","description":"Urci Consultores","potentialAction":[{"@type":"SearchAction","target":{"@type":"EntryPoint","urlTemplate":"https:\/\/urciconsultores.com\/en\/?s={search_term_string}"},"query-input":{"@type":"PropertyValueSpecification","valueRequired":true,"valueName":"search_term_string"}}],"inLanguage":"es"}]}},"_links":{"self":[{"href":"https:\/\/urciconsultores.com\/en\/wp-json\/wp\/v2\/pages\/909","targetHints":{"allow":["GET"]}}],"collection":[{"href":"https:\/\/urciconsultores.com\/en\/wp-json\/wp\/v2\/pages"}],"about":[{"href":"https:\/\/urciconsultores.com\/en\/wp-json\/wp\/v2\/types\/page"}],"author":[{"embeddable":true,"href":"https:\/\/urciconsultores.com\/en\/wp-json\/wp\/v2\/users\/2"}],"replies":[{"embeddable":true,"href":"https:\/\/urciconsultores.com\/en\/wp-json\/wp\/v2\/comments?post=909"}],"version-history":[{"count":7,"href":"https:\/\/urciconsultores.com\/en\/wp-json\/wp\/v2\/pages\/909\/revisions"}],"predecessor-version":[{"id":1338,"href":"https:\/\/urciconsultores.com\/en\/wp-json\/wp\/v2\/pages\/909\/revisions\/1338"}],"wp:attachment":[{"href":"https:\/\/urciconsultores.com\/en\/wp-json\/wp\/v2\/media?parent=909"}],"curies":[{"name":"wp","href":"https:\/\/api.w.org\/{rel}","templated":true}]}}