{"id":926,"date":"2020-07-23T11:23:14","date_gmt":"2020-07-23T11:23:14","guid":{"rendered":"http:\/\/urciconsultores.com\/en\/?page_id=926"},"modified":"2020-08-27T09:37:40","modified_gmt":"2020-08-27T09:37:40","slug":"we-comprehend-the-peruvian-southern-gas-pipeline","status":"publish","type":"page","link":"https:\/\/urciconsultores.com\/en\/we-comprehend-the-peruvian-southern-gas-pipeline\/","title":{"rendered":"We comprehend the Peruvian Southern Gas Pipeline"},"content":{"rendered":"<section class=\"cabecera-interior proyectos\">\r\n    <article class=\"cuerpo\">\r\n        <h1>Our projects<\/h1>\r\n    <\/article>\r\n<\/section>\r\n<section class=\"intro-fichaproyecto\">\r\n    <article class=\"cuerpo\">\r\n        <div class=\"img-izq\"><img decoding=\"async\" src=\"https:\/\/urciconsultores.com\/en\/wp-content\/uploads\/intro-fichaproyecto-conocemos-el-gasoducto-sur-peruano.jpg\"><\/div>\r\n        <div class=\"texto-der\">\r\n            <h3>Industry and Energy<\/h3>\r\n            <h4 class=\"azul\">Engineering evaluation for the Country&#8217;s Energy Security Improvement Project and development of the Peruvian Southern Gas Pipeline<\/h4>\r\n            <h3>Services<\/h3>\r\n            <p>\r\n                <span class=\"titulo\">Client:<\/span> \r\n                <span>FERROVIAL AGROM\u00c1N, S.A.<\/span>\r\n            <\/p>\r\n            <p>\r\n                <span class=\"titulo\">Location:<\/span> \r\n                <span>Departments of Cusco, Apur\u00edmac, Puno, Arequipa, Moquegua y Tacna<\/span>\r\n            <\/p>\r\n            <p>\r\n                <span class=\"titulo\">Activity:<\/span> \r\n                <span>Energy (Gas pipelines)<\/span>\r\n            <\/p>\r\n            <p>\r\n                <span class=\"titulo\">Work investment:<\/span> \r\n                <span>USD 3.500.000.000<\/span>\r\n            <\/p>\r\n            <p>\r\n                <span class=\"titulo\">Inversi\u00f3n supervisi\u00f3n:<\/span> \r\n                <span>134.044 \u20ac<\/span>\r\n            <\/p>\r\n            <p>\r\n                <span class=\"titulo\">Period:<\/span> \r\n                <span>2016<\/span>\r\n            <\/p>\r\n        <\/div>\r\n        <h3 class=\"rojo\">We comprehend the Peruvian Southern Gas Pipeline<\/h3>\r\n        <p>The service consists of the preparation of a report for the technical evaluation of the engineering developed in the Improvement Project and development of the Peruvian Southern Gas Pipeline.<\/p>\r\n        <p>The scope of this service is as follows:<\/p>\r\n        <ul>\r\n            <li>Project conceptual review<\/li>\r\n            <li>Civil works review<\/li>\r\n            <li>Duct and auxiliary installations review<\/li>\r\n            <li>Permit Situation and Environmental Issues<\/li>\r\n            <li>Estimate of the budget for the work already carried out and planned<\/li>\r\n        <\/ul>\r\n        <p>The Andes Project consists of the design, construction, financing, and maintenance of a gas pipeline, approximately 1,000 km long, that starts at the Malvinas Separation Station in Ticumpinia (Cusco) and crosses the Departments of Cusco, Apurimac, Puno, Arequipa, Moquegua, and Tacna:<\/p>\r\n        <ul>\r\n            <li>Section B starts in Ticumpinia and runs within the Safety Zone up to the Connection Point of the Integrated System with the existing pipeline of Transportadora de Gas del Per\u00fa S. A., and is made up of a 32&#8243; diameter Natural Gas Pipeline and another 24&#8243; diameter LNG pipeline up to the Connection Point.<\/li>\r\n            <li>Section A1 consists of a 32&#8243; pipeline that will transport Natural Gas from the Derivation Point to Urcos.<\/li>\r\n            <li>Section A2 consists of a 32&#8243; pipeline from Urcos to Mollendo and Ilo. From the derivation point to Mollendo and Ilo, the duct is 24&#8243;.<\/li>\r\n        <\/ul>\r\n        <p>The Project also includes the design, construction, financing and maintenance of 1 Compression Station located at km 04+500 of section B, with a total power of approximately 90,000 HP, 3 secondary branches with their corresponding City Gates for distribution to Quillabamba, Cusco-Anta and Mollendo, and 7 connection stations.<\/p>\r\n    <\/article>\r\n<\/section>","protected":false},"excerpt":{"rendered":"Our projects Industry and Energy Engineering evaluation for the Country&#8217;s Energy Security Improvement Project and development of the Peruvian Southern Gas Pipeline Services Client: FERROVIAL AGROM\u00c1N, S.A. Location: Departments of Cusco, Apur\u00edmac, Puno, Arequipa, Moquegua y Tacna Activity: Energy (Gas pipelines) Work investment: USD 3.500.000.000 Inversi\u00f3n supervisi\u00f3n: 134.044 \u20ac Period: 2016 We comprehend the Peruvian [&hellip;]","protected":false},"author":2,"featured_media":0,"parent":0,"menu_order":0,"comment_status":"closed","ping_status":"closed","template":"","meta":{"footnotes":""},"class_list":["post-926","page","type-page","status-publish","hentry"],"yoast_head":"<!-- This site is optimized with the Yoast SEO plugin v26.8 - https:\/\/yoast.com\/product\/yoast-seo-wordpress\/ -->\n<title>We comprehend the Peruvian Southern Gas Pipeline - Urci Consultores<\/title>\n<meta name=\"robots\" content=\"index, follow, max-snippet:-1, max-image-preview:large, max-video-preview:-1\" \/>\n<link rel=\"canonical\" href=\"https:\/\/urciconsultores.com\/en\/we-comprehend-the-peruvian-southern-gas-pipeline\/\" \/>\n<meta property=\"og:locale\" content=\"es_ES\" \/>\n<meta property=\"og:type\" content=\"article\" \/>\n<meta property=\"og:title\" content=\"We comprehend the Peruvian Southern Gas Pipeline - Urci Consultores\" \/>\n<meta property=\"og:description\" content=\"Our projects Industry and Energy Engineering evaluation for the Country&#8217;s Energy Security Improvement Project and development of the Peruvian Southern Gas Pipeline Services Client: FERROVIAL AGROM\u00c1N, S.A. Location: Departments of Cusco, Apur\u00edmac, Puno, Arequipa, Moquegua y Tacna Activity: Energy (Gas pipelines) Work investment: USD 3.500.000.000 Inversi\u00f3n supervisi\u00f3n: 134.044 \u20ac Period: 2016 We comprehend the Peruvian [&hellip;]\" \/>\n<meta property=\"og:url\" content=\"https:\/\/urciconsultores.com\/en\/we-comprehend-the-peruvian-southern-gas-pipeline\/\" \/>\n<meta property=\"og:site_name\" content=\"Urci Consultores\" \/>\n<meta property=\"article:modified_time\" content=\"2020-08-27T09:37:40+00:00\" \/>\n<meta property=\"og:image\" content=\"https:\/\/urciconsultores.com\/en\/wp-content\/uploads\/intro-fichaproyecto-conocemos-el-gasoducto-sur-peruano.jpg\" \/>\n<meta name=\"twitter:card\" content=\"summary_large_image\" \/>\n<meta name=\"twitter:label1\" content=\"Tiempo de lectura\" \/>\n\t<meta name=\"twitter:data1\" content=\"1 minuto\" \/>\n<script type=\"application\/ld+json\" class=\"yoast-schema-graph\">{\"@context\":\"https:\/\/schema.org\",\"@graph\":[{\"@type\":\"WebPage\",\"@id\":\"https:\/\/urciconsultores.com\/en\/we-comprehend-the-peruvian-southern-gas-pipeline\/\",\"url\":\"https:\/\/urciconsultores.com\/en\/we-comprehend-the-peruvian-southern-gas-pipeline\/\",\"name\":\"We comprehend the Peruvian Southern Gas Pipeline - Urci Consultores\",\"isPartOf\":{\"@id\":\"https:\/\/urciconsultores.com\/en\/#website\"},\"primaryImageOfPage\":{\"@id\":\"https:\/\/urciconsultores.com\/en\/we-comprehend-the-peruvian-southern-gas-pipeline\/#primaryimage\"},\"image\":{\"@id\":\"https:\/\/urciconsultores.com\/en\/we-comprehend-the-peruvian-southern-gas-pipeline\/#primaryimage\"},\"thumbnailUrl\":\"https:\/\/urciconsultores.com\/en\/wp-content\/uploads\/intro-fichaproyecto-conocemos-el-gasoducto-sur-peruano.jpg\",\"datePublished\":\"2020-07-23T11:23:14+00:00\",\"dateModified\":\"2020-08-27T09:37:40+00:00\",\"breadcrumb\":{\"@id\":\"https:\/\/urciconsultores.com\/en\/we-comprehend-the-peruvian-southern-gas-pipeline\/#breadcrumb\"},\"inLanguage\":\"es\",\"potentialAction\":[{\"@type\":\"ReadAction\",\"target\":[\"https:\/\/urciconsultores.com\/en\/we-comprehend-the-peruvian-southern-gas-pipeline\/\"]}]},{\"@type\":\"ImageObject\",\"inLanguage\":\"es\",\"@id\":\"https:\/\/urciconsultores.com\/en\/we-comprehend-the-peruvian-southern-gas-pipeline\/#primaryimage\",\"url\":\"https:\/\/urciconsultores.com\/en\/wp-content\/uploads\/intro-fichaproyecto-conocemos-el-gasoducto-sur-peruano.jpg\",\"contentUrl\":\"https:\/\/urciconsultores.com\/en\/wp-content\/uploads\/intro-fichaproyecto-conocemos-el-gasoducto-sur-peruano.jpg\"},{\"@type\":\"BreadcrumbList\",\"@id\":\"https:\/\/urciconsultores.com\/en\/we-comprehend-the-peruvian-southern-gas-pipeline\/#breadcrumb\",\"itemListElement\":[{\"@type\":\"ListItem\",\"position\":1,\"name\":\"Portada\",\"item\":\"https:\/\/urciconsultores.com\/en\/\"},{\"@type\":\"ListItem\",\"position\":2,\"name\":\"We comprehend the Peruvian Southern Gas Pipeline\"}]},{\"@type\":\"WebSite\",\"@id\":\"https:\/\/urciconsultores.com\/en\/#website\",\"url\":\"https:\/\/urciconsultores.com\/en\/\",\"name\":\"Urci Consultores\",\"description\":\"Urci Consultores\",\"potentialAction\":[{\"@type\":\"SearchAction\",\"target\":{\"@type\":\"EntryPoint\",\"urlTemplate\":\"https:\/\/urciconsultores.com\/en\/?s={search_term_string}\"},\"query-input\":{\"@type\":\"PropertyValueSpecification\",\"valueRequired\":true,\"valueName\":\"search_term_string\"}}],\"inLanguage\":\"es\"}]}<\/script>\n<!-- \/ Yoast SEO plugin. -->","yoast_head_json":{"title":"We comprehend the Peruvian Southern Gas Pipeline - Urci Consultores","robots":{"index":"index","follow":"follow","max-snippet":"max-snippet:-1","max-image-preview":"max-image-preview:large","max-video-preview":"max-video-preview:-1"},"canonical":"https:\/\/urciconsultores.com\/en\/we-comprehend-the-peruvian-southern-gas-pipeline\/","og_locale":"es_ES","og_type":"article","og_title":"We comprehend the Peruvian Southern Gas Pipeline - Urci Consultores","og_description":"Our projects Industry and Energy Engineering evaluation for the Country&#8217;s Energy Security Improvement Project and development of the Peruvian Southern Gas Pipeline Services Client: FERROVIAL AGROM\u00c1N, S.A. Location: Departments of Cusco, Apur\u00edmac, Puno, Arequipa, Moquegua y Tacna Activity: Energy (Gas pipelines) Work investment: USD 3.500.000.000 Inversi\u00f3n supervisi\u00f3n: 134.044 \u20ac Period: 2016 We comprehend the Peruvian [&hellip;]","og_url":"https:\/\/urciconsultores.com\/en\/we-comprehend-the-peruvian-southern-gas-pipeline\/","og_site_name":"Urci Consultores","article_modified_time":"2020-08-27T09:37:40+00:00","og_image":[{"url":"https:\/\/urciconsultores.com\/en\/wp-content\/uploads\/intro-fichaproyecto-conocemos-el-gasoducto-sur-peruano.jpg","type":"","width":"","height":""}],"twitter_card":"summary_large_image","twitter_misc":{"Tiempo de lectura":"1 minuto"},"schema":{"@context":"https:\/\/schema.org","@graph":[{"@type":"WebPage","@id":"https:\/\/urciconsultores.com\/en\/we-comprehend-the-peruvian-southern-gas-pipeline\/","url":"https:\/\/urciconsultores.com\/en\/we-comprehend-the-peruvian-southern-gas-pipeline\/","name":"We comprehend the Peruvian Southern Gas Pipeline - Urci Consultores","isPartOf":{"@id":"https:\/\/urciconsultores.com\/en\/#website"},"primaryImageOfPage":{"@id":"https:\/\/urciconsultores.com\/en\/we-comprehend-the-peruvian-southern-gas-pipeline\/#primaryimage"},"image":{"@id":"https:\/\/urciconsultores.com\/en\/we-comprehend-the-peruvian-southern-gas-pipeline\/#primaryimage"},"thumbnailUrl":"https:\/\/urciconsultores.com\/en\/wp-content\/uploads\/intro-fichaproyecto-conocemos-el-gasoducto-sur-peruano.jpg","datePublished":"2020-07-23T11:23:14+00:00","dateModified":"2020-08-27T09:37:40+00:00","breadcrumb":{"@id":"https:\/\/urciconsultores.com\/en\/we-comprehend-the-peruvian-southern-gas-pipeline\/#breadcrumb"},"inLanguage":"es","potentialAction":[{"@type":"ReadAction","target":["https:\/\/urciconsultores.com\/en\/we-comprehend-the-peruvian-southern-gas-pipeline\/"]}]},{"@type":"ImageObject","inLanguage":"es","@id":"https:\/\/urciconsultores.com\/en\/we-comprehend-the-peruvian-southern-gas-pipeline\/#primaryimage","url":"https:\/\/urciconsultores.com\/en\/wp-content\/uploads\/intro-fichaproyecto-conocemos-el-gasoducto-sur-peruano.jpg","contentUrl":"https:\/\/urciconsultores.com\/en\/wp-content\/uploads\/intro-fichaproyecto-conocemos-el-gasoducto-sur-peruano.jpg"},{"@type":"BreadcrumbList","@id":"https:\/\/urciconsultores.com\/en\/we-comprehend-the-peruvian-southern-gas-pipeline\/#breadcrumb","itemListElement":[{"@type":"ListItem","position":1,"name":"Portada","item":"https:\/\/urciconsultores.com\/en\/"},{"@type":"ListItem","position":2,"name":"We comprehend the Peruvian Southern Gas Pipeline"}]},{"@type":"WebSite","@id":"https:\/\/urciconsultores.com\/en\/#website","url":"https:\/\/urciconsultores.com\/en\/","name":"Urci Consultores","description":"Urci Consultores","potentialAction":[{"@type":"SearchAction","target":{"@type":"EntryPoint","urlTemplate":"https:\/\/urciconsultores.com\/en\/?s={search_term_string}"},"query-input":{"@type":"PropertyValueSpecification","valueRequired":true,"valueName":"search_term_string"}}],"inLanguage":"es"}]}},"_links":{"self":[{"href":"https:\/\/urciconsultores.com\/en\/wp-json\/wp\/v2\/pages\/926","targetHints":{"allow":["GET"]}}],"collection":[{"href":"https:\/\/urciconsultores.com\/en\/wp-json\/wp\/v2\/pages"}],"about":[{"href":"https:\/\/urciconsultores.com\/en\/wp-json\/wp\/v2\/types\/page"}],"author":[{"embeddable":true,"href":"https:\/\/urciconsultores.com\/en\/wp-json\/wp\/v2\/users\/2"}],"replies":[{"embeddable":true,"href":"https:\/\/urciconsultores.com\/en\/wp-json\/wp\/v2\/comments?post=926"}],"version-history":[{"count":5,"href":"https:\/\/urciconsultores.com\/en\/wp-json\/wp\/v2\/pages\/926\/revisions"}],"predecessor-version":[{"id":1349,"href":"https:\/\/urciconsultores.com\/en\/wp-json\/wp\/v2\/pages\/926\/revisions\/1349"}],"wp:attachment":[{"href":"https:\/\/urciconsultores.com\/en\/wp-json\/wp\/v2\/media?parent=926"}],"curies":[{"name":"wp","href":"https:\/\/api.w.org\/{rel}","templated":true}]}}