{"id":1093,"date":"2020-07-29T10:52:01","date_gmt":"2020-07-29T10:52:01","guid":{"rendered":"http:\/\/urciconsultores.com\/fr\/?page_id=1093"},"modified":"2020-09-07T10:36:30","modified_gmt":"2020-09-07T10:36:30","slug":"services","status":"publish","type":"page","link":"https:\/\/urciconsultores.com\/fr\/services\/","title":{"rendered":"Services"},"content":{"rendered":"<section class=\"cabecera-interior servicios\">\r\n    <article class=\"cuerpo\">\r\n        <h1>Services<\/h1>\r\n    <\/article>\r\n<\/section>\r\n<section class=\"intro-servicios\">\r\n    <article class=\"cuerpo\">\r\n        <h1>Principaux services que nous offrons <b>d&#8217;Urci Consultores<\/b><\/h1>\r\n        <p class=\"grande\">URCI offre des services int\u00e9graux d\u2019ing\u00e9nierie dans toutes les phases d\u2019un projet, allant de la planification, en passant par la conception et le contr\u00f4le de la construction, ainsi que dans son exploitation, garanti par une exp\u00e9rience sup\u00e9rieure \u00e0 30 ans et gr\u00e2ce \u00e0 l\u2019\u00e9quipe humaine multidisciplinaire hautement qualifi\u00e9e faisant partie de la soci\u00e9t\u00e9.<\/p>\r\n    <\/article>\r\n<\/section>\r\n<section class=\"diferenciacion-servicios\">\r\n    <article class=\"cuerpo\">\r\n        <div class=\"img-izq\"><img decoding=\"async\" src=\"https:\/\/urciconsultores.com\/fr\/wp-content\/uploads\/porservicio-servicios.jpg\"><\/div>\r\n        <div class=\"texto-der\">\r\n            <h2>Par services<\/h2>\r\n            <h3>Planification et \u00e9tudes<\/h3>\r\n            <p class=\"grande\">URCI dispose de l\u2019exp\u00e9rience n\u00e9cessaire pour accompagner ses clients dans les phases les plus naissantes des projets tel que&#8230;<\/p>\r\n            <h3>Conceptions<\/h3>\r\n            <p class=\"grande\">URCI tout au long de sa trajectoire a d\u00e9montr\u00e9 une connaissance \u00e9lev\u00e9e et exhaustive des probl\u00e8mes \u00e0 r\u00e9soudre dans chacun des&#8230;<\/p>\r\n            <h3>Supervision et conseil<\/h3>\r\n            <p class=\"grande\">URCI d\u00e9montre dans les travaux auxquels elle participe, l\u2019implication de tous ses domaines, dans cette phase du projet, elle&#8230;<\/p>\r\n            <h3>Exploitation<\/h3>\r\n            <p class=\"grande\">URCI contribue \u00e0 la gestion des infrastructures en op\u00e9ration et exploitation, ce qui permet d\u2019optimiser des ressources et leur&#8230;<\/p>\r\n            <a href=\"par-services\" class=\"btn\">plus d&#8217;infos [+]<\/a>\r\n        <\/div>\r\n    <\/article>\r\n<\/section>\r\n<section class=\"diferenciacion-servicios\">\r\n    <article class=\"cuerpo\">\r\n        <div class=\"img-resp\"><img decoding=\"async\" src=\"https:\/\/urciconsultores.com\/fr\/wp-content\/uploads\/poractividad-servicios.jpg\"><\/div>\r\n        <div class=\"texto-izq\">\r\n            <h2>Par activite<\/h2>\r\n            <h3>Infrastructures du transport<\/h3>\r\n            <p class=\"grande\">Dans le domaine d\u2019infrastructures du transport, URCI offre des solutions durables pour une mobilit\u00e9 efficace et s\u00fbre de personnes et de marchandises&#8230;<\/p>\r\n            <h3>Eau et environnement<\/h3>\r\n            <p class=\"grande\">URCI \u00e9value la ressource naturelle de l\u2019eau comme l\u2019un des biens les plus pr\u00e9cieux de la soci\u00e9t\u00e9, c\u2019est pourquoi elle collabore et participe aux processus&#8230; <\/p>\r\n            <h3>Am\u00e9nagement du territoire<\/h3>\r\n            <p class=\"grande\">URCI est consciente du besoin d\u2019un am\u00e9nagement du territoire des localit\u00e9s de mani\u00e8re efficace, ce qui permettra de d\u00e9velopper la cohabitation entre les&#8230;<\/p>\r\n            <h3>Expropriations et gestion fonci\u00e8re<\/h3>\r\n            <p class=\"grande\">URCI dispose d\u2019\u00e9quipes multidisciplinaires pour accompagner les Administrations ou les entreprises priv\u00e9es \u00e0 la gestion et l\u2019obtention des terrains&#8230;<\/p>\r\n            <h3>Construction et b\u00e2timent<\/h3>\r\n            <p class=\"grande\">URCI offre les services int\u00e9graux pour la construction et b\u00e2timent de b\u00e2timents sp\u00e9ciaux, en disposant pour ce faire des \u00e9quipes multidisciplinaires&#8230; <\/p>\r\n            <h3>Industrie et \u00e9nergie<\/h3>\r\n            <p class=\"grande\">URCI dans le d\u00e9veloppement de ses projets d\u2019infrastructure a r\u00e9gl\u00e9 les interf\u00e9rences avec les services existants sans \u00eatre le but principal&#8230; <\/p>\r\n            <a href=\"par-activite\" class=\"btn\">plus d&#8217;infos [+]<\/a>\r\n        <\/div>\r\n        <div class=\"img-der\"><img decoding=\"async\" src=\"https:\/\/urciconsultores.com\/fr\/wp-content\/uploads\/poractividad-servicios.jpg\"><\/div>\r\n    <\/article>\r\n<\/section>","protected":false},"excerpt":{"rendered":"Services Principaux services que nous offrons d&#8217;Urci Consultores URCI offre des services int\u00e9graux d\u2019ing\u00e9nierie dans toutes les phases d\u2019un projet, allant de la planification, en passant par la conception et le contr\u00f4le de la construction, ainsi que dans son exploitation, garanti par une exp\u00e9rience sup\u00e9rieure \u00e0 30 ans et gr\u00e2ce \u00e0 l\u2019\u00e9quipe humaine multidisciplinaire hautement [&hellip;]","protected":false},"author":2,"featured_media":0,"parent":0,"menu_order":0,"comment_status":"closed","ping_status":"closed","template":"","meta":{"footnotes":""},"class_list":["post-1093","page","type-page","status-publish","hentry"],"yoast_head":"<!-- This site is optimized with the Yoast SEO plugin v26.8 - https:\/\/yoast.com\/product\/yoast-seo-wordpress\/ -->\n<title>Services - Urci Consultores<\/title>\n<meta name=\"robots\" content=\"index, follow, max-snippet:-1, max-image-preview:large, max-video-preview:-1\" \/>\n<link rel=\"canonical\" href=\"https:\/\/urciconsultores.com\/fr\/services\/\" \/>\n<meta property=\"og:locale\" content=\"es_ES\" \/>\n<meta property=\"og:type\" content=\"article\" \/>\n<meta property=\"og:title\" content=\"Services - Urci Consultores\" \/>\n<meta property=\"og:description\" content=\"Services Principaux services que nous offrons d&#8217;Urci Consultores URCI offre des services int\u00e9graux d\u2019ing\u00e9nierie dans toutes les phases d\u2019un projet, allant de la planification, en passant par la conception et le contr\u00f4le de la construction, ainsi que dans son exploitation, garanti par une exp\u00e9rience sup\u00e9rieure \u00e0 30 ans et gr\u00e2ce \u00e0 l\u2019\u00e9quipe humaine multidisciplinaire hautement [&hellip;]\" \/>\n<meta property=\"og:url\" content=\"https:\/\/urciconsultores.com\/fr\/services\/\" \/>\n<meta property=\"og:site_name\" content=\"Urci Consultores\" \/>\n<meta property=\"article:modified_time\" content=\"2020-09-07T10:36:30+00:00\" \/>\n<meta property=\"og:image\" content=\"https:\/\/urciconsultores.com\/fr\/wp-content\/uploads\/porservicio-servicios.jpg\" \/>\n<meta name=\"twitter:card\" content=\"summary_large_image\" \/>\n<meta name=\"twitter:label1\" content=\"Tiempo de lectura\" \/>\n\t<meta name=\"twitter:data1\" content=\"2 minutos\" \/>\n<script type=\"application\/ld+json\" class=\"yoast-schema-graph\">{\"@context\":\"https:\/\/schema.org\",\"@graph\":[{\"@type\":\"WebPage\",\"@id\":\"https:\/\/urciconsultores.com\/fr\/services\/\",\"url\":\"https:\/\/urciconsultores.com\/fr\/services\/\",\"name\":\"Services - Urci Consultores\",\"isPartOf\":{\"@id\":\"https:\/\/urciconsultores.com\/fr\/#website\"},\"primaryImageOfPage\":{\"@id\":\"https:\/\/urciconsultores.com\/fr\/services\/#primaryimage\"},\"image\":{\"@id\":\"https:\/\/urciconsultores.com\/fr\/services\/#primaryimage\"},\"thumbnailUrl\":\"https:\/\/urciconsultores.com\/fr\/wp-content\/uploads\/porservicio-servicios.jpg\",\"datePublished\":\"2020-07-29T10:52:01+00:00\",\"dateModified\":\"2020-09-07T10:36:30+00:00\",\"breadcrumb\":{\"@id\":\"https:\/\/urciconsultores.com\/fr\/services\/#breadcrumb\"},\"inLanguage\":\"es\",\"potentialAction\":[{\"@type\":\"ReadAction\",\"target\":[\"https:\/\/urciconsultores.com\/fr\/services\/\"]}]},{\"@type\":\"ImageObject\",\"inLanguage\":\"es\",\"@id\":\"https:\/\/urciconsultores.com\/fr\/services\/#primaryimage\",\"url\":\"https:\/\/urciconsultores.com\/fr\/wp-content\/uploads\/porservicio-servicios.jpg\",\"contentUrl\":\"https:\/\/urciconsultores.com\/fr\/wp-content\/uploads\/porservicio-servicios.jpg\"},{\"@type\":\"BreadcrumbList\",\"@id\":\"https:\/\/urciconsultores.com\/fr\/services\/#breadcrumb\",\"itemListElement\":[{\"@type\":\"ListItem\",\"position\":1,\"name\":\"Portada\",\"item\":\"https:\/\/urciconsultores.com\/fr\/\"},{\"@type\":\"ListItem\",\"position\":2,\"name\":\"Services\"}]},{\"@type\":\"WebSite\",\"@id\":\"https:\/\/urciconsultores.com\/fr\/#website\",\"url\":\"https:\/\/urciconsultores.com\/fr\/\",\"name\":\"Urci Consultores\",\"description\":\"Urci Consultores\",\"potentialAction\":[{\"@type\":\"SearchAction\",\"target\":{\"@type\":\"EntryPoint\",\"urlTemplate\":\"https:\/\/urciconsultores.com\/fr\/?s={search_term_string}\"},\"query-input\":{\"@type\":\"PropertyValueSpecification\",\"valueRequired\":true,\"valueName\":\"search_term_string\"}}],\"inLanguage\":\"es\"}]}<\/script>\n<!-- \/ Yoast SEO plugin. -->","yoast_head_json":{"title":"Services - Urci Consultores","robots":{"index":"index","follow":"follow","max-snippet":"max-snippet:-1","max-image-preview":"max-image-preview:large","max-video-preview":"max-video-preview:-1"},"canonical":"https:\/\/urciconsultores.com\/fr\/services\/","og_locale":"es_ES","og_type":"article","og_title":"Services - Urci Consultores","og_description":"Services Principaux services que nous offrons d&#8217;Urci Consultores URCI offre des services int\u00e9graux d\u2019ing\u00e9nierie dans toutes les phases d\u2019un projet, allant de la planification, en passant par la conception et le contr\u00f4le de la construction, ainsi que dans son exploitation, garanti par une exp\u00e9rience sup\u00e9rieure \u00e0 30 ans et gr\u00e2ce \u00e0 l\u2019\u00e9quipe humaine multidisciplinaire hautement [&hellip;]","og_url":"https:\/\/urciconsultores.com\/fr\/services\/","og_site_name":"Urci Consultores","article_modified_time":"2020-09-07T10:36:30+00:00","og_image":[{"url":"https:\/\/urciconsultores.com\/fr\/wp-content\/uploads\/porservicio-servicios.jpg","type":"","width":"","height":""}],"twitter_card":"summary_large_image","twitter_misc":{"Tiempo de lectura":"2 minutos"},"schema":{"@context":"https:\/\/schema.org","@graph":[{"@type":"WebPage","@id":"https:\/\/urciconsultores.com\/fr\/services\/","url":"https:\/\/urciconsultores.com\/fr\/services\/","name":"Services - Urci Consultores","isPartOf":{"@id":"https:\/\/urciconsultores.com\/fr\/#website"},"primaryImageOfPage":{"@id":"https:\/\/urciconsultores.com\/fr\/services\/#primaryimage"},"image":{"@id":"https:\/\/urciconsultores.com\/fr\/services\/#primaryimage"},"thumbnailUrl":"https:\/\/urciconsultores.com\/fr\/wp-content\/uploads\/porservicio-servicios.jpg","datePublished":"2020-07-29T10:52:01+00:00","dateModified":"2020-09-07T10:36:30+00:00","breadcrumb":{"@id":"https:\/\/urciconsultores.com\/fr\/services\/#breadcrumb"},"inLanguage":"es","potentialAction":[{"@type":"ReadAction","target":["https:\/\/urciconsultores.com\/fr\/services\/"]}]},{"@type":"ImageObject","inLanguage":"es","@id":"https:\/\/urciconsultores.com\/fr\/services\/#primaryimage","url":"https:\/\/urciconsultores.com\/fr\/wp-content\/uploads\/porservicio-servicios.jpg","contentUrl":"https:\/\/urciconsultores.com\/fr\/wp-content\/uploads\/porservicio-servicios.jpg"},{"@type":"BreadcrumbList","@id":"https:\/\/urciconsultores.com\/fr\/services\/#breadcrumb","itemListElement":[{"@type":"ListItem","position":1,"name":"Portada","item":"https:\/\/urciconsultores.com\/fr\/"},{"@type":"ListItem","position":2,"name":"Services"}]},{"@type":"WebSite","@id":"https:\/\/urciconsultores.com\/fr\/#website","url":"https:\/\/urciconsultores.com\/fr\/","name":"Urci Consultores","description":"Urci Consultores","potentialAction":[{"@type":"SearchAction","target":{"@type":"EntryPoint","urlTemplate":"https:\/\/urciconsultores.com\/fr\/?s={search_term_string}"},"query-input":{"@type":"PropertyValueSpecification","valueRequired":true,"valueName":"search_term_string"}}],"inLanguage":"es"}]}},"_links":{"self":[{"href":"https:\/\/urciconsultores.com\/fr\/wp-json\/wp\/v2\/pages\/1093","targetHints":{"allow":["GET"]}}],"collection":[{"href":"https:\/\/urciconsultores.com\/fr\/wp-json\/wp\/v2\/pages"}],"about":[{"href":"https:\/\/urciconsultores.com\/fr\/wp-json\/wp\/v2\/types\/page"}],"author":[{"embeddable":true,"href":"https:\/\/urciconsultores.com\/fr\/wp-json\/wp\/v2\/users\/2"}],"replies":[{"embeddable":true,"href":"https:\/\/urciconsultores.com\/fr\/wp-json\/wp\/v2\/comments?post=1093"}],"version-history":[{"count":14,"href":"https:\/\/urciconsultores.com\/fr\/wp-json\/wp\/v2\/pages\/1093\/revisions"}],"predecessor-version":[{"id":1510,"href":"https:\/\/urciconsultores.com\/fr\/wp-json\/wp\/v2\/pages\/1093\/revisions\/1510"}],"wp:attachment":[{"href":"https:\/\/urciconsultores.com\/fr\/wp-json\/wp\/v2\/media?parent=1093"}],"curies":[{"name":"wp","href":"https:\/\/api.w.org\/{rel}","templated":true}]}}