{"id":1471,"date":"2020-09-07T09:19:20","date_gmt":"2020-09-07T09:19:20","guid":{"rendered":"http:\/\/urciconsultores.com\/fr\/?page_id=1471"},"modified":"2020-09-18T10:22:34","modified_gmt":"2020-09-18T10:22:34","slug":"rdi","status":"publish","type":"page","link":"https:\/\/urciconsultores.com\/fr\/rdi\/","title":{"rendered":"R+D+I"},"content":{"rendered":"<section class=\"cabecera-interior idi\">\r\n    <article class=\"cuerpo\">\r\n        <h1>R+D+I<\/h1>\r\n    <\/article>\r\n<\/section>\r\n<section class=\"intro-idi\">\r\n    <article class=\"cuerpo\">\r\n        <div class=\"img-resp\"><img decoding=\"async\" src=\"https:\/\/urciconsultores.com\/fr\/wp-content\/uploads\/intro-idi.jpg\"><\/div>\r\n        <div class=\"texto-izq\">\r\n            <h2>R+D+I<\/h2>\r\n            <p>URCI est consciente que le d\u00e9fi de l\u2019ing\u00e9nierie passe par la Recherche, le D\u00e9veloppement et l\u2019Innovation comme l\u2019un des piliers fondamentaux de la maintenance et de la croissance dans le secteur qui se d\u00e9veloppe. Elle \u00e9tablit, comme un objectif fondamental pour la Soci\u00e9t\u00e9, l\u2019Innovation, ce qui lui permettra une position mise en relief aupr\u00e8s de ses Clients, de la Soci\u00e9t\u00e9 et de l\u2019Environnement. L\u2019\u00e9quipe de professionnels hautement qualifi\u00e9s, ayant une exp\u00e9rience internationale et, en constante formation, joint aux collaborations avec les Universit\u00e9s, les Centres de recherche et les Soci\u00e9t\u00e9s innovatrices, permettent la recherche de solutions et de propositions diff\u00e9rentes pour r\u00e9gler un m\u00eame probl\u00e8me, afin d\u2019obtenir un rendement efficace et durable des infrastructures dans lesquelles URCI participe. La reconnaissance \u00e0 l\u2019activit\u00e9 de Recherche, de D\u00e9veloppement et d\u2019Innovation technologique de URCI vient \u00e0 travers le certificat de PME innovatrice conc\u00e9d\u00e9 de la part du Minist\u00e8re de la science et de l&#8217;innovation. <\/p>\r\n        <\/div>\r\n        <div class=\"img-der\"><img decoding=\"async\" src=\"https:\/\/urciconsultores.com\/fr\/wp-content\/uploads\/intro-idi.jpg\"><\/div>\r\n    <\/article>\r\n<\/section>\r\n<section class=\"proyectos-idi\">\r\n    <article class=\"cuerpo\">\r\n        <div class=\"flotar\">\r\n            <h2>Projets attest\u00e9s:<\/h2>\r\n            <div class=\"caja\">\r\n                <img decoding=\"async\" src=\"https:\/\/urciconsultores.com\/fr\/wp-content\/uploads\/proyectos-idi-uno.jpg\">\r\n                <h3>Se\u00f1aTools: <\/h3>\r\n                <p>outil de signalisation automatique en conception assist\u00e9e par ordinateur<\/p>\r\n                <a href=\"senatools\">plus d&#8217;infos [+]<\/a>\r\n            <\/div>\r\n            <div class=\"caja\">\r\n                <img decoding=\"async\" src=\"https:\/\/urciconsultores.com\/fr\/wp-content\/uploads\/proyectos-idi-dos.jpg\">\r\n                <h3>NovTalud: <\/h3>\r\n                <p>\u00e9tude et d\u00e9veloppement exp\u00e9rimental d\u2019alternatives de contention pour&#8230;<\/p>\r\n                <a href=\"novtalud\">plus d&#8217;infos [+]<\/a>\r\n            <\/div>\r\n        <\/div>\r\n        <div class=\"flotar\">\r\n            <h2 class=\"ultimo\">Projets en Recherche et D\u00e9veloppement:<\/h2>\r\n            <div class=\"caja\">\r\n                <img decoding=\"async\" src=\"https:\/\/urciconsultores.com\/fr\/wp-content\/uploads\/proyectos-idi-tres.jpg\">\r\n                <h3>Utilisation de drones: <\/h3>\r\n                <p>applications pratiques de l\u2019utilisation de v\u00e9hicules a\u00e9riens sans&#8230;<\/p>\r\n                <a href=\"utilisation-de-drones\">plus d&#8217;infos [+]<\/a>\r\n            <\/div>\r\n            <div class=\"caja\">\r\n                <img decoding=\"async\" src=\"https:\/\/urciconsultores.com\/fr\/wp-content\/uploads\/proyectos-idi-cuatro.jpg\">\r\n                <h3>ExproURCI: <\/h3>\r\n                <p>application pour la gestion, les d\u00e9marches, l\u2019obtention et la r\u00e9gularisation&#8230;<\/p>\r\n                <a href=\"exprourci\">plus d&#8217;infos [+]<\/a>\r\n            <\/div>\r\n        <\/div>\r\n        <div class=\"limpiar\"><\/div>\r\n    <\/article>\r\n<\/section>\r\n<!--<section class=\"cajas-idi\">\r\n    <article class=\"cuerpo\">\r\n        <div class=\"cajas\">\r\n            <h3>Misi\u00f3n<\/h3>\r\n            <p>URCI tiene como misi\u00f3n ser una ingenier\u00eda independiente, con vocaci\u00f3n de realizar proyectos y consultor\u00eda en todas las fases del ciclo de un proyecto, en las \u00e1reas de infraestructuras y energ\u00eda, para organismos p\u00fablicos y empresas privadas y con la mayor calidad t\u00e9cnica y el mejor servicio al cliente, satisfaciendo y superando las expectativas de los clientes con el fin \u00faltimo de mejorar la calidad de vida y el entorno de los ciudadanos y de la sociedad mediante la innovaci\u00f3n y el conocimiento avanzado experto en consultor\u00eda e ingenier\u00eda.<\/p>\r\n        <\/div>\r\n        <div class=\"cajas\">\r\n            <h3>Visi\u00f3n<\/h3>\r\n            <p>URCI tiene como visi\u00f3n consolidarse como una ingenier\u00eda y consultor\u00eda de referencia en Espa\u00f1a y en todo el continente americano, aportando valor y mejorando la calidad a las sociedades a las que presta servicios, liderando para este fin soluciones avanzadas cient\u00edfico-t\u00e9cnicas de alto valor a\u00f1adido de consultor\u00eda en ingenier\u00eda y consultor\u00eda de obras. donde la innovaci\u00f3n ha de ser un proceso integrado, global y transversal, permeable a ideas nuevas y colaboraciones y generador de conocimiento.<\/p>\r\n        <\/div>\r\n        <div class=\"cajas ultima\">\r\n            <h3>Valores<\/h3>\r\n            <p>Los valores de I+D+i se alinean con los valores de URCI:<\/p>\r\n            <ul>\r\n                <li>Transparencia<\/li>\r\n                <li>Excelencia<\/li>\r\n                <li>Rigor<\/li>\r\n                <li>Responsabilidad Social<\/li>\r\n                <li>Eficiencia<\/li>\r\n                <li>Independencia<\/li>\r\n            <\/ul>\r\n        <\/div>\r\n        <div class=\"limpiar\"><\/div>\r\n    <\/article>\r\n<\/section>\r\n<section class=\"cuerpogrande-idi\">\r\n    <article class=\"cuerpo\">\r\n        <h2>Estrategia<\/h2>\r\n        <p class=\"intro\">La visi\u00f3n de URCI se despliega en su estrategia. En este sentido, se definen seguidamente los principales par\u00e1metros que rigen la estrategia de URCI:<\/p>\r\n        <ul>\r\n            <li><span>Tipo de innovaci\u00f3n:<\/span><\/li>\r\n            <ul class=\"sub\">\r\n                <li><span><b>Innovaci\u00f3n en proceso.<\/b> En un entorno cambiante URCI es consciente de la necesidad desarrollar, implementar y controlar los procesos.  En este sentido la innovaci\u00f3n en herramientas inform\u00e1ticas es cr\u00edtico.<\/span><\/li>\r\n                <li><span><b>Innovaci\u00f3n en producto y servicio.<\/b> URCI considera la innovaci\u00f3n en sus productos y servicios como el n\u00facleo para su perpetuaci\u00f3n en el tiempo y de su crecimiento sostenible.<\/span><\/li>\r\n            <\/ul>\r\n            <li><span>Nivel de novedad:<\/span><\/li>\r\n            <p>URCI se centra en la innovaci\u00f3n incremental, considerada la m\u00e1s adecuada para el sector de URCI, fuertemente resiliente al cambio.<\/p>\r\n            <li><span><b>Posici\u00f3n competitiva:<\/b><\/span><\/li>\r\n            <p>De acuerdo con las 5 Fuerzas de Porter, la estrategia de URCI se orienta a <b>presentar una propuesta diferenciadora<\/b>, basada en su conocimiento y soluciones competitivas resultado de sus proyectos de I+D+i.<\/p>\r\n            <p>URCI ha definido las l\u00edneas estrat\u00e9gicas de I+D+i de la que emanan sus ideas y proyectos:<\/p>\r\n            <ul class=\"sub\">\r\n                <li><span>Dise\u00f1o, mejora, pruebas y validaci\u00f3n de materiales de construcci\u00f3n de infraestructuras civiles e industriales.<\/span><\/li>\r\n                <li><span>Investigaci\u00f3n de procesos medioambientalmente sostenible<\/span><\/li>\r\n                <li><span>Nuevos procesos de geolog\u00eda y geotecnia, hidrolog\u00eda e hidr\u00e1ulica, estructuras y se\u00f1alizaci\u00f3n.<\/span><\/li>\r\n                <li><span>Herramientas inform\u00e1ticas y software de mejora de procesos propios de URCI.<\/span><\/li>\r\n            <\/ul>\r\n        <\/ul>\r\n    <\/article>\r\n<\/section>\r\n<section class=\"cuerpogrande-idi politica\">\r\n    <article class=\"cuerpo\">\r\n        <h2>Pol\u00edtica<\/h2>\r\n        <p class=\"intro\">URCI establece su sistema de gesti\u00f3n de I+D+i con el fin de ser empresa de referencia nacional e internacional en consultor\u00eda, siendo la I+D+i el eje de su crecimiento y competitividad.<\/p>\r\n        <p class=\"intro\">La Direcci\u00f3n de URCI establece una pol\u00edtica de I+D+i que:<\/p>\r\n        <ul>\r\n            <li><span>Se adec\u00faa al prop\u00f3sito estrat\u00e9gico de URCI, a su misi\u00f3n, valores y objetivos de I+D+i.<\/span><\/li>\r\n            <li><span>Conforma el marco de referencia el establecimiento y revisi\u00f3n de los objetivos de I+D+i.<\/span><\/li>\r\n            <li><span>Incluye el compromiso de cumplir con los requisitos de la norma UNE 166002:2014 y el compromiso de mejora continua del sistema de gesti\u00f3n de la I+D+i.<\/span><\/li>\r\n            <li><span>Se documenta, implanta, actualiza, comunica y se comprende por todo el personal de URCI.<\/span><\/li>\r\n            <li><span>Se transmite y se fomenta entre el personal de URCI.<\/span><\/li>\r\n            <li><span>Motiva y estimula la participaci\u00f3n en proyectos de I+D+i.<\/span><\/li>\r\n            <li><span>Fomenta la cooperaci\u00f3n empresarial y con Universidades y Centros Tecnol\u00f3gicos y de Investigaci\u00f3n.<\/span><\/li>\r\n        <\/ul>\r\n    <\/article>\r\n<\/section>-->","protected":false},"excerpt":{"rendered":"R+D+I R+D+I URCI est consciente que le d\u00e9fi de l\u2019ing\u00e9nierie passe par la Recherche, le D\u00e9veloppement et l\u2019Innovation comme l\u2019un des piliers fondamentaux de la maintenance et de la croissance dans le secteur qui se d\u00e9veloppe. Elle \u00e9tablit, comme un objectif fondamental pour la Soci\u00e9t\u00e9, l\u2019Innovation, ce qui lui permettra une position mise en relief [&hellip;]","protected":false},"author":2,"featured_media":0,"parent":0,"menu_order":0,"comment_status":"closed","ping_status":"closed","template":"","meta":{"footnotes":""},"class_list":["post-1471","page","type-page","status-publish","hentry"],"yoast_head":"<!-- This site is optimized with the Yoast SEO plugin v26.8 - https:\/\/yoast.com\/product\/yoast-seo-wordpress\/ -->\n<title>R+D+I - Urci Consultores<\/title>\n<meta name=\"robots\" content=\"index, follow, max-snippet:-1, max-image-preview:large, max-video-preview:-1\" \/>\n<link rel=\"canonical\" href=\"https:\/\/urciconsultores.com\/fr\/rdi\/\" \/>\n<meta property=\"og:locale\" content=\"es_ES\" \/>\n<meta property=\"og:type\" content=\"article\" \/>\n<meta property=\"og:title\" content=\"R+D+I - Urci Consultores\" \/>\n<meta property=\"og:description\" content=\"R+D+I R+D+I URCI est consciente que le d\u00e9fi de l\u2019ing\u00e9nierie passe par la Recherche, le D\u00e9veloppement et l\u2019Innovation comme l\u2019un des piliers fondamentaux de la maintenance et de la croissance dans le secteur qui se d\u00e9veloppe. Elle \u00e9tablit, comme un objectif fondamental pour la Soci\u00e9t\u00e9, l\u2019Innovation, ce qui lui permettra une position mise en relief [&hellip;]\" \/>\n<meta property=\"og:url\" content=\"https:\/\/urciconsultores.com\/fr\/rdi\/\" \/>\n<meta property=\"og:site_name\" content=\"Urci Consultores\" \/>\n<meta property=\"article:modified_time\" content=\"2020-09-18T10:22:34+00:00\" \/>\n<meta property=\"og:image\" content=\"https:\/\/urciconsultores.com\/fr\/wp-content\/uploads\/intro-idi.jpg\" \/>\n<meta name=\"twitter:card\" content=\"summary_large_image\" \/>\n<meta name=\"twitter:label1\" content=\"Tiempo de lectura\" \/>\n\t<meta name=\"twitter:data1\" content=\"1 minuto\" \/>\n<script type=\"application\/ld+json\" class=\"yoast-schema-graph\">{\"@context\":\"https:\/\/schema.org\",\"@graph\":[{\"@type\":\"WebPage\",\"@id\":\"https:\/\/urciconsultores.com\/fr\/rdi\/\",\"url\":\"https:\/\/urciconsultores.com\/fr\/rdi\/\",\"name\":\"R+D+I - Urci Consultores\",\"isPartOf\":{\"@id\":\"https:\/\/urciconsultores.com\/fr\/#website\"},\"primaryImageOfPage\":{\"@id\":\"https:\/\/urciconsultores.com\/fr\/rdi\/#primaryimage\"},\"image\":{\"@id\":\"https:\/\/urciconsultores.com\/fr\/rdi\/#primaryimage\"},\"thumbnailUrl\":\"https:\/\/urciconsultores.com\/fr\/wp-content\/uploads\/intro-idi.jpg\",\"datePublished\":\"2020-09-07T09:19:20+00:00\",\"dateModified\":\"2020-09-18T10:22:34+00:00\",\"breadcrumb\":{\"@id\":\"https:\/\/urciconsultores.com\/fr\/rdi\/#breadcrumb\"},\"inLanguage\":\"es\",\"potentialAction\":[{\"@type\":\"ReadAction\",\"target\":[\"https:\/\/urciconsultores.com\/fr\/rdi\/\"]}]},{\"@type\":\"ImageObject\",\"inLanguage\":\"es\",\"@id\":\"https:\/\/urciconsultores.com\/fr\/rdi\/#primaryimage\",\"url\":\"https:\/\/urciconsultores.com\/fr\/wp-content\/uploads\/intro-idi.jpg\",\"contentUrl\":\"https:\/\/urciconsultores.com\/fr\/wp-content\/uploads\/intro-idi.jpg\"},{\"@type\":\"BreadcrumbList\",\"@id\":\"https:\/\/urciconsultores.com\/fr\/rdi\/#breadcrumb\",\"itemListElement\":[{\"@type\":\"ListItem\",\"position\":1,\"name\":\"Portada\",\"item\":\"https:\/\/urciconsultores.com\/fr\/\"},{\"@type\":\"ListItem\",\"position\":2,\"name\":\"R+D+I\"}]},{\"@type\":\"WebSite\",\"@id\":\"https:\/\/urciconsultores.com\/fr\/#website\",\"url\":\"https:\/\/urciconsultores.com\/fr\/\",\"name\":\"Urci Consultores\",\"description\":\"Urci Consultores\",\"potentialAction\":[{\"@type\":\"SearchAction\",\"target\":{\"@type\":\"EntryPoint\",\"urlTemplate\":\"https:\/\/urciconsultores.com\/fr\/?s={search_term_string}\"},\"query-input\":{\"@type\":\"PropertyValueSpecification\",\"valueRequired\":true,\"valueName\":\"search_term_string\"}}],\"inLanguage\":\"es\"}]}<\/script>\n<!-- \/ Yoast SEO plugin. -->","yoast_head_json":{"title":"R+D+I - Urci Consultores","robots":{"index":"index","follow":"follow","max-snippet":"max-snippet:-1","max-image-preview":"max-image-preview:large","max-video-preview":"max-video-preview:-1"},"canonical":"https:\/\/urciconsultores.com\/fr\/rdi\/","og_locale":"es_ES","og_type":"article","og_title":"R+D+I - Urci Consultores","og_description":"R+D+I R+D+I URCI est consciente que le d\u00e9fi de l\u2019ing\u00e9nierie passe par la Recherche, le D\u00e9veloppement et l\u2019Innovation comme l\u2019un des piliers fondamentaux de la maintenance et de la croissance dans le secteur qui se d\u00e9veloppe. Elle \u00e9tablit, comme un objectif fondamental pour la Soci\u00e9t\u00e9, l\u2019Innovation, ce qui lui permettra une position mise en relief [&hellip;]","og_url":"https:\/\/urciconsultores.com\/fr\/rdi\/","og_site_name":"Urci Consultores","article_modified_time":"2020-09-18T10:22:34+00:00","og_image":[{"url":"https:\/\/urciconsultores.com\/fr\/wp-content\/uploads\/intro-idi.jpg","type":"","width":"","height":""}],"twitter_card":"summary_large_image","twitter_misc":{"Tiempo de lectura":"1 minuto"},"schema":{"@context":"https:\/\/schema.org","@graph":[{"@type":"WebPage","@id":"https:\/\/urciconsultores.com\/fr\/rdi\/","url":"https:\/\/urciconsultores.com\/fr\/rdi\/","name":"R+D+I - Urci Consultores","isPartOf":{"@id":"https:\/\/urciconsultores.com\/fr\/#website"},"primaryImageOfPage":{"@id":"https:\/\/urciconsultores.com\/fr\/rdi\/#primaryimage"},"image":{"@id":"https:\/\/urciconsultores.com\/fr\/rdi\/#primaryimage"},"thumbnailUrl":"https:\/\/urciconsultores.com\/fr\/wp-content\/uploads\/intro-idi.jpg","datePublished":"2020-09-07T09:19:20+00:00","dateModified":"2020-09-18T10:22:34+00:00","breadcrumb":{"@id":"https:\/\/urciconsultores.com\/fr\/rdi\/#breadcrumb"},"inLanguage":"es","potentialAction":[{"@type":"ReadAction","target":["https:\/\/urciconsultores.com\/fr\/rdi\/"]}]},{"@type":"ImageObject","inLanguage":"es","@id":"https:\/\/urciconsultores.com\/fr\/rdi\/#primaryimage","url":"https:\/\/urciconsultores.com\/fr\/wp-content\/uploads\/intro-idi.jpg","contentUrl":"https:\/\/urciconsultores.com\/fr\/wp-content\/uploads\/intro-idi.jpg"},{"@type":"BreadcrumbList","@id":"https:\/\/urciconsultores.com\/fr\/rdi\/#breadcrumb","itemListElement":[{"@type":"ListItem","position":1,"name":"Portada","item":"https:\/\/urciconsultores.com\/fr\/"},{"@type":"ListItem","position":2,"name":"R+D+I"}]},{"@type":"WebSite","@id":"https:\/\/urciconsultores.com\/fr\/#website","url":"https:\/\/urciconsultores.com\/fr\/","name":"Urci Consultores","description":"Urci Consultores","potentialAction":[{"@type":"SearchAction","target":{"@type":"EntryPoint","urlTemplate":"https:\/\/urciconsultores.com\/fr\/?s={search_term_string}"},"query-input":{"@type":"PropertyValueSpecification","valueRequired":true,"valueName":"search_term_string"}}],"inLanguage":"es"}]}},"_links":{"self":[{"href":"https:\/\/urciconsultores.com\/fr\/wp-json\/wp\/v2\/pages\/1471","targetHints":{"allow":["GET"]}}],"collection":[{"href":"https:\/\/urciconsultores.com\/fr\/wp-json\/wp\/v2\/pages"}],"about":[{"href":"https:\/\/urciconsultores.com\/fr\/wp-json\/wp\/v2\/types\/page"}],"author":[{"embeddable":true,"href":"https:\/\/urciconsultores.com\/fr\/wp-json\/wp\/v2\/users\/2"}],"replies":[{"embeddable":true,"href":"https:\/\/urciconsultores.com\/fr\/wp-json\/wp\/v2\/comments?post=1471"}],"version-history":[{"count":6,"href":"https:\/\/urciconsultores.com\/fr\/wp-json\/wp\/v2\/pages\/1471\/revisions"}],"predecessor-version":[{"id":1594,"href":"https:\/\/urciconsultores.com\/fr\/wp-json\/wp\/v2\/pages\/1471\/revisions\/1594"}],"wp:attachment":[{"href":"https:\/\/urciconsultores.com\/fr\/wp-json\/wp\/v2\/media?parent=1471"}],"curies":[{"name":"wp","href":"https:\/\/api.w.org\/{rel}","templated":true}]}}