{"id":1475,"date":"2020-09-07T09:20:16","date_gmt":"2020-09-07T09:20:16","guid":{"rendered":"http:\/\/urciconsultores.com\/fr\/?page_id=1475"},"modified":"2020-09-07T10:57:54","modified_gmt":"2020-09-07T10:57:54","slug":"novtalud","status":"publish","type":"page","link":"https:\/\/urciconsultores.com\/fr\/novtalud\/","title":{"rendered":"NovTalud"},"content":{"rendered":"<section class=\"cabecera-interior idi\">\r\n    <article class=\"cuerpo\">\r\n        <h1>R+D+I<\/h1>\r\n    <\/article>\r\n<\/section>\r\n<section class=\"intro-fichaidi\">\r\n    <article class=\"cuerpo\">\r\n        <div class=\"img-resp\"><img decoding=\"async\" src=\"https:\/\/urciconsultores.com\/fr\/wp-content\/uploads\/intro-fichaidi-novtalud.jpg\"><\/div>\r\n        <div class=\"texto-izq\">\r\n            <h2>NovTalud<\/h2>\r\n            <h3>Titre:<\/h3>\r\n            <p>\u00c9tude et d\u00e9veloppement exp\u00e9rimental d\u2019alternatives de contention pour les enrochements non ad\u00e9quats<\/p>\r\n            <h3>Objectif:<\/h3>\r\n            <p>Analyse de l\u2019utilisation d\u2019enrochements non ad\u00e9quats comme parois de contention de talus permettant l\u2019utilisation de mat\u00e9riaux proches aux travaux en ex\u00e9cution, \u00e9tablissant un mod\u00e8le de travail orient\u00e9 vers la stabilisation de ces mat\u00e9riaux.<\/p>\r\n        <\/div>\r\n        <div class=\"img-der\"><img decoding=\"async\" src=\"https:\/\/urciconsultores.com\/fr\/wp-content\/uploads\/intro-fichaidi-novtalud.jpg\"><\/div>\r\n        <h3 class=\"desc\">Description:<\/h3>\r\n        <p>Ce projet a \u00e9t\u00e9 d\u00e9velopp\u00e9 en collaboration et coop\u00e9ration entre les Entit\u00e9s innovatrices:<\/p>\r\n        <ul>\r\n            <li>Construcci\u00f3n S\u00e1nchez Dom\u00ednguez, SANDO, S.A.<\/li>\r\n            <li>URCI Consultores, S.L.<\/li>\r\n        <\/ul>\r\n        <p>Les mat\u00e9riaux \u00e0 disposer pour leur utilisation comme enrochement sur talus ne sont pas toujours \u00e0 la disposition des travaux \u00e0 ex\u00e9cuter dans certaines zones, ce qui oblige \u00e0 adopter ou bien des solutions diff\u00e9rentes ou, dans d\u2019autres cas, \u00e0 impliquer une distance de transport \u00e9lev\u00e9e depuis une carri\u00e8re qui dispose du mat\u00e9riau appropri\u00e9, ce qui entra\u00eene les actions plus on\u00e9reuses et perdant la comp\u00e9titivit\u00e9. <\/p>\r\n        <p>\u00c0 d\u2019autres occasions, il se trouve qu\u2019il existe des carri\u00e8res proches de la zone de travail qui disposent de mat\u00e9riau ayant les diam\u00e8tres requis, mais leurs propri\u00e9t\u00e9s ne respectent pas les sp\u00e9cifications techniques n\u00e9cessaires.<\/p>\r\n        <p>Face \u00e0 cette situation, le projet effectue une \u00e9tude et une exp\u00e9rimentation pour identifier les m\u00e9thodologies alternatives qui am\u00e9liorent les processus et l\u2019application de ces mat\u00e9riaux adaptant leur utilisation au terrain, appliquant les couches correspondantes et obtenant les niveaux de stabilit\u00e9 durables dans des zones propices \u00e0 la filtration d\u2019eaux. <\/p>\r\n        <p>C\u2019est pourquoi il est envisag\u00e9 d\u2019appliquer ces mat\u00e9riaux non ad\u00e9quats \u00e0 travers une m\u00e9thodologie nouvelle dans l&#8217;ex\u00e9cution de parois d\u2019enrochement, extraite de processus exp\u00e9rimentaux sur le terrain pour leur utilisation sur des talus instables comme sout\u00e8nement.<\/p>\r\n        <p>L\u2019application de ce projet a \u00e9t\u00e9 dispos\u00e9 dans les traitements de talus sur la voie rapide A-48 et sur la route N-340, les deux dans la province de Cadix.<\/p>\r\n    <\/article>\r\n<\/section>","protected":false},"excerpt":{"rendered":"R+D+I NovTalud Titre: \u00c9tude et d\u00e9veloppement exp\u00e9rimental d\u2019alternatives de contention pour les enrochements non ad\u00e9quats Objectif: Analyse de l\u2019utilisation d\u2019enrochements non ad\u00e9quats comme parois de contention de talus permettant l\u2019utilisation de mat\u00e9riaux proches aux travaux en ex\u00e9cution, \u00e9tablissant un mod\u00e8le de travail orient\u00e9 vers la stabilisation de ces mat\u00e9riaux. Description: Ce projet a \u00e9t\u00e9 d\u00e9velopp\u00e9 [&hellip;]","protected":false},"author":2,"featured_media":0,"parent":0,"menu_order":0,"comment_status":"closed","ping_status":"closed","template":"","meta":{"footnotes":""},"class_list":["post-1475","page","type-page","status-publish","hentry"],"yoast_head":"<!-- This site is optimized with the Yoast SEO plugin v26.8 - https:\/\/yoast.com\/product\/yoast-seo-wordpress\/ -->\n<title>NovTalud - Urci Consultores<\/title>\n<meta name=\"robots\" content=\"index, follow, max-snippet:-1, max-image-preview:large, max-video-preview:-1\" \/>\n<link rel=\"canonical\" href=\"https:\/\/urciconsultores.com\/fr\/novtalud\/\" \/>\n<meta property=\"og:locale\" content=\"es_ES\" \/>\n<meta property=\"og:type\" content=\"article\" \/>\n<meta property=\"og:title\" content=\"NovTalud - Urci Consultores\" \/>\n<meta property=\"og:description\" content=\"R+D+I NovTalud Titre: \u00c9tude et d\u00e9veloppement exp\u00e9rimental d\u2019alternatives de contention pour les enrochements non ad\u00e9quats Objectif: Analyse de l\u2019utilisation d\u2019enrochements non ad\u00e9quats comme parois de contention de talus permettant l\u2019utilisation de mat\u00e9riaux proches aux travaux en ex\u00e9cution, \u00e9tablissant un mod\u00e8le de travail orient\u00e9 vers la stabilisation de ces mat\u00e9riaux. Description: Ce projet a \u00e9t\u00e9 d\u00e9velopp\u00e9 [&hellip;]\" \/>\n<meta property=\"og:url\" content=\"https:\/\/urciconsultores.com\/fr\/novtalud\/\" \/>\n<meta property=\"og:site_name\" content=\"Urci Consultores\" \/>\n<meta property=\"article:modified_time\" content=\"2020-09-07T10:57:54+00:00\" \/>\n<meta property=\"og:image\" content=\"https:\/\/urciconsultores.com\/fr\/wp-content\/uploads\/intro-fichaidi-novtalud.jpg\" \/>\n<meta name=\"twitter:card\" content=\"summary_large_image\" \/>\n<meta name=\"twitter:label1\" content=\"Tiempo de lectura\" \/>\n\t<meta name=\"twitter:data1\" content=\"2 minutos\" \/>\n<script type=\"application\/ld+json\" class=\"yoast-schema-graph\">{\"@context\":\"https:\/\/schema.org\",\"@graph\":[{\"@type\":\"WebPage\",\"@id\":\"https:\/\/urciconsultores.com\/fr\/novtalud\/\",\"url\":\"https:\/\/urciconsultores.com\/fr\/novtalud\/\",\"name\":\"NovTalud - Urci Consultores\",\"isPartOf\":{\"@id\":\"https:\/\/urciconsultores.com\/fr\/#website\"},\"primaryImageOfPage\":{\"@id\":\"https:\/\/urciconsultores.com\/fr\/novtalud\/#primaryimage\"},\"image\":{\"@id\":\"https:\/\/urciconsultores.com\/fr\/novtalud\/#primaryimage\"},\"thumbnailUrl\":\"https:\/\/urciconsultores.com\/fr\/wp-content\/uploads\/intro-fichaidi-novtalud.jpg\",\"datePublished\":\"2020-09-07T09:20:16+00:00\",\"dateModified\":\"2020-09-07T10:57:54+00:00\",\"breadcrumb\":{\"@id\":\"https:\/\/urciconsultores.com\/fr\/novtalud\/#breadcrumb\"},\"inLanguage\":\"es\",\"potentialAction\":[{\"@type\":\"ReadAction\",\"target\":[\"https:\/\/urciconsultores.com\/fr\/novtalud\/\"]}]},{\"@type\":\"ImageObject\",\"inLanguage\":\"es\",\"@id\":\"https:\/\/urciconsultores.com\/fr\/novtalud\/#primaryimage\",\"url\":\"https:\/\/urciconsultores.com\/fr\/wp-content\/uploads\/intro-fichaidi-novtalud.jpg\",\"contentUrl\":\"https:\/\/urciconsultores.com\/fr\/wp-content\/uploads\/intro-fichaidi-novtalud.jpg\"},{\"@type\":\"BreadcrumbList\",\"@id\":\"https:\/\/urciconsultores.com\/fr\/novtalud\/#breadcrumb\",\"itemListElement\":[{\"@type\":\"ListItem\",\"position\":1,\"name\":\"Portada\",\"item\":\"https:\/\/urciconsultores.com\/fr\/\"},{\"@type\":\"ListItem\",\"position\":2,\"name\":\"NovTalud\"}]},{\"@type\":\"WebSite\",\"@id\":\"https:\/\/urciconsultores.com\/fr\/#website\",\"url\":\"https:\/\/urciconsultores.com\/fr\/\",\"name\":\"Urci Consultores\",\"description\":\"Urci Consultores\",\"potentialAction\":[{\"@type\":\"SearchAction\",\"target\":{\"@type\":\"EntryPoint\",\"urlTemplate\":\"https:\/\/urciconsultores.com\/fr\/?s={search_term_string}\"},\"query-input\":{\"@type\":\"PropertyValueSpecification\",\"valueRequired\":true,\"valueName\":\"search_term_string\"}}],\"inLanguage\":\"es\"}]}<\/script>\n<!-- \/ Yoast SEO plugin. -->","yoast_head_json":{"title":"NovTalud - Urci Consultores","robots":{"index":"index","follow":"follow","max-snippet":"max-snippet:-1","max-image-preview":"max-image-preview:large","max-video-preview":"max-video-preview:-1"},"canonical":"https:\/\/urciconsultores.com\/fr\/novtalud\/","og_locale":"es_ES","og_type":"article","og_title":"NovTalud - Urci Consultores","og_description":"R+D+I NovTalud Titre: \u00c9tude et d\u00e9veloppement exp\u00e9rimental d\u2019alternatives de contention pour les enrochements non ad\u00e9quats Objectif: Analyse de l\u2019utilisation d\u2019enrochements non ad\u00e9quats comme parois de contention de talus permettant l\u2019utilisation de mat\u00e9riaux proches aux travaux en ex\u00e9cution, \u00e9tablissant un mod\u00e8le de travail orient\u00e9 vers la stabilisation de ces mat\u00e9riaux. Description: Ce projet a \u00e9t\u00e9 d\u00e9velopp\u00e9 [&hellip;]","og_url":"https:\/\/urciconsultores.com\/fr\/novtalud\/","og_site_name":"Urci Consultores","article_modified_time":"2020-09-07T10:57:54+00:00","og_image":[{"url":"https:\/\/urciconsultores.com\/fr\/wp-content\/uploads\/intro-fichaidi-novtalud.jpg","type":"","width":"","height":""}],"twitter_card":"summary_large_image","twitter_misc":{"Tiempo de lectura":"2 minutos"},"schema":{"@context":"https:\/\/schema.org","@graph":[{"@type":"WebPage","@id":"https:\/\/urciconsultores.com\/fr\/novtalud\/","url":"https:\/\/urciconsultores.com\/fr\/novtalud\/","name":"NovTalud - Urci Consultores","isPartOf":{"@id":"https:\/\/urciconsultores.com\/fr\/#website"},"primaryImageOfPage":{"@id":"https:\/\/urciconsultores.com\/fr\/novtalud\/#primaryimage"},"image":{"@id":"https:\/\/urciconsultores.com\/fr\/novtalud\/#primaryimage"},"thumbnailUrl":"https:\/\/urciconsultores.com\/fr\/wp-content\/uploads\/intro-fichaidi-novtalud.jpg","datePublished":"2020-09-07T09:20:16+00:00","dateModified":"2020-09-07T10:57:54+00:00","breadcrumb":{"@id":"https:\/\/urciconsultores.com\/fr\/novtalud\/#breadcrumb"},"inLanguage":"es","potentialAction":[{"@type":"ReadAction","target":["https:\/\/urciconsultores.com\/fr\/novtalud\/"]}]},{"@type":"ImageObject","inLanguage":"es","@id":"https:\/\/urciconsultores.com\/fr\/novtalud\/#primaryimage","url":"https:\/\/urciconsultores.com\/fr\/wp-content\/uploads\/intro-fichaidi-novtalud.jpg","contentUrl":"https:\/\/urciconsultores.com\/fr\/wp-content\/uploads\/intro-fichaidi-novtalud.jpg"},{"@type":"BreadcrumbList","@id":"https:\/\/urciconsultores.com\/fr\/novtalud\/#breadcrumb","itemListElement":[{"@type":"ListItem","position":1,"name":"Portada","item":"https:\/\/urciconsultores.com\/fr\/"},{"@type":"ListItem","position":2,"name":"NovTalud"}]},{"@type":"WebSite","@id":"https:\/\/urciconsultores.com\/fr\/#website","url":"https:\/\/urciconsultores.com\/fr\/","name":"Urci Consultores","description":"Urci Consultores","potentialAction":[{"@type":"SearchAction","target":{"@type":"EntryPoint","urlTemplate":"https:\/\/urciconsultores.com\/fr\/?s={search_term_string}"},"query-input":{"@type":"PropertyValueSpecification","valueRequired":true,"valueName":"search_term_string"}}],"inLanguage":"es"}]}},"_links":{"self":[{"href":"https:\/\/urciconsultores.com\/fr\/wp-json\/wp\/v2\/pages\/1475","targetHints":{"allow":["GET"]}}],"collection":[{"href":"https:\/\/urciconsultores.com\/fr\/wp-json\/wp\/v2\/pages"}],"about":[{"href":"https:\/\/urciconsultores.com\/fr\/wp-json\/wp\/v2\/types\/page"}],"author":[{"embeddable":true,"href":"https:\/\/urciconsultores.com\/fr\/wp-json\/wp\/v2\/users\/2"}],"replies":[{"embeddable":true,"href":"https:\/\/urciconsultores.com\/fr\/wp-json\/wp\/v2\/comments?post=1475"}],"version-history":[{"count":2,"href":"https:\/\/urciconsultores.com\/fr\/wp-json\/wp\/v2\/pages\/1475\/revisions"}],"predecessor-version":[{"id":1520,"href":"https:\/\/urciconsultores.com\/fr\/wp-json\/wp\/v2\/pages\/1475\/revisions\/1520"}],"wp:attachment":[{"href":"https:\/\/urciconsultores.com\/fr\/wp-json\/wp\/v2\/media?parent=1475"}],"curies":[{"name":"wp","href":"https:\/\/api.w.org\/{rel}","templated":true}]}}