{"id":1479,"date":"2020-09-07T09:21:25","date_gmt":"2020-09-07T09:21:25","guid":{"rendered":"http:\/\/urciconsultores.com\/fr\/?page_id=1479"},"modified":"2020-09-07T10:59:33","modified_gmt":"2020-09-07T10:59:33","slug":"exprourci","status":"publish","type":"page","link":"https:\/\/urciconsultores.com\/fr\/exprourci\/","title":{"rendered":"ExproURCI"},"content":{"rendered":"<section class=\"cabecera-interior idi\">\r\n    <article class=\"cuerpo\">\r\n        <h1>R+D+I<\/h1>\r\n    <\/article>\r\n<\/section>\r\n<section class=\"intro-fichaidi\">\r\n    <article class=\"cuerpo\">\r\n        <div class=\"img-resp\"><img decoding=\"async\" src=\"https:\/\/urciconsultores.com\/fr\/wp-content\/uploads\/intro-fichaidi-expo.jpg\"><\/div>\r\n        <div class=\"texto-izq\">\r\n            <h2>ExproURCI<\/h2>\r\n            <h3>Titre:<\/h3>\r\n            <p>Application pour la gestion, les d\u00e9marches, l\u2019obtention et la r\u00e9gularisation des terrains n\u00e9cessaires pour l\u2019ex\u00e9cution d\u2019infrastructures.<\/p>\r\n            <h3>Objectif:<\/h3>\r\n            <p>Normalisation de processus et de proc\u00e9dures pour la disposition de terrains n\u00e9cessaires pour l\u2019ex\u00e9cution de travaux publics.<\/p>\r\n        <\/div>\r\n        <div class=\"img-der\"><img decoding=\"async\" src=\"https:\/\/urciconsultores.com\/fr\/wp-content\/uploads\/intro-fichaidi-expo.jpg\"><\/div>\r\n        <h3 class=\"desc\">Description:<\/h3>\r\n        <p>Les d\u00e9marches et la gestion des terrains n\u00e9cessaires pour l\u2019ex\u00e9cution d\u2019une infrastructure lin\u00e9aire, envisage une t\u00e2che ardue au moment de leur obtention, et ce motiv\u00e9 tant par la condition juridique du contribuable que par la condition l\u00e9gale de l\u2019immeuble.<\/p>\r\n        <p>\u00c0 travers les outils sur une plateforme GIS ou CAD, les terrains occup\u00e9s sont d\u00e9termin\u00e9s en fonction du lev\u00e9 topographique des parcelles et de la conception projet\u00e9e, en validant le r\u00e9sultat contre les informations cadastrales existantes dans les registres publics. Ceci permet de conna\u00eetre la surface d\u2019occupation r\u00e9elle du terrain, la pr\u00e9sence ou non de constructions, l\u2019exploitation de l\u2019utilisation du sol, et autres conditions qui pourraient exister.<\/p>\r\n        <p>Les parcelles affect\u00e9es obtenues, l\u2019application permet la normalisation des processus de lib\u00e9ration de ces terrains, sans qu\u2019il ne soit conditionn\u00e9 ni par la condition l\u00e9gale de l\u2019immeuble (propri\u00e9t\u00e9, location, possession, occupation) ni par la condition juridique du contribuable (propri\u00e9taire, d\u00e9tenteur ou occupant), afin d\u2019acc\u00e9l\u00e9rer le processus d\u2019acquisition, que ce soit par la voie du consentement mutuel ou par l\u2019expropriation du bien. <\/p>\r\n        <p>Le processus pr\u00e9vu dans le logiciel termine par l\u2019obtention du bien et son inscription aux registres publics au nom de l\u2019\u00c9tat, apr\u00e8s paiement pr\u00e9alable au contribuable de la compensation \u00e9conomique ou sa consignation au tribunal correspondant. <\/p>\r\n    <\/article>\r\n<\/section>","protected":false},"excerpt":{"rendered":"R+D+I ExproURCI Titre: Application pour la gestion, les d\u00e9marches, l\u2019obtention et la r\u00e9gularisation des terrains n\u00e9cessaires pour l\u2019ex\u00e9cution d\u2019infrastructures. Objectif: Normalisation de processus et de proc\u00e9dures pour la disposition de terrains n\u00e9cessaires pour l\u2019ex\u00e9cution de travaux publics. Description: Les d\u00e9marches et la gestion des terrains n\u00e9cessaires pour l\u2019ex\u00e9cution d\u2019une infrastructure lin\u00e9aire, envisage une t\u00e2che ardue [&hellip;]","protected":false},"author":2,"featured_media":0,"parent":0,"menu_order":0,"comment_status":"closed","ping_status":"closed","template":"","meta":{"footnotes":""},"class_list":["post-1479","page","type-page","status-publish","hentry"],"yoast_head":"<!-- This site is optimized with the Yoast SEO plugin v26.8 - https:\/\/yoast.com\/product\/yoast-seo-wordpress\/ -->\n<title>ExproURCI - Urci Consultores<\/title>\n<meta name=\"robots\" content=\"index, follow, max-snippet:-1, max-image-preview:large, max-video-preview:-1\" \/>\n<link rel=\"canonical\" href=\"https:\/\/urciconsultores.com\/fr\/exprourci\/\" \/>\n<meta property=\"og:locale\" content=\"es_ES\" \/>\n<meta property=\"og:type\" content=\"article\" \/>\n<meta property=\"og:title\" content=\"ExproURCI - Urci Consultores\" \/>\n<meta property=\"og:description\" content=\"R+D+I ExproURCI Titre: Application pour la gestion, les d\u00e9marches, l\u2019obtention et la r\u00e9gularisation des terrains n\u00e9cessaires pour l\u2019ex\u00e9cution d\u2019infrastructures. Objectif: Normalisation de processus et de proc\u00e9dures pour la disposition de terrains n\u00e9cessaires pour l\u2019ex\u00e9cution de travaux publics. Description: Les d\u00e9marches et la gestion des terrains n\u00e9cessaires pour l\u2019ex\u00e9cution d\u2019une infrastructure lin\u00e9aire, envisage une t\u00e2che ardue [&hellip;]\" \/>\n<meta property=\"og:url\" content=\"https:\/\/urciconsultores.com\/fr\/exprourci\/\" \/>\n<meta property=\"og:site_name\" content=\"Urci Consultores\" \/>\n<meta property=\"article:modified_time\" content=\"2020-09-07T10:59:33+00:00\" \/>\n<meta property=\"og:image\" content=\"https:\/\/urciconsultores.com\/fr\/wp-content\/uploads\/intro-fichaidi-expo.jpg\" \/>\n<meta name=\"twitter:card\" content=\"summary_large_image\" \/>\n<meta name=\"twitter:label1\" content=\"Tiempo de lectura\" \/>\n\t<meta name=\"twitter:data1\" content=\"1 minuto\" \/>\n<script type=\"application\/ld+json\" class=\"yoast-schema-graph\">{\"@context\":\"https:\/\/schema.org\",\"@graph\":[{\"@type\":\"WebPage\",\"@id\":\"https:\/\/urciconsultores.com\/fr\/exprourci\/\",\"url\":\"https:\/\/urciconsultores.com\/fr\/exprourci\/\",\"name\":\"ExproURCI - Urci Consultores\",\"isPartOf\":{\"@id\":\"https:\/\/urciconsultores.com\/fr\/#website\"},\"primaryImageOfPage\":{\"@id\":\"https:\/\/urciconsultores.com\/fr\/exprourci\/#primaryimage\"},\"image\":{\"@id\":\"https:\/\/urciconsultores.com\/fr\/exprourci\/#primaryimage\"},\"thumbnailUrl\":\"https:\/\/urciconsultores.com\/fr\/wp-content\/uploads\/intro-fichaidi-expo.jpg\",\"datePublished\":\"2020-09-07T09:21:25+00:00\",\"dateModified\":\"2020-09-07T10:59:33+00:00\",\"breadcrumb\":{\"@id\":\"https:\/\/urciconsultores.com\/fr\/exprourci\/#breadcrumb\"},\"inLanguage\":\"es\",\"potentialAction\":[{\"@type\":\"ReadAction\",\"target\":[\"https:\/\/urciconsultores.com\/fr\/exprourci\/\"]}]},{\"@type\":\"ImageObject\",\"inLanguage\":\"es\",\"@id\":\"https:\/\/urciconsultores.com\/fr\/exprourci\/#primaryimage\",\"url\":\"https:\/\/urciconsultores.com\/fr\/wp-content\/uploads\/intro-fichaidi-expo.jpg\",\"contentUrl\":\"https:\/\/urciconsultores.com\/fr\/wp-content\/uploads\/intro-fichaidi-expo.jpg\"},{\"@type\":\"BreadcrumbList\",\"@id\":\"https:\/\/urciconsultores.com\/fr\/exprourci\/#breadcrumb\",\"itemListElement\":[{\"@type\":\"ListItem\",\"position\":1,\"name\":\"Portada\",\"item\":\"https:\/\/urciconsultores.com\/fr\/\"},{\"@type\":\"ListItem\",\"position\":2,\"name\":\"ExproURCI\"}]},{\"@type\":\"WebSite\",\"@id\":\"https:\/\/urciconsultores.com\/fr\/#website\",\"url\":\"https:\/\/urciconsultores.com\/fr\/\",\"name\":\"Urci Consultores\",\"description\":\"Urci Consultores\",\"potentialAction\":[{\"@type\":\"SearchAction\",\"target\":{\"@type\":\"EntryPoint\",\"urlTemplate\":\"https:\/\/urciconsultores.com\/fr\/?s={search_term_string}\"},\"query-input\":{\"@type\":\"PropertyValueSpecification\",\"valueRequired\":true,\"valueName\":\"search_term_string\"}}],\"inLanguage\":\"es\"}]}<\/script>\n<!-- \/ Yoast SEO plugin. -->","yoast_head_json":{"title":"ExproURCI - Urci Consultores","robots":{"index":"index","follow":"follow","max-snippet":"max-snippet:-1","max-image-preview":"max-image-preview:large","max-video-preview":"max-video-preview:-1"},"canonical":"https:\/\/urciconsultores.com\/fr\/exprourci\/","og_locale":"es_ES","og_type":"article","og_title":"ExproURCI - Urci Consultores","og_description":"R+D+I ExproURCI Titre: Application pour la gestion, les d\u00e9marches, l\u2019obtention et la r\u00e9gularisation des terrains n\u00e9cessaires pour l\u2019ex\u00e9cution d\u2019infrastructures. Objectif: Normalisation de processus et de proc\u00e9dures pour la disposition de terrains n\u00e9cessaires pour l\u2019ex\u00e9cution de travaux publics. Description: Les d\u00e9marches et la gestion des terrains n\u00e9cessaires pour l\u2019ex\u00e9cution d\u2019une infrastructure lin\u00e9aire, envisage une t\u00e2che ardue [&hellip;]","og_url":"https:\/\/urciconsultores.com\/fr\/exprourci\/","og_site_name":"Urci Consultores","article_modified_time":"2020-09-07T10:59:33+00:00","og_image":[{"url":"https:\/\/urciconsultores.com\/fr\/wp-content\/uploads\/intro-fichaidi-expo.jpg","type":"","width":"","height":""}],"twitter_card":"summary_large_image","twitter_misc":{"Tiempo de lectura":"1 minuto"},"schema":{"@context":"https:\/\/schema.org","@graph":[{"@type":"WebPage","@id":"https:\/\/urciconsultores.com\/fr\/exprourci\/","url":"https:\/\/urciconsultores.com\/fr\/exprourci\/","name":"ExproURCI - Urci Consultores","isPartOf":{"@id":"https:\/\/urciconsultores.com\/fr\/#website"},"primaryImageOfPage":{"@id":"https:\/\/urciconsultores.com\/fr\/exprourci\/#primaryimage"},"image":{"@id":"https:\/\/urciconsultores.com\/fr\/exprourci\/#primaryimage"},"thumbnailUrl":"https:\/\/urciconsultores.com\/fr\/wp-content\/uploads\/intro-fichaidi-expo.jpg","datePublished":"2020-09-07T09:21:25+00:00","dateModified":"2020-09-07T10:59:33+00:00","breadcrumb":{"@id":"https:\/\/urciconsultores.com\/fr\/exprourci\/#breadcrumb"},"inLanguage":"es","potentialAction":[{"@type":"ReadAction","target":["https:\/\/urciconsultores.com\/fr\/exprourci\/"]}]},{"@type":"ImageObject","inLanguage":"es","@id":"https:\/\/urciconsultores.com\/fr\/exprourci\/#primaryimage","url":"https:\/\/urciconsultores.com\/fr\/wp-content\/uploads\/intro-fichaidi-expo.jpg","contentUrl":"https:\/\/urciconsultores.com\/fr\/wp-content\/uploads\/intro-fichaidi-expo.jpg"},{"@type":"BreadcrumbList","@id":"https:\/\/urciconsultores.com\/fr\/exprourci\/#breadcrumb","itemListElement":[{"@type":"ListItem","position":1,"name":"Portada","item":"https:\/\/urciconsultores.com\/fr\/"},{"@type":"ListItem","position":2,"name":"ExproURCI"}]},{"@type":"WebSite","@id":"https:\/\/urciconsultores.com\/fr\/#website","url":"https:\/\/urciconsultores.com\/fr\/","name":"Urci Consultores","description":"Urci Consultores","potentialAction":[{"@type":"SearchAction","target":{"@type":"EntryPoint","urlTemplate":"https:\/\/urciconsultores.com\/fr\/?s={search_term_string}"},"query-input":{"@type":"PropertyValueSpecification","valueRequired":true,"valueName":"search_term_string"}}],"inLanguage":"es"}]}},"_links":{"self":[{"href":"https:\/\/urciconsultores.com\/fr\/wp-json\/wp\/v2\/pages\/1479","targetHints":{"allow":["GET"]}}],"collection":[{"href":"https:\/\/urciconsultores.com\/fr\/wp-json\/wp\/v2\/pages"}],"about":[{"href":"https:\/\/urciconsultores.com\/fr\/wp-json\/wp\/v2\/types\/page"}],"author":[{"embeddable":true,"href":"https:\/\/urciconsultores.com\/fr\/wp-json\/wp\/v2\/users\/2"}],"replies":[{"embeddable":true,"href":"https:\/\/urciconsultores.com\/fr\/wp-json\/wp\/v2\/comments?post=1479"}],"version-history":[{"count":2,"href":"https:\/\/urciconsultores.com\/fr\/wp-json\/wp\/v2\/pages\/1479\/revisions"}],"predecessor-version":[{"id":1522,"href":"https:\/\/urciconsultores.com\/fr\/wp-json\/wp\/v2\/pages\/1479\/revisions\/1522"}],"wp:attachment":[{"href":"https:\/\/urciconsultores.com\/fr\/wp-json\/wp\/v2\/media?parent=1479"}],"curies":[{"name":"wp","href":"https:\/\/api.w.org\/{rel}","templated":true}]}}