{"id":1481,"date":"2020-09-07T09:21:52","date_gmt":"2020-09-07T09:21:52","guid":{"rendered":"http:\/\/urciconsultores.com\/fr\/?page_id=1481"},"modified":"2026-01-22T10:26:27","modified_gmt":"2026-01-22T10:26:27","slug":"qualite","status":"publish","type":"page","link":"https:\/\/urciconsultores.com\/fr\/qualite\/","title":{"rendered":"Qualit\u00e9"},"content":{"rendered":"<section class=\"cabecera-interior calidad\">\r\n    <article class=\"cuerpo\">\r\n        <h1>Syst\u00e8me de gestion int\u00e9gr\u00e9<\/h1>\r\n    <\/article>\r\n<\/section>\r\n<section class=\"intro-calidad\">\r\n    <article class=\"cuerpo\">\r\n        <div class=\"img-resp\"><img decoding=\"async\" src=\"https:\/\/urciconsultores.com\/fr\/wp-content\/uploads\/intro-calidad.jpg\"><\/div>\r\n        <div class=\"texto-izq\">\r\n            <h2>Syst\u00e8me de gestion int\u00e9gr\u00e9<\/h2>\r\n            <p>URCI a un syst\u00e8me de gestion int\u00e9gr\u00e9 environnemental, de qualit\u00e9, de s\u00e9curit\u00e9 et de sant\u00e9 au travail, et de R+D+i, implant\u00e9, conform\u00e9ment aux conditions requises qu\u2019\u00e9tablissent les normes UNE-EN-ISO 9001:2015, UNE-EN-ISO 14001:2015, UNE-EN-ISO 45001:2018 y ISO 56001:2024, dans le but ultime d\u2019obtenir la satisfaction de la soci\u00e9t\u00e9, des travailleurs, des fournisseurs et des clients, \u00e0 travers l\u2019ex\u00e9cution de toutes leurs conditions requises et attentes.<\/p>\r\n            <p>La Direction de URCI s\u2019engage sp\u00e9cifiquement \u00e0 respecter toutes les conditions requises applicables l\u00e9gales, r\u00e9glementaires et de clients, s\u2019engageant \u00e0 l\u2019am\u00e9lioration continue du syst\u00e8me de gestion, \u00e0 l\u2019am\u00e9lioration du d\u00e9veloppement environnemental et \u00e0 l\u2019am\u00e9lioration de la s\u00e9curit\u00e9 et de la sant\u00e9 au travail. <\/p>\r\n        <\/div>\r\n        <div class=\"img-der\"><img decoding=\"async\" src=\"https:\/\/urciconsultores.com\/fr\/wp-content\/uploads\/intro-calidad.jpg\"><\/div>\r\n    <\/article>\r\n<\/section>\r\n<section class=\"certs-calidad\">\r\n    <article class=\"cuerpo\">\r\n        <h3>Pour ce faire, URCI a comme directives de base les actions suivantes :<\/h3>\r\n        <ul>\r\n            <li><span>obtenir une gestion de ses services qui garantit l\u2019implantation et l\u2019expansion de la soci\u00e9t\u00e9 sur le march\u00e9, obtenant une durabilit\u00e9 \u00e0 l&#8217;avenir ;<\/span><\/li>\r\n            <li><span>maintenir une satisfaction appropri\u00e9e de clients pour pouvoir les fid\u00e9liser ;<\/span><\/li>\r\n            <li><span>disposer du personnel form\u00e9 et inform\u00e9 afin que les professionnels de la soci\u00e9t\u00e9 puissent d\u00e9velopper leur mission dans l\u2019organisation de la mani\u00e8re la plus appropri\u00e9e ;<\/span><\/li>\r\n            <li><span>obtenir que l\u2019activit\u00e9 professionnelle de URCI laisse la moindre empreinte environnementale dans l\u2019environnement en ayant un engagement pour la protection de l&#8217;environnement, y compris la pr\u00e9vention de la pollution, l\u2019utilisation durable de ressources, la mitigation et l\u2019adaptation au changement climatique, entre autres ;<\/span><\/li>\r\n            <li><span>int\u00e9grer l\u2019activit\u00e9 pr\u00e9ventive dans l\u2019activit\u00e9 quotidienne de la soci\u00e9t\u00e9 ;<\/span><\/li>\r\n            <li><span>\u00e9tablir comme principe de base d\u2019action de la soci\u00e9t\u00e9 l\u2019attitude innovatrice qui impr\u00e8gne tous les processus et qui nous sert \u00e0 \u00eatre \u00e0 l\u2019avant-garde du secteur. <\/span><\/li>\r\n        <\/ul>\r\n        <div class=\"certs\"><a href=\"https:\/\/urciconsultores.com\/pdf\/Certificado1.pdf\" target=\"_blank\" rel=\"noopener noreferrer\"><img decoding=\"async\" src=\"https:\/\/urciconsultores.com\/fr\/wp-content\/uploads\/certs-calidad-1.jpg\"><\/a><\/div>\r\n        <div class=\"certs\"><a href=\"https:\/\/urciconsultores.com\/pdf\/Certificado2.pdf\" target=\"_blank\" rel=\"noopener noreferrer\"><img decoding=\"async\" src=\"https:\/\/urciconsultores.com\/fr\/wp-content\/uploads\/certs-calidad-2.jpg\"><\/a><\/div>\r\n        <div class=\"certs\"><a href=\"https:\/\/urciconsultores.com\/pdf\/Certificado3.pdf\" target=\"_blank\" rel=\"noopener noreferrer\"><img decoding=\"async\" src=\"https:\/\/urciconsultores.com\/fr\/wp-content\/uploads\/certs-calidad-3.jpg\"><\/a><\/div>\r\n        <div class=\"certs\"><a href=\"https:\/\/urciconsultores.com\/pdf\/Certificado4.pdf\" target=\"_blank\" rel=\"noopener noreferrer\"><img decoding=\"async\" src=\"https:\/\/urciconsultores.com\/fr\/wp-content\/uploads\/certs-calidad-4.jpg\"><\/a><\/div>\r\n        <div class=\"certs\"><a href=\"https:\/\/urciconsultores.com\/pdf\/Certificado6.pdf\" target=\"_blank\" rel=\"noopener noreferrer\"><img decoding=\"async\" src=\"https:\/\/urciconsultores.com\/fr\/wp-content\/uploads\/certs-calidad-6.jpg\"><\/a><\/div>\r\n    <\/article>\r\n<\/section>","protected":false},"excerpt":{"rendered":"Syst\u00e8me de gestion int\u00e9gr\u00e9 Syst\u00e8me de gestion int\u00e9gr\u00e9 URCI a un syst\u00e8me de gestion int\u00e9gr\u00e9 environnemental, de qualit\u00e9, de s\u00e9curit\u00e9 et de sant\u00e9 au travail, et de R+D+i, implant\u00e9, conform\u00e9ment aux conditions requises qu\u2019\u00e9tablissent les normes UNE-EN-ISO 9001:2015, UNE-EN-ISO 14001:2015, UNE-EN-ISO 45001:2018 y ISO 56001:2024, dans le but ultime d\u2019obtenir la satisfaction de la soci\u00e9t\u00e9, [&hellip;]","protected":false},"author":2,"featured_media":0,"parent":0,"menu_order":0,"comment_status":"closed","ping_status":"closed","template":"","meta":{"footnotes":""},"class_list":["post-1481","page","type-page","status-publish","hentry"],"yoast_head":"<!-- This site is optimized with the Yoast SEO plugin v26.8 - https:\/\/yoast.com\/product\/yoast-seo-wordpress\/ -->\n<title>Qualit\u00e9 - Urci Consultores<\/title>\n<meta name=\"robots\" content=\"index, follow, max-snippet:-1, max-image-preview:large, max-video-preview:-1\" \/>\n<link rel=\"canonical\" href=\"https:\/\/urciconsultores.com\/fr\/qualite\/\" \/>\n<meta property=\"og:locale\" content=\"es_ES\" \/>\n<meta property=\"og:type\" content=\"article\" \/>\n<meta property=\"og:title\" content=\"Qualit\u00e9 - Urci Consultores\" \/>\n<meta property=\"og:description\" content=\"Syst\u00e8me de gestion int\u00e9gr\u00e9 Syst\u00e8me de gestion int\u00e9gr\u00e9 URCI a un syst\u00e8me de gestion int\u00e9gr\u00e9 environnemental, de qualit\u00e9, de s\u00e9curit\u00e9 et de sant\u00e9 au travail, et de R+D+i, implant\u00e9, conform\u00e9ment aux conditions requises qu\u2019\u00e9tablissent les normes UNE-EN-ISO 9001:2015, UNE-EN-ISO 14001:2015, UNE-EN-ISO 45001:2018 y ISO 56001:2024, dans le but ultime d\u2019obtenir la satisfaction de la soci\u00e9t\u00e9, [&hellip;]\" \/>\n<meta property=\"og:url\" content=\"https:\/\/urciconsultores.com\/fr\/qualite\/\" \/>\n<meta property=\"og:site_name\" content=\"Urci Consultores\" \/>\n<meta property=\"article:modified_time\" content=\"2026-01-22T10:26:27+00:00\" \/>\n<meta property=\"og:image\" content=\"https:\/\/urciconsultores.com\/fr\/wp-content\/uploads\/intro-calidad.jpg\" \/>\n<meta name=\"twitter:card\" content=\"summary_large_image\" \/>\n<meta name=\"twitter:label1\" content=\"Tiempo de lectura\" \/>\n\t<meta name=\"twitter:data1\" content=\"3 minutos\" \/>\n<script type=\"application\/ld+json\" class=\"yoast-schema-graph\">{\"@context\":\"https:\/\/schema.org\",\"@graph\":[{\"@type\":\"WebPage\",\"@id\":\"https:\/\/urciconsultores.com\/fr\/qualite\/\",\"url\":\"https:\/\/urciconsultores.com\/fr\/qualite\/\",\"name\":\"Qualit\u00e9 - Urci Consultores\",\"isPartOf\":{\"@id\":\"https:\/\/urciconsultores.com\/fr\/#website\"},\"primaryImageOfPage\":{\"@id\":\"https:\/\/urciconsultores.com\/fr\/qualite\/#primaryimage\"},\"image\":{\"@id\":\"https:\/\/urciconsultores.com\/fr\/qualite\/#primaryimage\"},\"thumbnailUrl\":\"https:\/\/urciconsultores.com\/fr\/wp-content\/uploads\/intro-calidad.jpg\",\"datePublished\":\"2020-09-07T09:21:52+00:00\",\"dateModified\":\"2026-01-22T10:26:27+00:00\",\"breadcrumb\":{\"@id\":\"https:\/\/urciconsultores.com\/fr\/qualite\/#breadcrumb\"},\"inLanguage\":\"es\",\"potentialAction\":[{\"@type\":\"ReadAction\",\"target\":[\"https:\/\/urciconsultores.com\/fr\/qualite\/\"]}]},{\"@type\":\"ImageObject\",\"inLanguage\":\"es\",\"@id\":\"https:\/\/urciconsultores.com\/fr\/qualite\/#primaryimage\",\"url\":\"https:\/\/urciconsultores.com\/fr\/wp-content\/uploads\/intro-calidad.jpg\",\"contentUrl\":\"https:\/\/urciconsultores.com\/fr\/wp-content\/uploads\/intro-calidad.jpg\"},{\"@type\":\"BreadcrumbList\",\"@id\":\"https:\/\/urciconsultores.com\/fr\/qualite\/#breadcrumb\",\"itemListElement\":[{\"@type\":\"ListItem\",\"position\":1,\"name\":\"Portada\",\"item\":\"https:\/\/urciconsultores.com\/fr\/\"},{\"@type\":\"ListItem\",\"position\":2,\"name\":\"Qualit\u00e9\"}]},{\"@type\":\"WebSite\",\"@id\":\"https:\/\/urciconsultores.com\/fr\/#website\",\"url\":\"https:\/\/urciconsultores.com\/fr\/\",\"name\":\"Urci Consultores\",\"description\":\"Urci Consultores\",\"potentialAction\":[{\"@type\":\"SearchAction\",\"target\":{\"@type\":\"EntryPoint\",\"urlTemplate\":\"https:\/\/urciconsultores.com\/fr\/?s={search_term_string}\"},\"query-input\":{\"@type\":\"PropertyValueSpecification\",\"valueRequired\":true,\"valueName\":\"search_term_string\"}}],\"inLanguage\":\"es\"}]}<\/script>\n<!-- \/ Yoast SEO plugin. -->","yoast_head_json":{"title":"Qualit\u00e9 - Urci Consultores","robots":{"index":"index","follow":"follow","max-snippet":"max-snippet:-1","max-image-preview":"max-image-preview:large","max-video-preview":"max-video-preview:-1"},"canonical":"https:\/\/urciconsultores.com\/fr\/qualite\/","og_locale":"es_ES","og_type":"article","og_title":"Qualit\u00e9 - Urci Consultores","og_description":"Syst\u00e8me de gestion int\u00e9gr\u00e9 Syst\u00e8me de gestion int\u00e9gr\u00e9 URCI a un syst\u00e8me de gestion int\u00e9gr\u00e9 environnemental, de qualit\u00e9, de s\u00e9curit\u00e9 et de sant\u00e9 au travail, et de R+D+i, implant\u00e9, conform\u00e9ment aux conditions requises qu\u2019\u00e9tablissent les normes UNE-EN-ISO 9001:2015, UNE-EN-ISO 14001:2015, UNE-EN-ISO 45001:2018 y ISO 56001:2024, dans le but ultime d\u2019obtenir la satisfaction de la soci\u00e9t\u00e9, [&hellip;]","og_url":"https:\/\/urciconsultores.com\/fr\/qualite\/","og_site_name":"Urci Consultores","article_modified_time":"2026-01-22T10:26:27+00:00","og_image":[{"url":"https:\/\/urciconsultores.com\/fr\/wp-content\/uploads\/intro-calidad.jpg","type":"","width":"","height":""}],"twitter_card":"summary_large_image","twitter_misc":{"Tiempo de lectura":"3 minutos"},"schema":{"@context":"https:\/\/schema.org","@graph":[{"@type":"WebPage","@id":"https:\/\/urciconsultores.com\/fr\/qualite\/","url":"https:\/\/urciconsultores.com\/fr\/qualite\/","name":"Qualit\u00e9 - Urci Consultores","isPartOf":{"@id":"https:\/\/urciconsultores.com\/fr\/#website"},"primaryImageOfPage":{"@id":"https:\/\/urciconsultores.com\/fr\/qualite\/#primaryimage"},"image":{"@id":"https:\/\/urciconsultores.com\/fr\/qualite\/#primaryimage"},"thumbnailUrl":"https:\/\/urciconsultores.com\/fr\/wp-content\/uploads\/intro-calidad.jpg","datePublished":"2020-09-07T09:21:52+00:00","dateModified":"2026-01-22T10:26:27+00:00","breadcrumb":{"@id":"https:\/\/urciconsultores.com\/fr\/qualite\/#breadcrumb"},"inLanguage":"es","potentialAction":[{"@type":"ReadAction","target":["https:\/\/urciconsultores.com\/fr\/qualite\/"]}]},{"@type":"ImageObject","inLanguage":"es","@id":"https:\/\/urciconsultores.com\/fr\/qualite\/#primaryimage","url":"https:\/\/urciconsultores.com\/fr\/wp-content\/uploads\/intro-calidad.jpg","contentUrl":"https:\/\/urciconsultores.com\/fr\/wp-content\/uploads\/intro-calidad.jpg"},{"@type":"BreadcrumbList","@id":"https:\/\/urciconsultores.com\/fr\/qualite\/#breadcrumb","itemListElement":[{"@type":"ListItem","position":1,"name":"Portada","item":"https:\/\/urciconsultores.com\/fr\/"},{"@type":"ListItem","position":2,"name":"Qualit\u00e9"}]},{"@type":"WebSite","@id":"https:\/\/urciconsultores.com\/fr\/#website","url":"https:\/\/urciconsultores.com\/fr\/","name":"Urci Consultores","description":"Urci Consultores","potentialAction":[{"@type":"SearchAction","target":{"@type":"EntryPoint","urlTemplate":"https:\/\/urciconsultores.com\/fr\/?s={search_term_string}"},"query-input":{"@type":"PropertyValueSpecification","valueRequired":true,"valueName":"search_term_string"}}],"inLanguage":"es"}]}},"_links":{"self":[{"href":"https:\/\/urciconsultores.com\/fr\/wp-json\/wp\/v2\/pages\/1481","targetHints":{"allow":["GET"]}}],"collection":[{"href":"https:\/\/urciconsultores.com\/fr\/wp-json\/wp\/v2\/pages"}],"about":[{"href":"https:\/\/urciconsultores.com\/fr\/wp-json\/wp\/v2\/types\/page"}],"author":[{"embeddable":true,"href":"https:\/\/urciconsultores.com\/fr\/wp-json\/wp\/v2\/users\/2"}],"replies":[{"embeddable":true,"href":"https:\/\/urciconsultores.com\/fr\/wp-json\/wp\/v2\/comments?post=1481"}],"version-history":[{"count":9,"href":"https:\/\/urciconsultores.com\/fr\/wp-json\/wp\/v2\/pages\/1481\/revisions"}],"predecessor-version":[{"id":1617,"href":"https:\/\/urciconsultores.com\/fr\/wp-json\/wp\/v2\/pages\/1481\/revisions\/1617"}],"wp:attachment":[{"href":"https:\/\/urciconsultores.com\/fr\/wp-json\/wp\/v2\/media?parent=1481"}],"curies":[{"name":"wp","href":"https:\/\/api.w.org\/{rel}","templated":true}]}}