{"id":1484,"date":"2020-09-07T09:22:08","date_gmt":"2020-09-07T09:22:08","guid":{"rendered":"http:\/\/urciconsultores.com\/fr\/?page_id=1484"},"modified":"2020-09-08T11:46:37","modified_gmt":"2020-09-08T11:46:37","slug":"des-bureaux","status":"publish","type":"page","link":"https:\/\/urciconsultores.com\/fr\/des-bureaux\/","title":{"rendered":"Des bureaux"},"content":{"rendered":"<section class=\"cabecera-interior oficinas\">\r\n    <article class=\"cuerpo\">\r\n        <h1>Des bureaux<\/h1>\r\n    <\/article>\r\n<\/section>\r\n<section class=\"intro-oficinas\">\r\n    <article class=\"cuerpo\">\r\n        <div class=\"img-resp\"><img decoding=\"async\" src=\"https:\/\/urciconsultores.com\/fr\/wp-content\/uploads\/intro-oficinas.jpg\"><\/div>\r\n        <div class=\"texto-izq\">\r\n            <h2>Nos bureaux<\/h2>\r\n            <p>En 2009, URCI a commenc\u00e9 son activit\u00e9 \u00e0 l&#8217;\u00e9tranger avec l&#8217;ouverture d&#8217;une succursale \u00e0 Lima, au P\u00e9rou. Actuellement et apr\u00e8s avoir men\u00e9 un important plan d&#8217;expansion, URCI a ouvert des succursales et des filiales au Panama, en Colombie, au Honduras, au P\u00e9rou et aux \u00c9tats-Unis.<\/p>\r\n        <\/div>\r\n        <div class=\"img-der\"><img decoding=\"async\" src=\"https:\/\/urciconsultores.com\/fr\/wp-content\/uploads\/intro-oficinas.jpg\"><\/div>\r\n    <\/article>\r\n<\/section>\r\n<section class=\"lugares-oficinas\">\r\n    <article class=\"cuerpo\">\r\n        <h2>Espagne<\/h2>\r\n        <div class=\"cajon\">\r\n            <h3>madrid<\/h3>\r\n            <p>Mar\u00eda de Guzm\u00e1n, 54. Esc. A. 1\u00ba. 28003 Madrid, Espagne<\/p>\r\n            <p>(+34) 914 42 83 97<\/p>\r\n            <p><a href=\"mailto:urci@urciconsultores.com\">urci@urciconsultores.com<\/a><\/p>\r\n        <\/div>\r\n        <div class=\"cajon\">\r\n            <h3>ZAMORA<\/h3>\r\n            <p>Avda. Federico Silva, 43, 2\u00ba H 49600 Benavente, Zamora, Espagne<\/p>\r\n            <p>(+34) 914 42 83 97<\/p>\r\n            <p><a href=\"mailto:urci@urciconsultores.com\">urci@urciconsultores.com<\/a><\/p>\r\n        <\/div>\r\n        <div class=\"cajon\">\r\n            <h3>ALMER\u00cdA<\/h3>\r\n            <p>Avda. Barcelona 117, Bajo, Local 2. 04610 Cuevas del Almanzora, Almer\u00eda, Espagne<\/p>\r\n            <p>(+34) 914 42 83 97<\/p>\r\n            <p><a href=\"mailto:urci@urciconsultores.com\">urci@urciconsultores.com<\/a><\/p>\r\n        <\/div>\r\n        <div class=\"cajon\">\r\n            <h3>HUELVA<\/h3>\r\n            <p>N-435 esquina C\/ Rejilla, N\u00ba 40 21620 Trigueros, Huelva, Espagne<\/p>\r\n            <p>(+34) 914 42 83 97<\/p>\r\n            <p><a href=\"mailto:urci@urciconsultores.com\">urci@urciconsultores.com<\/a><\/p>\r\n        <\/div>\r\n        <div class=\"limpiar\"><\/div>\r\n        <h2 class=\"ultimo\">International<\/h2>\r\n        <div class=\"cajon cinco\">\r\n            <h3>PER\u00da<\/h3>\r\n            <p>Av. Rep\u00fablica de Colombia N\u00ba 671 Piso 2, San Isidro, Lima, Per\u00fa<\/p>\r\n            <p>(+51) 01 442 0808<\/p>\r\n            <p><a href=\"mailto:urciperu@urciconsultores.com\">urciperu@urciconsultores.com<\/a><\/p>\r\n        <\/div>\r\n        <div class=\"cajon cinco\">\r\n            <h3>PANAM\u00c1<\/h3>\r\n            <p>Calle 43 Este, Edificio Colores de Bellavista. Piso 4, Apollo Business Center Panam\u00e1, Rep. de Panam\u00e1<\/p>\r\n            <p>(+507) 3016366<\/p>\r\n            <p>(+507) 6330-3881<\/p>\r\n            <p><a href=\"mailto:panama@urciconsultores.com\">panama@urciconsultores.com<\/a><\/p>\r\n        <\/div>\r\n        <div class=\"cajon cinco\">\r\n            <h3>HONDURAS<\/h3>\r\n            <p>Barrio La Granja, calle 31, 13 avenida No. 399 Municipio Distrito Central, departamento Francisco Morazan Tegucigalpa, Honduras<\/p>\r\n            <p>(+34) 914 42 83 97<\/p>\r\n            <p><a href=\"mailto:urci@urciconsultores.com\">urci@urciconsultores.com<\/a><\/p>\r\n        <\/div>\r\n        <div class=\"cajon cinco\">\r\n            <h3>EEUU<\/h3>\r\n            <p>Texas<\/p>\r\n            <p><a href=\"mailto:eeuu@urciconsultores.com\">eeuu@urciconsultores.com<\/a><\/p>\r\n        <\/div>\r\n        <div class=\"cajon cinco\">\r\n            <h3>COLOMBIA<\/h3>\r\n            <p>Bogota D.C.<\/p>\r\n            <p>(+34) 914 42 83 97<\/p>\r\n            <p><a href=\"mailto:colombia@urciconsultores.com\">colombia@urciconsultores.com<\/a><\/p>\r\n        <\/div>\r\n        <div class=\"limpiar\"><\/div>\r\n    <\/article>\r\n<\/section>","protected":false},"excerpt":{"rendered":"Des bureaux Nos bureaux En 2009, URCI a commenc\u00e9 son activit\u00e9 \u00e0 l&#8217;\u00e9tranger avec l&#8217;ouverture d&#8217;une succursale \u00e0 Lima, au P\u00e9rou. Actuellement et apr\u00e8s avoir men\u00e9 un important plan d&#8217;expansion, URCI a ouvert des succursales et des filiales au Panama, en Colombie, au Honduras, au P\u00e9rou et aux \u00c9tats-Unis. Espagne madrid Mar\u00eda de Guzm\u00e1n, 54. [&hellip;]","protected":false},"author":2,"featured_media":0,"parent":0,"menu_order":0,"comment_status":"closed","ping_status":"closed","template":"","meta":{"footnotes":""},"class_list":["post-1484","page","type-page","status-publish","hentry"],"yoast_head":"<!-- This site is optimized with the Yoast SEO plugin v26.8 - https:\/\/yoast.com\/product\/yoast-seo-wordpress\/ -->\n<title>Des bureaux - Urci Consultores<\/title>\n<meta name=\"robots\" content=\"index, follow, max-snippet:-1, max-image-preview:large, max-video-preview:-1\" \/>\n<link rel=\"canonical\" href=\"https:\/\/urciconsultores.com\/fr\/des-bureaux\/\" \/>\n<meta property=\"og:locale\" content=\"es_ES\" \/>\n<meta property=\"og:type\" content=\"article\" \/>\n<meta property=\"og:title\" content=\"Des bureaux - Urci Consultores\" \/>\n<meta property=\"og:description\" content=\"Des bureaux Nos bureaux En 2009, URCI a commenc\u00e9 son activit\u00e9 \u00e0 l&#8217;\u00e9tranger avec l&#8217;ouverture d&#8217;une succursale \u00e0 Lima, au P\u00e9rou. Actuellement et apr\u00e8s avoir men\u00e9 un important plan d&#8217;expansion, URCI a ouvert des succursales et des filiales au Panama, en Colombie, au Honduras, au P\u00e9rou et aux \u00c9tats-Unis. Espagne madrid Mar\u00eda de Guzm\u00e1n, 54. [&hellip;]\" \/>\n<meta property=\"og:url\" content=\"https:\/\/urciconsultores.com\/fr\/des-bureaux\/\" \/>\n<meta property=\"og:site_name\" content=\"Urci Consultores\" \/>\n<meta property=\"article:modified_time\" content=\"2020-09-08T11:46:37+00:00\" \/>\n<meta property=\"og:image\" content=\"https:\/\/urciconsultores.com\/fr\/wp-content\/uploads\/intro-oficinas.jpg\" \/>\n<meta name=\"twitter:card\" content=\"summary_large_image\" \/>\n<meta name=\"twitter:label1\" content=\"Tiempo de lectura\" \/>\n\t<meta name=\"twitter:data1\" content=\"1 minuto\" \/>\n<script type=\"application\/ld+json\" class=\"yoast-schema-graph\">{\"@context\":\"https:\/\/schema.org\",\"@graph\":[{\"@type\":\"WebPage\",\"@id\":\"https:\/\/urciconsultores.com\/fr\/des-bureaux\/\",\"url\":\"https:\/\/urciconsultores.com\/fr\/des-bureaux\/\",\"name\":\"Des bureaux - Urci Consultores\",\"isPartOf\":{\"@id\":\"https:\/\/urciconsultores.com\/fr\/#website\"},\"primaryImageOfPage\":{\"@id\":\"https:\/\/urciconsultores.com\/fr\/des-bureaux\/#primaryimage\"},\"image\":{\"@id\":\"https:\/\/urciconsultores.com\/fr\/des-bureaux\/#primaryimage\"},\"thumbnailUrl\":\"https:\/\/urciconsultores.com\/fr\/wp-content\/uploads\/intro-oficinas.jpg\",\"datePublished\":\"2020-09-07T09:22:08+00:00\",\"dateModified\":\"2020-09-08T11:46:37+00:00\",\"breadcrumb\":{\"@id\":\"https:\/\/urciconsultores.com\/fr\/des-bureaux\/#breadcrumb\"},\"inLanguage\":\"es\",\"potentialAction\":[{\"@type\":\"ReadAction\",\"target\":[\"https:\/\/urciconsultores.com\/fr\/des-bureaux\/\"]}]},{\"@type\":\"ImageObject\",\"inLanguage\":\"es\",\"@id\":\"https:\/\/urciconsultores.com\/fr\/des-bureaux\/#primaryimage\",\"url\":\"https:\/\/urciconsultores.com\/fr\/wp-content\/uploads\/intro-oficinas.jpg\",\"contentUrl\":\"https:\/\/urciconsultores.com\/fr\/wp-content\/uploads\/intro-oficinas.jpg\"},{\"@type\":\"BreadcrumbList\",\"@id\":\"https:\/\/urciconsultores.com\/fr\/des-bureaux\/#breadcrumb\",\"itemListElement\":[{\"@type\":\"ListItem\",\"position\":1,\"name\":\"Portada\",\"item\":\"https:\/\/urciconsultores.com\/fr\/\"},{\"@type\":\"ListItem\",\"position\":2,\"name\":\"Des bureaux\"}]},{\"@type\":\"WebSite\",\"@id\":\"https:\/\/urciconsultores.com\/fr\/#website\",\"url\":\"https:\/\/urciconsultores.com\/fr\/\",\"name\":\"Urci Consultores\",\"description\":\"Urci Consultores\",\"potentialAction\":[{\"@type\":\"SearchAction\",\"target\":{\"@type\":\"EntryPoint\",\"urlTemplate\":\"https:\/\/urciconsultores.com\/fr\/?s={search_term_string}\"},\"query-input\":{\"@type\":\"PropertyValueSpecification\",\"valueRequired\":true,\"valueName\":\"search_term_string\"}}],\"inLanguage\":\"es\"}]}<\/script>\n<!-- \/ Yoast SEO plugin. -->","yoast_head_json":{"title":"Des bureaux - Urci Consultores","robots":{"index":"index","follow":"follow","max-snippet":"max-snippet:-1","max-image-preview":"max-image-preview:large","max-video-preview":"max-video-preview:-1"},"canonical":"https:\/\/urciconsultores.com\/fr\/des-bureaux\/","og_locale":"es_ES","og_type":"article","og_title":"Des bureaux - Urci Consultores","og_description":"Des bureaux Nos bureaux En 2009, URCI a commenc\u00e9 son activit\u00e9 \u00e0 l&#8217;\u00e9tranger avec l&#8217;ouverture d&#8217;une succursale \u00e0 Lima, au P\u00e9rou. Actuellement et apr\u00e8s avoir men\u00e9 un important plan d&#8217;expansion, URCI a ouvert des succursales et des filiales au Panama, en Colombie, au Honduras, au P\u00e9rou et aux \u00c9tats-Unis. Espagne madrid Mar\u00eda de Guzm\u00e1n, 54. [&hellip;]","og_url":"https:\/\/urciconsultores.com\/fr\/des-bureaux\/","og_site_name":"Urci Consultores","article_modified_time":"2020-09-08T11:46:37+00:00","og_image":[{"url":"https:\/\/urciconsultores.com\/fr\/wp-content\/uploads\/intro-oficinas.jpg","type":"","width":"","height":""}],"twitter_card":"summary_large_image","twitter_misc":{"Tiempo de lectura":"1 minuto"},"schema":{"@context":"https:\/\/schema.org","@graph":[{"@type":"WebPage","@id":"https:\/\/urciconsultores.com\/fr\/des-bureaux\/","url":"https:\/\/urciconsultores.com\/fr\/des-bureaux\/","name":"Des bureaux - Urci Consultores","isPartOf":{"@id":"https:\/\/urciconsultores.com\/fr\/#website"},"primaryImageOfPage":{"@id":"https:\/\/urciconsultores.com\/fr\/des-bureaux\/#primaryimage"},"image":{"@id":"https:\/\/urciconsultores.com\/fr\/des-bureaux\/#primaryimage"},"thumbnailUrl":"https:\/\/urciconsultores.com\/fr\/wp-content\/uploads\/intro-oficinas.jpg","datePublished":"2020-09-07T09:22:08+00:00","dateModified":"2020-09-08T11:46:37+00:00","breadcrumb":{"@id":"https:\/\/urciconsultores.com\/fr\/des-bureaux\/#breadcrumb"},"inLanguage":"es","potentialAction":[{"@type":"ReadAction","target":["https:\/\/urciconsultores.com\/fr\/des-bureaux\/"]}]},{"@type":"ImageObject","inLanguage":"es","@id":"https:\/\/urciconsultores.com\/fr\/des-bureaux\/#primaryimage","url":"https:\/\/urciconsultores.com\/fr\/wp-content\/uploads\/intro-oficinas.jpg","contentUrl":"https:\/\/urciconsultores.com\/fr\/wp-content\/uploads\/intro-oficinas.jpg"},{"@type":"BreadcrumbList","@id":"https:\/\/urciconsultores.com\/fr\/des-bureaux\/#breadcrumb","itemListElement":[{"@type":"ListItem","position":1,"name":"Portada","item":"https:\/\/urciconsultores.com\/fr\/"},{"@type":"ListItem","position":2,"name":"Des bureaux"}]},{"@type":"WebSite","@id":"https:\/\/urciconsultores.com\/fr\/#website","url":"https:\/\/urciconsultores.com\/fr\/","name":"Urci Consultores","description":"Urci Consultores","potentialAction":[{"@type":"SearchAction","target":{"@type":"EntryPoint","urlTemplate":"https:\/\/urciconsultores.com\/fr\/?s={search_term_string}"},"query-input":{"@type":"PropertyValueSpecification","valueRequired":true,"valueName":"search_term_string"}}],"inLanguage":"es"}]}},"_links":{"self":[{"href":"https:\/\/urciconsultores.com\/fr\/wp-json\/wp\/v2\/pages\/1484","targetHints":{"allow":["GET"]}}],"collection":[{"href":"https:\/\/urciconsultores.com\/fr\/wp-json\/wp\/v2\/pages"}],"about":[{"href":"https:\/\/urciconsultores.com\/fr\/wp-json\/wp\/v2\/types\/page"}],"author":[{"embeddable":true,"href":"https:\/\/urciconsultores.com\/fr\/wp-json\/wp\/v2\/users\/2"}],"replies":[{"embeddable":true,"href":"https:\/\/urciconsultores.com\/fr\/wp-json\/wp\/v2\/comments?post=1484"}],"version-history":[{"count":4,"href":"https:\/\/urciconsultores.com\/fr\/wp-json\/wp\/v2\/pages\/1484\/revisions"}],"predecessor-version":[{"id":1573,"href":"https:\/\/urciconsultores.com\/fr\/wp-json\/wp\/v2\/pages\/1484\/revisions\/1573"}],"wp:attachment":[{"href":"https:\/\/urciconsultores.com\/fr\/wp-json\/wp\/v2\/media?parent=1484"}],"curies":[{"name":"wp","href":"https:\/\/api.w.org\/{rel}","templated":true}]}}