{"id":3,"date":"2018-07-19T15:35:37","date_gmt":"2018-07-19T15:35:37","guid":{"rendered":"http:\/\/urciconsultores.com\/fr\/?page_id=3"},"modified":"2020-09-22T15:42:33","modified_gmt":"2020-09-22T15:42:33","slug":"politique-de-confidentialit","status":"publish","type":"page","link":"https:\/\/urciconsultores.com\/fr\/politique-de-confidentialit\/","title":{"rendered":"Politique de confidentialit"},"content":{"rendered":"<section class=\"cuerpo-politicas\">\r\n    <article class=\"cuerpo\">\r\n        <h2>Politique de confidentialit<\/h2>\r\n        <h3> Responsable du traitement <\/h3>\r\n        <p> NOM DE L&#8217;ENTREPRISE: URCI CONSULTORES S.L. <\/p>\r\n        <p> CIF \/ NIF: B04116679 <\/p>\r\n        <p> ADRESSE DE CONTACT: C \/ MAR\u00cdA DE GUZM\u00c1N, 54, ESCALERA A 1\u00ba &#8211; (Madrid) &#8211; [Madrid] <\/p>\r\n        <p> T\u00c9L\u00c9PHONE: 914428397 <\/p>\r\n        <p> EMAIL: <a href=\"mailto:urci@urciconsultores.com\"> urci@urciconsultores.com <\/a> <\/p>\r\n        <p> ACTIVIT\u00c9: 7112 &#8211; Services d&#8217;ing\u00e9nierie technique et autres activit\u00e9s li\u00e9es au conseil technique <\/p>\r\n        <h3> Objectif du traitement et description <\/h3>\r\n        <p> BUT DU TRAITEMENT: Gestion des utilisateurs Web. <\/p>\r\n        <p> ORIGINE DES DONN\u00c9ES: L&#8217;int\u00e9ress\u00e9 ou son repr\u00e9sentant l\u00e9gal <\/p>\r\n        <p> CAT\u00c9GORIES DE DONN\u00c9ES PERSONNELLES: <\/p>\r\n        <ul>\r\n            <li> <span> Donn\u00e9es d&#8217;identification: adresse, t\u00e9l\u00e9phone, e-mail, noms et pr\u00e9noms <\/span> <\/li>\r\n            <li> <span> Informations commerciales <\/span> <\/li>\r\n            <li> <span> Envoyer des publicit\u00e9s postales ou par e-mail <\/span> <\/li>\r\n            <li> <span> Apr\u00e8s-vente et fid\u00e9lisation <\/span> <\/li>\r\n        <\/ul>\r\n        <p> INT\u00c9RESS\u00c9: les personnes qui acc\u00e8dent ou essaient d&#8217;acc\u00e9der et de s&#8217;inscrire sur le site Web <\/p>\r\n        <p> Cette politique de confidentialit\u00e9 \u00e9tablit les conditions dans lesquelles URCI CONSULTORES S.L. avec CIF: B04116679 utilise et prot\u00e8ge les informations fournies par ses utilisateurs lors de l&#8217;utilisation de son site Web. Cette soci\u00e9t\u00e9 s&#8217;engage pour la s\u00e9curit\u00e9 des donn\u00e9es de ses utilisateurs. Lorsque nous vous demandons de remplir les champs d&#8217;informations personnelles avec lesquelles vous pouvez \u00eatre identifi\u00e9, nous nous assurons qu&#8217;elles ne seront utilis\u00e9es que conform\u00e9ment aux termes de ce document. Cependant, cette politique de confidentialit\u00e9 peut changer avec le temps ou \u00eatre mise \u00e0 jour, c&#8217;est pourquoi nous vous recommandons et insistons pour que vous consultiez continuellement cette page pour vous assurer que vous acceptez ces changements. <\/p>\r\n        <h3> Droits des utilisateurs <\/h3>\r\n        <p> Nous vous informons que vous pouvez exercer vos droits d&#8217;acc\u00e8s, de rectification, de limitation de traitement, d&#8217;opposition et de portabilit\u00e9 conform\u00e9ment aux dispositions du r\u00e8glement 2016\/679 du 27 avril sur la protection des donn\u00e9es personnelles en envoyant un email \u00e0 urci @ urciconsultores .com, ou une lettre accompagn\u00e9e d&#8217;une photocopie de votre pi\u00e8ce d&#8217;identit\u00e9, \u00e0 l&#8217;adresse suivante: C \/ MAR\u00cdA DE GUZM\u00c1N, 54, ESCALERA A 1\u00ba &#8211; (Madrid) &#8211; [Madrid]. <\/p>\r\n        <h3> Informations collect\u00e9es <\/h3>\r\n        <p> Notre site Web peut collecter des informations personnelles telles que: Nom, coordonn\u00e9es telles que votre adresse e-mail et des informations d\u00e9mographiques. <\/p>\r\n        <p> <b> URCI CONSULTORES S.L. <\/b> s&#8217;engage \u00e0 respecter l&#8217;engagement de prot\u00e9ger vos informations. Nous utilisons les syst\u00e8mes les plus avanc\u00e9s et les mettons constamment \u00e0 jour pour nous assurer qu&#8217;il n&#8217;y a pas d&#8217;acc\u00e8s non autoris\u00e9. <\/p>\r\n        <h3> Liens vers des tiers et des r\u00e9seaux sociaux <\/h3>\r\n        <p> Ce site Web peut contenir des liens vers d&#8217;autres sites susceptibles de vous int\u00e9resser. Une fois que vous avez cliqu\u00e9 sur ces liens et que vous quittez notre page, nous n&#8217;avons plus le contr\u00f4le sur le site vers lequel vous \u00eates redirig\u00e9 et par cons\u00e9quent nous ne sommes pas responsables des termes ou de la confidentialit\u00e9 ou de la protection de vos donn\u00e9es sur ces autres sites tiers. Ces sites sont soumis \u00e0 leurs propres politiques de confidentialit\u00e9 pour lesquelles il est recommand\u00e9 de les consulter pour confirmer que vous les acceptez <\/p>\r\n        <h3> Contr\u00f4le de vos informations personnelles <\/h3>\r\n        <p> Cette soci\u00e9t\u00e9 ne vendra, ne c\u00e9dera ni ne distribuera les informations personnelles collect\u00e9es sans votre consentement, sauf si requis par un juge sur ordonnance du tribunal. <\/p>\r\n        <p> <b> URCI CONSULTORES S.L. <\/b> se r\u00e9serve le droit de modifier les termes de cette politique de confidentialit\u00e9 \u00e0 tout moment. <\/p>\r\n    <\/article>\r\n<\/section>","protected":false},"excerpt":{"rendered":"Politique de confidentialit Responsable du traitement NOM DE L&#8217;ENTREPRISE: URCI CONSULTORES S.L. CIF \/ NIF: B04116679 ADRESSE DE CONTACT: C \/ MAR\u00cdA DE GUZM\u00c1N, 54, ESCALERA A 1\u00ba &#8211; (Madrid) &#8211; [Madrid] T\u00c9L\u00c9PHONE: 914428397 EMAIL: urci@urciconsultores.com ACTIVIT\u00c9: 7112 &#8211; Services d&#8217;ing\u00e9nierie technique et autres activit\u00e9s li\u00e9es au conseil technique Objectif du traitement et description BUT [&hellip;]","protected":false},"author":2,"featured_media":0,"parent":0,"menu_order":0,"comment_status":"closed","ping_status":"open","template":"","meta":{"footnotes":""},"class_list":["post-3","page","type-page","status-publish","hentry"],"yoast_head":"<!-- This site is optimized with the Yoast SEO plugin v26.8 - https:\/\/yoast.com\/product\/yoast-seo-wordpress\/ -->\n<title>Politique de confidentialit - Urci Consultores<\/title>\n<meta name=\"robots\" content=\"index, follow, max-snippet:-1, max-image-preview:large, max-video-preview:-1\" \/>\n<link rel=\"canonical\" href=\"https:\/\/urciconsultores.com\/fr\/politique-de-confidentialit\/\" \/>\n<meta property=\"og:locale\" content=\"es_ES\" \/>\n<meta property=\"og:type\" content=\"article\" \/>\n<meta property=\"og:title\" content=\"Politique de confidentialit - Urci Consultores\" \/>\n<meta property=\"og:description\" content=\"Politique de confidentialit Responsable du traitement NOM DE L&#8217;ENTREPRISE: URCI CONSULTORES S.L. CIF \/ NIF: B04116679 ADRESSE DE CONTACT: C \/ MAR\u00cdA DE GUZM\u00c1N, 54, ESCALERA A 1\u00ba &#8211; (Madrid) &#8211; [Madrid] T\u00c9L\u00c9PHONE: 914428397 EMAIL: urci@urciconsultores.com ACTIVIT\u00c9: 7112 &#8211; Services d&#8217;ing\u00e9nierie technique et autres activit\u00e9s li\u00e9es au conseil technique Objectif du traitement et description BUT [&hellip;]\" \/>\n<meta property=\"og:url\" content=\"https:\/\/urciconsultores.com\/fr\/politique-de-confidentialit\/\" \/>\n<meta property=\"og:site_name\" content=\"Urci Consultores\" \/>\n<meta property=\"article:modified_time\" content=\"2020-09-22T15:42:33+00:00\" \/>\n<meta name=\"twitter:card\" content=\"summary_large_image\" \/>\n<meta name=\"twitter:label1\" content=\"Tiempo de lectura\" \/>\n\t<meta name=\"twitter:data1\" content=\"3 minutos\" \/>\n<script type=\"application\/ld+json\" class=\"yoast-schema-graph\">{\"@context\":\"https:\/\/schema.org\",\"@graph\":[{\"@type\":\"WebPage\",\"@id\":\"https:\/\/urciconsultores.com\/fr\/politique-de-confidentialit\/\",\"url\":\"https:\/\/urciconsultores.com\/fr\/politique-de-confidentialit\/\",\"name\":\"Politique de confidentialit - Urci Consultores\",\"isPartOf\":{\"@id\":\"https:\/\/urciconsultores.com\/fr\/#website\"},\"datePublished\":\"2018-07-19T15:35:37+00:00\",\"dateModified\":\"2020-09-22T15:42:33+00:00\",\"breadcrumb\":{\"@id\":\"https:\/\/urciconsultores.com\/fr\/politique-de-confidentialit\/#breadcrumb\"},\"inLanguage\":\"es\",\"potentialAction\":[{\"@type\":\"ReadAction\",\"target\":[\"https:\/\/urciconsultores.com\/fr\/politique-de-confidentialit\/\"]}]},{\"@type\":\"BreadcrumbList\",\"@id\":\"https:\/\/urciconsultores.com\/fr\/politique-de-confidentialit\/#breadcrumb\",\"itemListElement\":[{\"@type\":\"ListItem\",\"position\":1,\"name\":\"Portada\",\"item\":\"https:\/\/urciconsultores.com\/fr\/\"},{\"@type\":\"ListItem\",\"position\":2,\"name\":\"Politique de confidentialit\"}]},{\"@type\":\"WebSite\",\"@id\":\"https:\/\/urciconsultores.com\/fr\/#website\",\"url\":\"https:\/\/urciconsultores.com\/fr\/\",\"name\":\"Urci Consultores\",\"description\":\"Urci Consultores\",\"potentialAction\":[{\"@type\":\"SearchAction\",\"target\":{\"@type\":\"EntryPoint\",\"urlTemplate\":\"https:\/\/urciconsultores.com\/fr\/?s={search_term_string}\"},\"query-input\":{\"@type\":\"PropertyValueSpecification\",\"valueRequired\":true,\"valueName\":\"search_term_string\"}}],\"inLanguage\":\"es\"}]}<\/script>\n<!-- \/ Yoast SEO plugin. -->","yoast_head_json":{"title":"Politique de confidentialit - Urci Consultores","robots":{"index":"index","follow":"follow","max-snippet":"max-snippet:-1","max-image-preview":"max-image-preview:large","max-video-preview":"max-video-preview:-1"},"canonical":"https:\/\/urciconsultores.com\/fr\/politique-de-confidentialit\/","og_locale":"es_ES","og_type":"article","og_title":"Politique de confidentialit - Urci Consultores","og_description":"Politique de confidentialit Responsable du traitement NOM DE L&#8217;ENTREPRISE: URCI CONSULTORES S.L. CIF \/ NIF: B04116679 ADRESSE DE CONTACT: C \/ MAR\u00cdA DE GUZM\u00c1N, 54, ESCALERA A 1\u00ba &#8211; (Madrid) &#8211; [Madrid] T\u00c9L\u00c9PHONE: 914428397 EMAIL: urci@urciconsultores.com ACTIVIT\u00c9: 7112 &#8211; Services d&#8217;ing\u00e9nierie technique et autres activit\u00e9s li\u00e9es au conseil technique Objectif du traitement et description BUT [&hellip;]","og_url":"https:\/\/urciconsultores.com\/fr\/politique-de-confidentialit\/","og_site_name":"Urci Consultores","article_modified_time":"2020-09-22T15:42:33+00:00","twitter_card":"summary_large_image","twitter_misc":{"Tiempo de lectura":"3 minutos"},"schema":{"@context":"https:\/\/schema.org","@graph":[{"@type":"WebPage","@id":"https:\/\/urciconsultores.com\/fr\/politique-de-confidentialit\/","url":"https:\/\/urciconsultores.com\/fr\/politique-de-confidentialit\/","name":"Politique de confidentialit - Urci Consultores","isPartOf":{"@id":"https:\/\/urciconsultores.com\/fr\/#website"},"datePublished":"2018-07-19T15:35:37+00:00","dateModified":"2020-09-22T15:42:33+00:00","breadcrumb":{"@id":"https:\/\/urciconsultores.com\/fr\/politique-de-confidentialit\/#breadcrumb"},"inLanguage":"es","potentialAction":[{"@type":"ReadAction","target":["https:\/\/urciconsultores.com\/fr\/politique-de-confidentialit\/"]}]},{"@type":"BreadcrumbList","@id":"https:\/\/urciconsultores.com\/fr\/politique-de-confidentialit\/#breadcrumb","itemListElement":[{"@type":"ListItem","position":1,"name":"Portada","item":"https:\/\/urciconsultores.com\/fr\/"},{"@type":"ListItem","position":2,"name":"Politique de confidentialit"}]},{"@type":"WebSite","@id":"https:\/\/urciconsultores.com\/fr\/#website","url":"https:\/\/urciconsultores.com\/fr\/","name":"Urci Consultores","description":"Urci Consultores","potentialAction":[{"@type":"SearchAction","target":{"@type":"EntryPoint","urlTemplate":"https:\/\/urciconsultores.com\/fr\/?s={search_term_string}"},"query-input":{"@type":"PropertyValueSpecification","valueRequired":true,"valueName":"search_term_string"}}],"inLanguage":"es"}]}},"_links":{"self":[{"href":"https:\/\/urciconsultores.com\/fr\/wp-json\/wp\/v2\/pages\/3","targetHints":{"allow":["GET"]}}],"collection":[{"href":"https:\/\/urciconsultores.com\/fr\/wp-json\/wp\/v2\/pages"}],"about":[{"href":"https:\/\/urciconsultores.com\/fr\/wp-json\/wp\/v2\/types\/page"}],"author":[{"embeddable":true,"href":"https:\/\/urciconsultores.com\/fr\/wp-json\/wp\/v2\/users\/2"}],"replies":[{"embeddable":true,"href":"https:\/\/urciconsultores.com\/fr\/wp-json\/wp\/v2\/comments?post=3"}],"version-history":[{"count":10,"href":"https:\/\/urciconsultores.com\/fr\/wp-json\/wp\/v2\/pages\/3\/revisions"}],"predecessor-version":[{"id":1601,"href":"https:\/\/urciconsultores.com\/fr\/wp-json\/wp\/v2\/pages\/3\/revisions\/1601"}],"wp:attachment":[{"href":"https:\/\/urciconsultores.com\/fr\/wp-json\/wp\/v2\/media?parent=3"}],"curies":[{"name":"wp","href":"https:\/\/api.w.org\/{rel}","templated":true}]}}