{"id":553,"date":"2019-02-20T16:51:33","date_gmt":"2019-02-20T16:51:33","guid":{"rendered":"http:\/\/urciconsultores.com\/fr\/?page_id=553"},"modified":"2020-09-07T12:06:49","modified_gmt":"2020-09-07T12:06:49","slug":"contact","status":"publish","type":"page","link":"https:\/\/urciconsultores.com\/fr\/contact\/","title":{"rendered":"Contact"},"content":{"rendered":"<section class=\"cabecera-interior contacto\">\r\n    <article class=\"cuerpo\">\r\n        <h1>Contactez-nous<\/h1>\r\n    <\/article>\r\n<\/section>\r\n<section class=\"intro-contacto\">\r\n    <article class=\"cuerpo\">\r\n        <h1 class=\"after\">Prenez contact avec nous<\/h1>\r\n        <p class=\"intro grande\">Chez <b>Urci Consultores<\/b>, nous sommes \u00e0 votre disposition pour r\u00e9pondre \u00e0 toutes vos questions et commentaires. Vous pouvez utiliser le formulaire ci-dessous pour nous contacter.<\/p>\r\n        <div class=\"formulario\">\r\n          <form action=\"https:\/\/urciconsultores.com\/fr\/wp-content\/themes\/advtheme\/php\/formulario.php\" name=\"form\" id=\"form\" method=\"POST\">\r\n            <div class=\"col\">\r\n                <p>\r\n                    <span>Nom<\/span>\r\n                    <input type=\"text\" name=\"nombre\" id=\"nombre\">\r\n                <\/p>\r\n                <p>\r\n                    <span>T\u00e9l\u00e9phone<\/span>\r\n                    <input type=\"text\" name=\"telefono\" id=\"telefono\">\r\n                <\/p>\r\n            <\/div>\r\n            <div class=\"col\">\r\n                <p>\r\n                    <span>Email<\/span>\r\n                    <input type=\"text\" name=\"email\" id=\"email\">\r\n                <\/p>                \r\n                <p>\r\n                    <span>Ville<\/span>\r\n                    <input type=\"text\" name=\"ciudad\" id=\"ciudad\">\r\n                <\/p>\r\n            <\/div>\r\n            <div class=\"col ultima\">\r\n                <p>\r\n                    <span>Requ\u00eates et commentaires<\/span>\r\n                    <textarea name=\"comentario\" id=\"comentario\"><\/textarea>\r\n                <\/p>\r\n                <p class=\"polpriv\">\r\n                    <input id=\"politica\" type=\"checkbox\" name=\"politica\" value=\"Aceptada\">\r\n                    <label for=\"politica\">J&#8217;ai lu et j&#8217;accepte la <a href=\"politique-de-confidentialite\" rel=\"nofollow noopener noreferrer\" target=\"_blank\">politique de confidentialit\u00e9<\/a>\r\n                    <\/label>\r\n                <\/p>\r\n                <div class=\"boton\"><input type=\"button\" class=\"btnform\" value=\"Envoyer\" onclick=\"validar_contacto(form);\"><\/div>\r\n            <\/div>\r\n            <input type=\"hidden\" name=\"url\" id=\"url\" value=\"\">\r\n        <\/form>\r\n        <div class=\"limpiar\"><\/div>\r\n        <\/div>\r\n    <\/article>\r\n<\/section>","protected":false},"excerpt":{"rendered":"Contactez-nous Prenez contact avec nous Chez Urci Consultores, nous sommes \u00e0 votre disposition pour r\u00e9pondre \u00e0 toutes vos questions et commentaires. Vous pouvez utiliser le formulaire ci-dessous pour nous contacter. Nom T\u00e9l\u00e9phone Email Ville Requ\u00eates et commentaires J&#8217;ai lu et j&#8217;accepte la politique de confidentialit\u00e9","protected":false},"author":2,"featured_media":0,"parent":0,"menu_order":0,"comment_status":"closed","ping_status":"closed","template":"","meta":{"footnotes":""},"class_list":["post-553","page","type-page","status-publish","hentry"],"yoast_head":"<!-- This site is optimized with the Yoast SEO plugin v26.8 - https:\/\/yoast.com\/product\/yoast-seo-wordpress\/ -->\n<title>Contact - Urci Consultores<\/title>\n<meta name=\"robots\" content=\"index, follow, max-snippet:-1, max-image-preview:large, max-video-preview:-1\" \/>\n<link rel=\"canonical\" href=\"https:\/\/urciconsultores.com\/fr\/contact\/\" \/>\n<meta property=\"og:locale\" content=\"es_ES\" \/>\n<meta property=\"og:type\" content=\"article\" \/>\n<meta property=\"og:title\" content=\"Contact - Urci Consultores\" \/>\n<meta property=\"og:description\" content=\"Contactez-nous Prenez contact avec nous Chez Urci Consultores, nous sommes \u00e0 votre disposition pour r\u00e9pondre \u00e0 toutes vos questions et commentaires. Vous pouvez utiliser le formulaire ci-dessous pour nous contacter. Nom T\u00e9l\u00e9phone Email Ville Requ\u00eates et commentaires J&#8217;ai lu et j&#8217;accepte la politique de confidentialit\u00e9\" \/>\n<meta property=\"og:url\" content=\"https:\/\/urciconsultores.com\/fr\/contact\/\" \/>\n<meta property=\"og:site_name\" content=\"Urci Consultores\" \/>\n<meta property=\"article:modified_time\" content=\"2020-09-07T12:06:49+00:00\" \/>\n<meta name=\"twitter:card\" content=\"summary_large_image\" \/>\n<script type=\"application\/ld+json\" class=\"yoast-schema-graph\">{\"@context\":\"https:\/\/schema.org\",\"@graph\":[{\"@type\":\"WebPage\",\"@id\":\"https:\/\/urciconsultores.com\/fr\/contact\/\",\"url\":\"https:\/\/urciconsultores.com\/fr\/contact\/\",\"name\":\"Contact - Urci Consultores\",\"isPartOf\":{\"@id\":\"https:\/\/urciconsultores.com\/fr\/#website\"},\"datePublished\":\"2019-02-20T16:51:33+00:00\",\"dateModified\":\"2020-09-07T12:06:49+00:00\",\"breadcrumb\":{\"@id\":\"https:\/\/urciconsultores.com\/fr\/contact\/#breadcrumb\"},\"inLanguage\":\"es\",\"potentialAction\":[{\"@type\":\"ReadAction\",\"target\":[\"https:\/\/urciconsultores.com\/fr\/contact\/\"]}]},{\"@type\":\"BreadcrumbList\",\"@id\":\"https:\/\/urciconsultores.com\/fr\/contact\/#breadcrumb\",\"itemListElement\":[{\"@type\":\"ListItem\",\"position\":1,\"name\":\"Portada\",\"item\":\"https:\/\/urciconsultores.com\/fr\/\"},{\"@type\":\"ListItem\",\"position\":2,\"name\":\"Contact\"}]},{\"@type\":\"WebSite\",\"@id\":\"https:\/\/urciconsultores.com\/fr\/#website\",\"url\":\"https:\/\/urciconsultores.com\/fr\/\",\"name\":\"Urci Consultores\",\"description\":\"Urci Consultores\",\"potentialAction\":[{\"@type\":\"SearchAction\",\"target\":{\"@type\":\"EntryPoint\",\"urlTemplate\":\"https:\/\/urciconsultores.com\/fr\/?s={search_term_string}\"},\"query-input\":{\"@type\":\"PropertyValueSpecification\",\"valueRequired\":true,\"valueName\":\"search_term_string\"}}],\"inLanguage\":\"es\"}]}<\/script>\n<!-- \/ Yoast SEO plugin. -->","yoast_head_json":{"title":"Contact - Urci Consultores","robots":{"index":"index","follow":"follow","max-snippet":"max-snippet:-1","max-image-preview":"max-image-preview:large","max-video-preview":"max-video-preview:-1"},"canonical":"https:\/\/urciconsultores.com\/fr\/contact\/","og_locale":"es_ES","og_type":"article","og_title":"Contact - Urci Consultores","og_description":"Contactez-nous Prenez contact avec nous Chez Urci Consultores, nous sommes \u00e0 votre disposition pour r\u00e9pondre \u00e0 toutes vos questions et commentaires. Vous pouvez utiliser le formulaire ci-dessous pour nous contacter. Nom T\u00e9l\u00e9phone Email Ville Requ\u00eates et commentaires J&#8217;ai lu et j&#8217;accepte la politique de confidentialit\u00e9","og_url":"https:\/\/urciconsultores.com\/fr\/contact\/","og_site_name":"Urci Consultores","article_modified_time":"2020-09-07T12:06:49+00:00","twitter_card":"summary_large_image","schema":{"@context":"https:\/\/schema.org","@graph":[{"@type":"WebPage","@id":"https:\/\/urciconsultores.com\/fr\/contact\/","url":"https:\/\/urciconsultores.com\/fr\/contact\/","name":"Contact - Urci Consultores","isPartOf":{"@id":"https:\/\/urciconsultores.com\/fr\/#website"},"datePublished":"2019-02-20T16:51:33+00:00","dateModified":"2020-09-07T12:06:49+00:00","breadcrumb":{"@id":"https:\/\/urciconsultores.com\/fr\/contact\/#breadcrumb"},"inLanguage":"es","potentialAction":[{"@type":"ReadAction","target":["https:\/\/urciconsultores.com\/fr\/contact\/"]}]},{"@type":"BreadcrumbList","@id":"https:\/\/urciconsultores.com\/fr\/contact\/#breadcrumb","itemListElement":[{"@type":"ListItem","position":1,"name":"Portada","item":"https:\/\/urciconsultores.com\/fr\/"},{"@type":"ListItem","position":2,"name":"Contact"}]},{"@type":"WebSite","@id":"https:\/\/urciconsultores.com\/fr\/#website","url":"https:\/\/urciconsultores.com\/fr\/","name":"Urci Consultores","description":"Urci Consultores","potentialAction":[{"@type":"SearchAction","target":{"@type":"EntryPoint","urlTemplate":"https:\/\/urciconsultores.com\/fr\/?s={search_term_string}"},"query-input":{"@type":"PropertyValueSpecification","valueRequired":true,"valueName":"search_term_string"}}],"inLanguage":"es"}]}},"_links":{"self":[{"href":"https:\/\/urciconsultores.com\/fr\/wp-json\/wp\/v2\/pages\/553","targetHints":{"allow":["GET"]}}],"collection":[{"href":"https:\/\/urciconsultores.com\/fr\/wp-json\/wp\/v2\/pages"}],"about":[{"href":"https:\/\/urciconsultores.com\/fr\/wp-json\/wp\/v2\/types\/page"}],"author":[{"embeddable":true,"href":"https:\/\/urciconsultores.com\/fr\/wp-json\/wp\/v2\/users\/2"}],"replies":[{"embeddable":true,"href":"https:\/\/urciconsultores.com\/fr\/wp-json\/wp\/v2\/comments?post=553"}],"version-history":[{"count":18,"href":"https:\/\/urciconsultores.com\/fr\/wp-json\/wp\/v2\/pages\/553\/revisions"}],"predecessor-version":[{"id":1545,"href":"https:\/\/urciconsultores.com\/fr\/wp-json\/wp\/v2\/pages\/553\/revisions\/1545"}],"wp:attachment":[{"href":"https:\/\/urciconsultores.com\/fr\/wp-json\/wp\/v2\/media?parent=553"}],"curies":[{"name":"wp","href":"https:\/\/api.w.org\/{rel}","templated":true}]}}