{"id":640,"date":"2019-02-22T12:37:01","date_gmt":"2019-02-22T12:37:01","guid":{"rendered":"http:\/\/urciconsultores.com\/fr\/?page_id=640"},"modified":"2020-09-22T15:45:46","modified_gmt":"2020-09-22T15:45:46","slug":"politique-de-cookies","status":"publish","type":"page","link":"https:\/\/urciconsultores.com\/fr\/politique-de-cookies\/","title":{"rendered":"Politique de cookies"},"content":{"rendered":"<section class=\"cuerpo-politicas\">\r\n    <article class=\"cuerpo\">\r\n        <h2>Protection des donn\u00e9es (LOPD)<\/h2>\r\n        <p> Un cookie fait r\u00e9f\u00e9rence \u00e0 un fichier qui est envoy\u00e9 afin de demander l&#8217;autorisation d&#8217;\u00eatre stock\u00e9 sur votre ordinateur, en acceptant ledit fichier, il est cr\u00e9\u00e9 et le cookie sert alors \u00e0 avoir des informations sur le trafic Web, et facilite \u00e9galement les visites futures sur un site Web r\u00e9current. Une autre fonction des cookies est qu&#8217;avec eux, le Web peut vous reconna\u00eetre individuellement et donc vous fournir le meilleur service personnalis\u00e9 sur son site Web. <\/p>\r\n        <p> Le site Web <b> URCI CONSULTORES S.L. <\/b> utilise des cookies pour identifier les pages visit\u00e9es et leur fr\u00e9quence. Ces informations ne sont utilis\u00e9es qu&#8217;\u00e0 des fins d&#8217;analyse statistique, puis les informations sont d\u00e9finitivement supprim\u00e9es. Vous pouvez \u00e0 tout moment supprimer les cookies de votre ordinateur. Cependant, les cookies aident \u00e0 fournir un meilleur service pour les sites Web, vous ne donnez pas acc\u00e8s aux informations de votre ordinateur ou de vous, sauf si vous le souhaitez et les fournissez directement, des visites sur un site Web. Vous pouvez accepter ou refuser l&#8217;utilisation de cookies, mais la plupart des navigateurs acceptent automatiquement les cookies car cela sert \u00e0 avoir un meilleur service Web. Vous pouvez \u00e9galement modifier les param\u00e8tres de votre ordinateur pour refuser les cookies. S&#8217;ils sont refus\u00e9s, vous ne pourrez peut-\u00eatre pas utiliser certains de nos services. <\/p>\r\n        <h3> Comment puis-je d\u00e9sactiver les cookies dans les principaux navigateurs? <\/h3>\r\n        <p><b>Internet Explorer<\/b>: Outils -&gt; Options Internet -&gt; Confidentialit\u00e9 -&gt; R\u00e9glage. Pour plus d&#8217;informations, vous pouvez consulter le support de <b><a href=\"https:\/\/windows.microsoft.com\/es-ES\/windows\/support#1TC=windows-7&amp;top-solutions=windows-7\" target=\"_blank\" rel=\"nofollow noopener noreferrer\">Microsoft<\/a><\/b> ou Aide du navigateur.<\/p>\r\n        <p><b>Firefox<\/b>: Outils -&gt; Les choix -&gt; Confidentialit\u00e9 -&gt; Record -&gt; Param\u00e8tres personnalis\u00e9s. Pour plus d&#8217;informations, vous pouvez consulter le support de <b><a href=\"https:\/\/support.mozilla.org\/es\/\" target=\"_blank\" rel=\"nofollow noopener noreferrer\">Mozilla<\/a><\/b> ou Aide du navigateur.<\/p>\r\n        <p><b>Chrome<\/b>: R\u00e9glage -&gt; Montrer les options avanc\u00e9es -&gt; Confidentialit\u00e9 -&gt; Param\u00e8tres de contenu. Pour plus d&#8217;informations, vous pouvez consulter le support de <b><a href=\"https:\/\/support.google.com\/chrome\/?hl=es#topic=3227046\" target=\"_blank\" rel=\"nofollow noopener noreferrer\">Google<\/a><\/b> ou Aide du navigateur.<\/p>\r\n        <p><b>Safari<\/b>: Pr\u00e9f\u00e9rences -&gt; S\u00e9curit\u00e9. Pour plus d&#8217;informations, vous pouvez consulter le support de <b><a href=\"https:\/\/www.apple.com\/es\/support\/mac-apps\/safari\/\" target=\"_blank\" rel=\"nofollow noopener noreferrer\">Apple<\/a><\/b> ou Aide du navigateur.<\/p>\r\n    <\/article>\r\n<\/section>","protected":false},"excerpt":{"rendered":"Protection des donn\u00e9es (LOPD) Un cookie fait r\u00e9f\u00e9rence \u00e0 un fichier qui est envoy\u00e9 afin de demander l&#8217;autorisation d&#8217;\u00eatre stock\u00e9 sur votre ordinateur, en acceptant ledit fichier, il est cr\u00e9\u00e9 et le cookie sert alors \u00e0 avoir des informations sur le trafic Web, et facilite \u00e9galement les visites futures sur un site Web r\u00e9current. Une [&hellip;]","protected":false},"author":2,"featured_media":0,"parent":0,"menu_order":0,"comment_status":"closed","ping_status":"closed","template":"","meta":{"footnotes":""},"class_list":["post-640","page","type-page","status-publish","hentry"],"yoast_head":"<!-- This site is optimized with the Yoast SEO plugin v26.8 - https:\/\/yoast.com\/product\/yoast-seo-wordpress\/ -->\n<title>Politique de cookies - Urci Consultores<\/title>\n<meta name=\"robots\" content=\"index, follow, max-snippet:-1, max-image-preview:large, max-video-preview:-1\" \/>\n<link rel=\"canonical\" href=\"https:\/\/urciconsultores.com\/fr\/politique-de-cookies\/\" \/>\n<meta property=\"og:locale\" content=\"es_ES\" \/>\n<meta property=\"og:type\" content=\"article\" \/>\n<meta property=\"og:title\" content=\"Politique de cookies - Urci Consultores\" \/>\n<meta property=\"og:description\" content=\"Protection des donn\u00e9es (LOPD) Un cookie fait r\u00e9f\u00e9rence \u00e0 un fichier qui est envoy\u00e9 afin de demander l&#8217;autorisation d&#8217;\u00eatre stock\u00e9 sur votre ordinateur, en acceptant ledit fichier, il est cr\u00e9\u00e9 et le cookie sert alors \u00e0 avoir des informations sur le trafic Web, et facilite \u00e9galement les visites futures sur un site Web r\u00e9current. Une [&hellip;]\" \/>\n<meta property=\"og:url\" content=\"https:\/\/urciconsultores.com\/fr\/politique-de-cookies\/\" \/>\n<meta property=\"og:site_name\" content=\"Urci Consultores\" \/>\n<meta property=\"article:modified_time\" content=\"2020-09-22T15:45:46+00:00\" \/>\n<meta name=\"twitter:card\" content=\"summary_large_image\" \/>\n<meta name=\"twitter:label1\" content=\"Tiempo de lectura\" \/>\n\t<meta name=\"twitter:data1\" content=\"2 minutos\" \/>\n<script type=\"application\/ld+json\" class=\"yoast-schema-graph\">{\"@context\":\"https:\/\/schema.org\",\"@graph\":[{\"@type\":\"WebPage\",\"@id\":\"https:\/\/urciconsultores.com\/fr\/politique-de-cookies\/\",\"url\":\"https:\/\/urciconsultores.com\/fr\/politique-de-cookies\/\",\"name\":\"Politique de cookies - Urci Consultores\",\"isPartOf\":{\"@id\":\"https:\/\/urciconsultores.com\/fr\/#website\"},\"datePublished\":\"2019-02-22T12:37:01+00:00\",\"dateModified\":\"2020-09-22T15:45:46+00:00\",\"breadcrumb\":{\"@id\":\"https:\/\/urciconsultores.com\/fr\/politique-de-cookies\/#breadcrumb\"},\"inLanguage\":\"es\",\"potentialAction\":[{\"@type\":\"ReadAction\",\"target\":[\"https:\/\/urciconsultores.com\/fr\/politique-de-cookies\/\"]}]},{\"@type\":\"BreadcrumbList\",\"@id\":\"https:\/\/urciconsultores.com\/fr\/politique-de-cookies\/#breadcrumb\",\"itemListElement\":[{\"@type\":\"ListItem\",\"position\":1,\"name\":\"Portada\",\"item\":\"https:\/\/urciconsultores.com\/fr\/\"},{\"@type\":\"ListItem\",\"position\":2,\"name\":\"Politique de cookies\"}]},{\"@type\":\"WebSite\",\"@id\":\"https:\/\/urciconsultores.com\/fr\/#website\",\"url\":\"https:\/\/urciconsultores.com\/fr\/\",\"name\":\"Urci Consultores\",\"description\":\"Urci Consultores\",\"potentialAction\":[{\"@type\":\"SearchAction\",\"target\":{\"@type\":\"EntryPoint\",\"urlTemplate\":\"https:\/\/urciconsultores.com\/fr\/?s={search_term_string}\"},\"query-input\":{\"@type\":\"PropertyValueSpecification\",\"valueRequired\":true,\"valueName\":\"search_term_string\"}}],\"inLanguage\":\"es\"}]}<\/script>\n<!-- \/ Yoast SEO plugin. -->","yoast_head_json":{"title":"Politique de cookies - Urci Consultores","robots":{"index":"index","follow":"follow","max-snippet":"max-snippet:-1","max-image-preview":"max-image-preview:large","max-video-preview":"max-video-preview:-1"},"canonical":"https:\/\/urciconsultores.com\/fr\/politique-de-cookies\/","og_locale":"es_ES","og_type":"article","og_title":"Politique de cookies - Urci Consultores","og_description":"Protection des donn\u00e9es (LOPD) Un cookie fait r\u00e9f\u00e9rence \u00e0 un fichier qui est envoy\u00e9 afin de demander l&#8217;autorisation d&#8217;\u00eatre stock\u00e9 sur votre ordinateur, en acceptant ledit fichier, il est cr\u00e9\u00e9 et le cookie sert alors \u00e0 avoir des informations sur le trafic Web, et facilite \u00e9galement les visites futures sur un site Web r\u00e9current. Une [&hellip;]","og_url":"https:\/\/urciconsultores.com\/fr\/politique-de-cookies\/","og_site_name":"Urci Consultores","article_modified_time":"2020-09-22T15:45:46+00:00","twitter_card":"summary_large_image","twitter_misc":{"Tiempo de lectura":"2 minutos"},"schema":{"@context":"https:\/\/schema.org","@graph":[{"@type":"WebPage","@id":"https:\/\/urciconsultores.com\/fr\/politique-de-cookies\/","url":"https:\/\/urciconsultores.com\/fr\/politique-de-cookies\/","name":"Politique de cookies - Urci Consultores","isPartOf":{"@id":"https:\/\/urciconsultores.com\/fr\/#website"},"datePublished":"2019-02-22T12:37:01+00:00","dateModified":"2020-09-22T15:45:46+00:00","breadcrumb":{"@id":"https:\/\/urciconsultores.com\/fr\/politique-de-cookies\/#breadcrumb"},"inLanguage":"es","potentialAction":[{"@type":"ReadAction","target":["https:\/\/urciconsultores.com\/fr\/politique-de-cookies\/"]}]},{"@type":"BreadcrumbList","@id":"https:\/\/urciconsultores.com\/fr\/politique-de-cookies\/#breadcrumb","itemListElement":[{"@type":"ListItem","position":1,"name":"Portada","item":"https:\/\/urciconsultores.com\/fr\/"},{"@type":"ListItem","position":2,"name":"Politique de cookies"}]},{"@type":"WebSite","@id":"https:\/\/urciconsultores.com\/fr\/#website","url":"https:\/\/urciconsultores.com\/fr\/","name":"Urci Consultores","description":"Urci Consultores","potentialAction":[{"@type":"SearchAction","target":{"@type":"EntryPoint","urlTemplate":"https:\/\/urciconsultores.com\/fr\/?s={search_term_string}"},"query-input":{"@type":"PropertyValueSpecification","valueRequired":true,"valueName":"search_term_string"}}],"inLanguage":"es"}]}},"_links":{"self":[{"href":"https:\/\/urciconsultores.com\/fr\/wp-json\/wp\/v2\/pages\/640","targetHints":{"allow":["GET"]}}],"collection":[{"href":"https:\/\/urciconsultores.com\/fr\/wp-json\/wp\/v2\/pages"}],"about":[{"href":"https:\/\/urciconsultores.com\/fr\/wp-json\/wp\/v2\/types\/page"}],"author":[{"embeddable":true,"href":"https:\/\/urciconsultores.com\/fr\/wp-json\/wp\/v2\/users\/2"}],"replies":[{"embeddable":true,"href":"https:\/\/urciconsultores.com\/fr\/wp-json\/wp\/v2\/comments?post=640"}],"version-history":[{"count":7,"href":"https:\/\/urciconsultores.com\/fr\/wp-json\/wp\/v2\/pages\/640\/revisions"}],"predecessor-version":[{"id":1602,"href":"https:\/\/urciconsultores.com\/fr\/wp-json\/wp\/v2\/pages\/640\/revisions\/1602"}],"wp:attachment":[{"href":"https:\/\/urciconsultores.com\/fr\/wp-json\/wp\/v2\/media?parent=640"}],"curies":[{"name":"wp","href":"https:\/\/api.w.org\/{rel}","templated":true}]}}