{"id":704,"date":"2020-06-26T08:50:40","date_gmt":"2020-06-26T08:50:40","guid":{"rendered":"http:\/\/urciconsultores.com\/fr\/?page_id=704"},"modified":"2020-09-07T10:32:06","modified_gmt":"2020-09-07T10:32:06","slug":"nous","status":"publish","type":"page","link":"https:\/\/urciconsultores.com\/fr\/nous\/","title":{"rendered":"Nous"},"content":{"rendered":"<section class=\"cabecera-interior nosotros\">\r\n    <article class=\"cuerpo\">\r\n        <h1>\u00c0 propos de nous<\/h1>\r\n    <\/article>\r\n<\/section>\r\n<section class=\"intro-nosotros\">\r\n    <article class=\"cuerpo\">\r\n        <div class=\"img-izq\"><img decoding=\"async\" src=\"https:\/\/urciconsultores.com\/fr\/wp-content\/uploads\/intro-nosotros.jpg\"><\/div>\r\n        <div class=\"texto-der\">\r\n            <p class=\"grande\">D\u00e8s ses d\u00e9buts, Urci a particip\u00e9 activement au d\u00e9veloppement des infrastructures routi\u00e8res, ferroviaires, portuaires et a\u00e9roportuaires construites en Espagne par le gouvernement et avec le soutien de l\u2019Union Europ\u00e9enne. L\u2019exp\u00e9rience et les connaissances acquises tout au long de ces ann\u00e9es repr\u00e9sentent une base solide dans la prestation de services \u00e0 des clients publics et priv\u00e9s, nationaux et internationaux.<\/p>\r\n            <p class=\"grande\">En 2009, URCI a commenc\u00e9 son activit\u00e9 ext\u00e9rieure avec l\u2019ouverture de la succursale \u00e0 Lima, P\u00e9rou. En 2017, URCI a des succursales ouvertes au Panama, en Colombie, et \u00e0 Honduras, apr\u00e8s un plan d\u2019expansion important. De plus, la soci\u00e9t\u00e9 a commenc\u00e9 ses op\u00e9rations aux \u00c9tats-Unis en 2017.<\/p>\r\n        <\/div>\r\n    <\/article>\r\n<\/section>\r\n<section class=\"introdos-nosotros\">\r\n    <article class=\"cuerpo\">\r\n        <div class=\"img-cent\"><img decoding=\"async\" src=\"https:\/\/urciconsultores.com\/fr\/wp-content\/uploads\/introdos-nosotros.jpg\"><\/div>\r\n        <div class=\"cols\">\r\n            <p class=\"grande\">URCI d\u00e9veloppe son activit\u00e9 dans les secteurs du g\u00e9nie civil, industriel et environnemental, menant \u00e0 bien des services de planification, des \u00e9tudes de viabilit\u00e9, des avant-projets d\u00e9taill\u00e9s et \u00e9tudes d\u2019ex\u00e9cution, des projets de ma\u00eetre d\u2019\u0153uvre, la gestion de projets et la supervision de travaux.<\/p>\r\n        <\/div>\r\n        <div class=\"cols ultima\">\r\n            <p class=\"grande\">De plus, elle a implant\u00e9 un syst\u00e8me de gestion int\u00e9gr\u00e9 de la qualit\u00e9, d\u2019environnement et de pr\u00e9vention de risques professionnels et de R+D+i qui satisfait les normes internationales ISO-9001, ISO\u201014001 et OSHAS\u201018001:2007, et UNE 166.001:2014. <\/p>\r\n        <\/div>\r\n        <div class=\"limpiar\"><\/div>\r\n        <h3>L\u2019innovation et la durabilit\u00e9 font partie de l\u2019ADN de la soci\u00e9t\u00e9 et sont appliqu\u00e9es \u00e0 chacune de ses activit\u00e9s.<\/h3>\r\n        <a href=\"#anclaform\" class=\"btn\">contactez-nous [+]<\/a>\r\n    <\/article>\r\n<\/section>\r\n<!--TIMELINE AQUI-->\r\n<section class=\"timeline-nosotros\">\r\n    <article class=\"cuerpo\">\r\n        <h2>Histoire<\/h2>\r\n        <div class=\"owl-carousel owl-theme\" id=\"owl-carousel-timeline\">\r\n            <div class=\"item\">\r\n                <h3 class=\"after\">1989<\/h3>\r\n                <h4>D\u00e9but d\u2019activit\u00e9, ouverture de bureaux \u00e0 Almer\u00eda<\/h4>\r\n            <\/div>\r\n            <div class=\"item\">\r\n                <h3 class=\"after\">2002<\/h3>\r\n                <h4>Ouverture de bureaux \u00e0 Madrid<\/h4>\r\n            <\/div>\r\n            <div class=\"item\">\r\n                <h3 class=\"after\">2009<\/h3>\r\n                <h4>D\u00e9but d\u2019activit\u00e9 internationale. Ouverture de bureau \u00e0 Lima, P\u00e9rou<\/h4>\r\n            <\/div>\r\n            <div class=\"item\">\r\n                <h3 class=\"after\">2016<\/h3>\r\n                <h4>D\u00e9but d\u2019activit\u00e9 en Am\u00e9rique centrale. Ouverture de bureau au Panama<\/h4>\r\n            <\/div>\r\n            <div class=\"item\">\r\n                <h3 class=\"after\">2017<\/h3>\r\n                <h4>Ouverture de filiale en Colombie et d\u00e9but d\u2019activit\u00e9s aux \u00c9tats-Unis<\/h4>\r\n            <\/div>\r\n            <div class=\"item\">\r\n                <h3 class=\"after\">2018<\/h3>\r\n                <h4>Ouverture de filiale \u00e0 Honduras<\/h4>\r\n            <\/div>\r\n            <div class=\"item\">\r\n                <h3 class=\"after\">2020<\/h3>\r\n                <h4>Urci est reconnue par le Minist\u00e8re de l\u2019\u00c9conomie et de la Comp\u00e9titivit\u00e9 (MINECO) comme soci\u00e9t\u00e9 innovatrice.<\/h4>\r\n            <\/div>\r\n        <\/div>\r\n    <\/article>\r\n<\/section>\r\n<section class=\"cajas-nosotros\">\r\n    <article class=\"cuerpo\">\r\n        <div class=\"cajas\">\r\n            <h3>Mission<\/h3>\r\n            <p>URCI a comme mission \u00eatre une ing\u00e9nierie ind\u00e9pendante, ayant la vocation de r\u00e9aliser de l\u2019ing\u00e9nierie et du conseil dans toutes les phases du cycle d\u2019un projet, dans les domaines d\u2019infrastructures et d\u2019\u00e9nergie, pour des organismes publics et des soci\u00e9t\u00e9s priv\u00e9es, ayant la plus grande qualit\u00e9 technique et le meilleur service au client.<\/p>\r\n        <\/div>\r\n        <div class=\"cajas\">\r\n            <h3>Vision<\/h3>\r\n            <p>URCI a comme vision de se consolider comme une soci\u00e9t\u00e9 d\u2019ing\u00e9nierie et de conseil de r\u00e9f\u00e9rence en Espagne et sur le continent am\u00e9ricain, apportant de la valeur et de la qualit\u00e9 aux soci\u00e9t\u00e9s auxquelles elle pr\u00eate des services. <\/p>\r\n        <\/div>\r\n        <div class=\"cajas ultima\">\r\n            <h3>Valeurs<\/h3>\r\n            <ul>\r\n                <li>Transparence<\/li>\r\n                <li>Rigueur<\/li>\r\n                <li>Efficacit\u00e9<\/li>\r\n                <li>Excellence<\/li>\r\n                <li>Responsabilit\u00e9 sociale<\/li>\r\n                <li>Ind\u00e9pendance<\/li>\r\n            <\/ul>\r\n            <div class=\"limpiar\"><\/div>\r\n        <\/div>\r\n        <div class=\"limpiar\"><\/div>\r\n    <\/article>\r\n<\/section>\r\n<section class=\"final-nosotros\">\r\n    <article class=\"cuerpo\">\r\n        <h2>RESSOURCES HUMAINES<\/h2>\r\n        <div class=\"img-cent\"><img decoding=\"async\" src=\"https:\/\/urciconsultores.com\/fr\/wp-content\/uploads\/final-nosotros.jpg\"><\/div>\r\n        <div class=\"cols\">\r\n            <p class=\"grande\">Pour URCI, son \u00e9quipe humaine est son principal actif. La soci\u00e9t\u00e9 promeut le d\u00e9veloppement de ses professionnels en facilitant la conciliation entre le domaine personnel et professionnel. URCI r\u00e9alise un effort important pour doter ses installations des meilleurs moyens techniques et pour offrir une formation constante \u00e0 ses employ\u00e9s, \u00e0 travers l\u2019organisation de nombreux cours, journ\u00e9es et s\u00e9minaires sp\u00e9cialis\u00e9s.<\/p>\r\n        <\/div>\r\n        <div class=\"cols ultima\">\r\n            <p class=\"grande\">Les \u00e9quipes professionnelles des diff\u00e9rentes sp\u00e9cialisations et pays dans lesquels URCI est pr\u00e9sente, travaillent d\u2019une mani\u00e8re coordonn\u00e9e, en utilisant des plateformes collaboratives et des outils informatiques les plus innovants, apportant toute leur exp\u00e9rience et haute qualification aux services d\u2019excellence pr\u00eat\u00e9s \u00e0 ses clients.<\/p>\r\n        <\/div>\r\n        <div class=\"limpiar\"><\/div>\r\n    <\/article>\r\n<\/section>","protected":false},"excerpt":{"rendered":"\u00c0 propos de nous D\u00e8s ses d\u00e9buts, Urci a particip\u00e9 activement au d\u00e9veloppement des infrastructures routi\u00e8res, ferroviaires, portuaires et a\u00e9roportuaires construites en Espagne par le gouvernement et avec le soutien de l\u2019Union Europ\u00e9enne. L\u2019exp\u00e9rience et les connaissances acquises tout au long de ces ann\u00e9es repr\u00e9sentent une base solide dans la prestation de services \u00e0 des [&hellip;]","protected":false},"author":2,"featured_media":0,"parent":0,"menu_order":0,"comment_status":"closed","ping_status":"closed","template":"","meta":{"footnotes":""},"class_list":["post-704","page","type-page","status-publish","hentry"],"yoast_head":"<!-- This site is optimized with the Yoast SEO plugin v26.8 - https:\/\/yoast.com\/product\/yoast-seo-wordpress\/ -->\n<title>Nous - Urci Consultores<\/title>\n<meta name=\"robots\" content=\"index, follow, max-snippet:-1, max-image-preview:large, max-video-preview:-1\" \/>\n<link rel=\"canonical\" href=\"https:\/\/urciconsultores.com\/fr\/nous\/\" \/>\n<meta property=\"og:locale\" content=\"es_ES\" \/>\n<meta property=\"og:type\" content=\"article\" \/>\n<meta property=\"og:title\" content=\"Nous - Urci Consultores\" \/>\n<meta property=\"og:description\" content=\"\u00c0 propos de nous D\u00e8s ses d\u00e9buts, Urci a particip\u00e9 activement au d\u00e9veloppement des infrastructures routi\u00e8res, ferroviaires, portuaires et a\u00e9roportuaires construites en Espagne par le gouvernement et avec le soutien de l\u2019Union Europ\u00e9enne. L\u2019exp\u00e9rience et les connaissances acquises tout au long de ces ann\u00e9es repr\u00e9sentent une base solide dans la prestation de services \u00e0 des [&hellip;]\" \/>\n<meta property=\"og:url\" content=\"https:\/\/urciconsultores.com\/fr\/nous\/\" \/>\n<meta property=\"og:site_name\" content=\"Urci Consultores\" \/>\n<meta property=\"article:modified_time\" content=\"2020-09-07T10:32:06+00:00\" \/>\n<meta property=\"og:image\" content=\"https:\/\/urciconsultores.com\/fr\/wp-content\/uploads\/intro-nosotros.jpg\" \/>\n<meta name=\"twitter:card\" content=\"summary_large_image\" \/>\n<meta name=\"twitter:label1\" content=\"Tiempo de lectura\" \/>\n\t<meta name=\"twitter:data1\" content=\"3 minutos\" \/>\n<script type=\"application\/ld+json\" class=\"yoast-schema-graph\">{\"@context\":\"https:\/\/schema.org\",\"@graph\":[{\"@type\":\"WebPage\",\"@id\":\"https:\/\/urciconsultores.com\/fr\/nous\/\",\"url\":\"https:\/\/urciconsultores.com\/fr\/nous\/\",\"name\":\"Nous - Urci Consultores\",\"isPartOf\":{\"@id\":\"https:\/\/urciconsultores.com\/fr\/#website\"},\"primaryImageOfPage\":{\"@id\":\"https:\/\/urciconsultores.com\/fr\/nous\/#primaryimage\"},\"image\":{\"@id\":\"https:\/\/urciconsultores.com\/fr\/nous\/#primaryimage\"},\"thumbnailUrl\":\"https:\/\/urciconsultores.com\/fr\/wp-content\/uploads\/intro-nosotros.jpg\",\"datePublished\":\"2020-06-26T08:50:40+00:00\",\"dateModified\":\"2020-09-07T10:32:06+00:00\",\"breadcrumb\":{\"@id\":\"https:\/\/urciconsultores.com\/fr\/nous\/#breadcrumb\"},\"inLanguage\":\"es\",\"potentialAction\":[{\"@type\":\"ReadAction\",\"target\":[\"https:\/\/urciconsultores.com\/fr\/nous\/\"]}]},{\"@type\":\"ImageObject\",\"inLanguage\":\"es\",\"@id\":\"https:\/\/urciconsultores.com\/fr\/nous\/#primaryimage\",\"url\":\"https:\/\/urciconsultores.com\/fr\/wp-content\/uploads\/intro-nosotros.jpg\",\"contentUrl\":\"https:\/\/urciconsultores.com\/fr\/wp-content\/uploads\/intro-nosotros.jpg\"},{\"@type\":\"BreadcrumbList\",\"@id\":\"https:\/\/urciconsultores.com\/fr\/nous\/#breadcrumb\",\"itemListElement\":[{\"@type\":\"ListItem\",\"position\":1,\"name\":\"Portada\",\"item\":\"https:\/\/urciconsultores.com\/fr\/\"},{\"@type\":\"ListItem\",\"position\":2,\"name\":\"Nous\"}]},{\"@type\":\"WebSite\",\"@id\":\"https:\/\/urciconsultores.com\/fr\/#website\",\"url\":\"https:\/\/urciconsultores.com\/fr\/\",\"name\":\"Urci Consultores\",\"description\":\"Urci Consultores\",\"potentialAction\":[{\"@type\":\"SearchAction\",\"target\":{\"@type\":\"EntryPoint\",\"urlTemplate\":\"https:\/\/urciconsultores.com\/fr\/?s={search_term_string}\"},\"query-input\":{\"@type\":\"PropertyValueSpecification\",\"valueRequired\":true,\"valueName\":\"search_term_string\"}}],\"inLanguage\":\"es\"}]}<\/script>\n<!-- \/ Yoast SEO plugin. -->","yoast_head_json":{"title":"Nous - Urci Consultores","robots":{"index":"index","follow":"follow","max-snippet":"max-snippet:-1","max-image-preview":"max-image-preview:large","max-video-preview":"max-video-preview:-1"},"canonical":"https:\/\/urciconsultores.com\/fr\/nous\/","og_locale":"es_ES","og_type":"article","og_title":"Nous - Urci Consultores","og_description":"\u00c0 propos de nous D\u00e8s ses d\u00e9buts, Urci a particip\u00e9 activement au d\u00e9veloppement des infrastructures routi\u00e8res, ferroviaires, portuaires et a\u00e9roportuaires construites en Espagne par le gouvernement et avec le soutien de l\u2019Union Europ\u00e9enne. L\u2019exp\u00e9rience et les connaissances acquises tout au long de ces ann\u00e9es repr\u00e9sentent une base solide dans la prestation de services \u00e0 des [&hellip;]","og_url":"https:\/\/urciconsultores.com\/fr\/nous\/","og_site_name":"Urci Consultores","article_modified_time":"2020-09-07T10:32:06+00:00","og_image":[{"url":"https:\/\/urciconsultores.com\/fr\/wp-content\/uploads\/intro-nosotros.jpg","type":"","width":"","height":""}],"twitter_card":"summary_large_image","twitter_misc":{"Tiempo de lectura":"3 minutos"},"schema":{"@context":"https:\/\/schema.org","@graph":[{"@type":"WebPage","@id":"https:\/\/urciconsultores.com\/fr\/nous\/","url":"https:\/\/urciconsultores.com\/fr\/nous\/","name":"Nous - Urci Consultores","isPartOf":{"@id":"https:\/\/urciconsultores.com\/fr\/#website"},"primaryImageOfPage":{"@id":"https:\/\/urciconsultores.com\/fr\/nous\/#primaryimage"},"image":{"@id":"https:\/\/urciconsultores.com\/fr\/nous\/#primaryimage"},"thumbnailUrl":"https:\/\/urciconsultores.com\/fr\/wp-content\/uploads\/intro-nosotros.jpg","datePublished":"2020-06-26T08:50:40+00:00","dateModified":"2020-09-07T10:32:06+00:00","breadcrumb":{"@id":"https:\/\/urciconsultores.com\/fr\/nous\/#breadcrumb"},"inLanguage":"es","potentialAction":[{"@type":"ReadAction","target":["https:\/\/urciconsultores.com\/fr\/nous\/"]}]},{"@type":"ImageObject","inLanguage":"es","@id":"https:\/\/urciconsultores.com\/fr\/nous\/#primaryimage","url":"https:\/\/urciconsultores.com\/fr\/wp-content\/uploads\/intro-nosotros.jpg","contentUrl":"https:\/\/urciconsultores.com\/fr\/wp-content\/uploads\/intro-nosotros.jpg"},{"@type":"BreadcrumbList","@id":"https:\/\/urciconsultores.com\/fr\/nous\/#breadcrumb","itemListElement":[{"@type":"ListItem","position":1,"name":"Portada","item":"https:\/\/urciconsultores.com\/fr\/"},{"@type":"ListItem","position":2,"name":"Nous"}]},{"@type":"WebSite","@id":"https:\/\/urciconsultores.com\/fr\/#website","url":"https:\/\/urciconsultores.com\/fr\/","name":"Urci Consultores","description":"Urci Consultores","potentialAction":[{"@type":"SearchAction","target":{"@type":"EntryPoint","urlTemplate":"https:\/\/urciconsultores.com\/fr\/?s={search_term_string}"},"query-input":{"@type":"PropertyValueSpecification","valueRequired":true,"valueName":"search_term_string"}}],"inLanguage":"es"}]}},"_links":{"self":[{"href":"https:\/\/urciconsultores.com\/fr\/wp-json\/wp\/v2\/pages\/704","targetHints":{"allow":["GET"]}}],"collection":[{"href":"https:\/\/urciconsultores.com\/fr\/wp-json\/wp\/v2\/pages"}],"about":[{"href":"https:\/\/urciconsultores.com\/fr\/wp-json\/wp\/v2\/types\/page"}],"author":[{"embeddable":true,"href":"https:\/\/urciconsultores.com\/fr\/wp-json\/wp\/v2\/users\/2"}],"replies":[{"embeddable":true,"href":"https:\/\/urciconsultores.com\/fr\/wp-json\/wp\/v2\/comments?post=704"}],"version-history":[{"count":18,"href":"https:\/\/urciconsultores.com\/fr\/wp-json\/wp\/v2\/pages\/704\/revisions"}],"predecessor-version":[{"id":1505,"href":"https:\/\/urciconsultores.com\/fr\/wp-json\/wp\/v2\/pages\/704\/revisions\/1505"}],"wp:attachment":[{"href":"https:\/\/urciconsultores.com\/fr\/wp-json\/wp\/v2\/media?parent=704"}],"curies":[{"name":"wp","href":"https:\/\/api.w.org\/{rel}","templated":true}]}}