{"id":713,"date":"2020-06-26T09:47:22","date_gmt":"2020-06-26T09:47:22","guid":{"rendered":"http:\/\/urciconsultores.com\/fr\/?page_id=713"},"modified":"2020-09-07T12:02:42","modified_gmt":"2020-09-07T12:02:42","slug":"domaines-dactivite","status":"publish","type":"page","link":"https:\/\/urciconsultores.com\/fr\/domaines-dactivite\/","title":{"rendered":"Domaines d\u2019activite"},"content":{"rendered":"<section class=\"cabecera-interior areanegocio\">\r\n    <article class=\"cuerpo\">\r\n        <h1>Domaines d\u2019activite et services<\/h1>\r\n    <\/article>\r\n<\/section>\r\n<section class=\"intro-home areanegocio\">\r\n    <article class=\"cuerpo\">\r\n        <p class=\"grande\">Tout au long de sa trajectoire professionnelle, URCI a travaill\u00e9 sur une longue liste de projets dans diff\u00e9rents domaines d\u2019activit\u00e9, parmi lesquels se trouvent les secteurs les plus importants pour le d\u00e9veloppement et la modernisation d\u2019un pays. <\/p>\r\n        <p class=\"grande\">Parmi les domaines dans lesquels URCI accumule le plus d\u2019exp\u00e9rience, se trouvent les infrastructures du transport, de l\u2019eau et de l\u2019environnement, l\u2019am\u00e9nagement du territoire, la gestion d\u2019expropriations et\/ou fonciers, la construction et le b\u00e2timent, et l\u2019industrie et l\u2019\u00e9nergie.<\/p>\r\n        <div class=\"contenedor\">\r\n            <div class=\"cajas-intro uno\">\r\n                <a href=\"infrastructures-du-transport\"><div class=\"efecto-hover\">\r\n                    <img decoding=\"async\" src=\"https:\/\/urciconsultores.com\/fr\/wp-content\/uploads\/cajas-intro-home-1.png\">\r\n                    <h3>Infrastructures du transport<\/h3>\r\n                    <p>Dans le domaine d\u2019infrastructures du transport, URCI offre des solutions durables pour une mobilit\u00e9 efficace et s\u00fbre de personnes et de marchandises&#8230;<\/p>\r\n                <\/div><\/a>\r\n            <\/div>\r\n            <div class=\"cajas-intro dos\">\r\n                <a href=\"eau-et-environnement\"><div class=\"efecto-hover\">\r\n                    <img decoding=\"async\" src=\"https:\/\/urciconsultores.com\/fr\/wp-content\/uploads\/cajas-intro-home-2.png\">\r\n                    <h3>Eau et environnement<\/h3>\r\n                    <p>URCI offre des services d\u2019ing\u00e9nierie allant de l\u2019\u00e9laboration des \u00e9tudes d\u2019avant-projet, l\u2019ex\u00e9cution, l\u2019assistance \u00e0 la ma\u00eetrise d\u2019ouvrage au chantier&#8230;<\/p>\r\n                <\/div><\/a>\r\n            <\/div>\r\n            <div class=\"cajas-intro tres\">\r\n                <a href=\"gestion-fonciere\"><div class=\"efecto-hover\">\r\n                    <img decoding=\"async\" src=\"https:\/\/urciconsultores.com\/fr\/wp-content\/uploads\/cajas-intro-home-3.png\">\r\n                    <h3>Expropriations et gestion fonci\u00e8re<\/h3>\r\n                    <p>L\u2019ex\u00e9cution des infrastructures requiert, dans beaucoup de cas, la disponibilit\u00e9 de terrains de tiers, c\u2019est pourquoi il est n\u00e9cessaire&#8230;<\/p>\r\n                <\/div><\/a>\r\n            <\/div>\r\n            <div class=\"cajas-intro cuatro\">\r\n                <a href=\"amenagement-du-territoire\"><div class=\"efecto-hover\">\r\n                    <img decoding=\"async\" src=\"https:\/\/urciconsultores.com\/fr\/wp-content\/uploads\/cajas-intro-home-4.png\">\r\n                    <h3>Am\u00e9nagement du territoire<\/h3>\r\n                    <p>Dans le domaine d\u2019am\u00e9nagement du territoire, URCI participe aux diff\u00e9rentes phases de l\u2019am\u00e9nagement du territoire des populations, r\u00e9pondant&#8230;<\/p>\r\n                <\/div><\/a>\r\n            <\/div>\r\n            <div class=\"cajas-intro cinco\">\r\n                <a href=\"construction-et-batiment\"><div class=\"efecto-hover\">\r\n                    <img decoding=\"async\" src=\"https:\/\/urciconsultores.com\/fr\/wp-content\/uploads\/cajas-intro-home-5.png\">\r\n                    <h3>Construction et b\u00e2timent<\/h3>\r\n                    <p>Dans le domaine du b\u00e2timent, URCI d\u00e9veloppe des projets int\u00e9graux. En partant du concept initial apport\u00e9 par le client, la viabilit\u00e9 du projet&#8230;<\/p>\r\n                <\/div><\/a>\r\n            <\/div>\r\n            <div class=\"cajas-intro seis\">\r\n                <a href=\"industrie-et-energie\"><div class=\"efecto-hover\">\r\n                    <img decoding=\"async\" src=\"https:\/\/urciconsultores.com\/fr\/wp-content\/uploads\/cajas-intro-home-6.png\">\r\n                    <h3>Industrie et \u00e9nergie<\/h3>\r\n                    <p>URCI a travaill\u00e9 historiquement dans les secteurs de l\u2019industrie et de l\u2019\u00e9nergie dans le cadre du d\u00e9veloppement de ses projets d\u2019infrastructures.<\/p>\r\n                <\/div><\/a>\r\n            <\/div>\r\n        <\/div>\r\n    <\/article>\r\n<\/section>\r\n<section class=\"banner-areanegocio\">\r\n    <article class=\"cuerpo\">\r\n        <div class=\"contenedor\">\r\n            <p class=\"grande\">Dans chacun des domaines d\u2019activit\u00e9, URCI travaille sur une vari\u00e9t\u00e9 de domaines d\u2019action et d\u00e9veloppe des services hautement sp\u00e9cialis\u00e9s, disposant des meilleurs professionnels du march\u00e9. <\/p>\r\n            <p class=\"grande\">Dans les services d\u2019ing\u00e9nierie de g\u00e9nie civil, URCI m\u00e8ne \u00e0 bien des \u00e9tudes (pr\u00e9liminaires ou de profil, de faisabilit\u00e9, avant-projets sommaires et plans d\u2019ex\u00e9cution), une supervision de travaux (ma\u00eetre d\u2019\u0153uvre, contr\u00f4le et surveillance et contr\u00f4le de qualit\u00e9) et d\u2019autres services li\u00e9s (gestion d\u2019expropriations, inspections de concessions de travaux publics, etc.). Elle r\u00e9alise \u00e9galement des \u00e9tudes environnementales, telles que des \u00e9valuations d\u2019impact environnemental, des restaurations hydrologiques, un traitement d\u2019eaux us\u00e9es et des services de gestion environnementale, ainsi que des \u00e9tudes d\u2019am\u00e9nagement du territoire et d\u2019am\u00e9nagement urbain, tant g\u00e9n\u00e9ral que de d\u00e9veloppement.<\/p>\r\n            <a href=\"#anclaform\" class=\"btn\">Nous contacter [+]<\/a>\r\n        <\/div>\r\n    <\/article>\r\n<\/section>\r\n<section class=\"proyectos-home areanegocio\">\r\n    <article class=\"cuerpo\">\r\n        <h2>Derniers projets<\/h2>\r\n        <p class=\"grande\">Voici quelques-uns de nos derniers projets. Vous pouvez consulter la liste compl\u00e8te dans notre section projets.<\/p>\r\n        <a href=\"projets\" class=\"btn\">nos projets [+]<\/a>\r\n        <div class=\"limpiar\"><\/div>\r\n    <\/article>\r\n<\/section>\r\n<section class=\"carrousel-home areanegocio\">\r\n    <div class=\"owl-carousel owl-theme\" id=\"owl-carousel-proyectos\">\r\n        <div class=\"cajascomunes-proyecto freson-de-huelva-accede-al-interior-de-espana\">\r\n            <div class=\"contenedor\">\r\n                <h5>Huelva, Espagne<\/h5>\r\n                <h4>Contr\u00f4le et surveillance des travaux : D\u00e9viation des localit\u00e9s de Beas et Trigueros sur la route\u2026<\/h4>\r\n                <a href=\"freson-de-huelva-accede-a-linterieur-de-lespagne\" class=\"btn\">voir le projet [+]<\/a>\r\n            <\/div>\r\n        <\/div>\r\n        <div class=\"cajascomunes-proyecto autovia-de-la-plata-a-66\">\r\n            <div class=\"contenedor\">\r\n                <h5>Zamora, Espagne<\/h5>\r\n                <h4>Inspections des contrats de concession de travaux publics pour la conservation et l\u2019exploitation\u2026<\/h4>\r\n                <a href=\"amelioration-de-lautoroute-de-la-plata\" class=\"btn\">voir le projet [+]<\/a>\r\n            <\/div>\r\n        <\/div>\r\n        <div class=\"cajascomunes-proyecto acceso-al-canon-del-colca-arequipa\">\r\n            <div class=\"contenedor\">\r\n                <h5>D\u00e9partement d\u00b4Arequipa<\/h5>\r\n                <h4>Service de supervision de l\u2019\u00e9laboration de dossier technique et supervision de l\u2019ex\u00e9cution du\u2026<\/h4>\r\n                <a href=\"acces-au-canon-del-colca-arequipa\" class=\"btn\">voir le projet [+]<\/a>\r\n            <\/div>\r\n        <\/div>\r\n        <div class=\"cajascomunes-proyecto puerto-de-garrucha\">\r\n            <div class=\"contenedor\">\r\n                <h5>Almer\u00eda<\/h5>\r\n                <h4>Assistance \u00e0 la ma\u00eetrise d\u2019ouvrage de la direction des travaux d\u2019agrandissement Nord. Port de Garrucha<\/h4>\r\n                <a href=\"agrandissement-du-port-de-garrucha\" class=\"btn\">voir le projet [+]<\/a>\r\n            <\/div>\r\n        <\/div>\r\n        <div class=\"cajascomunes-proyecto ayacucho-mejora-su-conexion-aerea\">\r\n            <div class=\"contenedor\">\r\n                <h5>D\u00e9partement de Ayacucho<\/h5>\r\n                <h4>Supervision de la r\u00e9habilitation du rev\u00eatement asphaltique du c\u00f4t\u00e9 air, de l\u2019a\u00e9roport \u00ab Alfredo\u2026<\/h4>\r\n                <a href=\"ayacucho-ameliore-sa-liaison-aerienne\" class=\"btn\">voir le projet [+]<\/a>\r\n            <\/div>\r\n        <\/div>\r\n        <div class=\"cajascomunes-proyecto ate-lima-dispondra-de-agua-potable-y-saneamiento\">\r\n            <div class=\"contenedor\">\r\n                <h5>Lima<\/h5>\r\n                <h4>\u00c9tude d\u00e9finitive et dossier technique du plan d\u2019ex\u00e9cution \u00ab Agrandissement et am\u00e9lioration des\u2026<\/h4>\r\n                <a href=\"ate-lima-disposera-deau-potable-et-dassainissement\" class=\"btn\">voir le projet [+]<\/a>\r\n            <\/div>\r\n        <\/div>\r\n        <div class=\"cajascomunes-proyecto saneamiento-y-adquisicion-de-predios-evitamiento-de-chimbote-peru\">\r\n            <div class=\"contenedor\">\r\n                <h5>D\u00e9partement d\u00b4Ancash, P\u00e9rou<\/h5>\r\n                <h4>Service d\u2019\u00e9laboration de diagnostic technique l\u00e9gal et de dossiers individuels \u00e0 des fins d\u2019\u00e9valuation\u2026<\/h4>\r\n                <a href=\"assainissement-et-acquisition-dimmeubles-evitement-de-chimbote-perou\" class=\"btn\">voir le projet [+]<\/a>\r\n            <\/div>\r\n        <\/div>\r\n        <div class=\"cajascomunes-proyecto viru-tendra-evitamiento-saneamiento-y-adquisicion-de-predios\">\r\n            <div class=\"contenedor\">\r\n                <h5>D\u00e9partement de La Libertad, P\u00e9rou<\/h5>\r\n                <h4>Service pour l\u2019acquisition des immeubles affect\u00e9s par l\u2019\u00e9vitement de Vir\u00fa et tron\u00e7on continu 1 du\u2026<\/h4>\r\n                <a href=\"viru-aura-un-evitement-assainissement-et-acquisition-dimmeubles\" class=\"btn\">voir le projet [+]<\/a>\r\n            <\/div>\r\n        <\/div>\r\n        <div class=\"cajascomunes-proyecto estadio-deportivo-y-pista-de-atletismo-para-los-juegos-mediterraneos-2005\">\r\n            <div class=\"contenedor\">\r\n                <h5>Almer\u00eda<\/h5>\r\n                <h4>Ma\u00eetrise d\u2019\u0153uvre du stade sportif et de la piste d\u2019athl\u00e9tisme pour les Jeux m\u00e9diterran\u00e9ens 2005 \u00e0 Almer\u00eda<\/h4>\r\n                <a href=\"almeria-se-prepare-pour-les-jeux-mediterraneens-2005\" class=\"btn\">voir le projet [+]<\/a>\r\n            <\/div>\r\n        <\/div>\r\n        <div class=\"cajascomunes-proyecto aparcamiento-subterraneo-en-parque-de-las-almadrabillas\">\r\n            <div class=\"contenedor\">\r\n                <h5>Almer\u00eda<\/h5>\r\n                <h4>R\u00e9alisation de l\u2019avant-projet d\u00e9taill\u00e9 de l\u2019offre, du plan d\u2019ex\u00e9cution, du projet d\u2019activit\u00e9 et de\u2026<\/h4>\r\n                <a href=\"nouveau-parking-souterrain-a-almandrabillas-almeria\" class=\"btn\">voir le projet [+]<\/a>\r\n            <\/div>\r\n        <\/div>\r\n        <div class=\"cajascomunes-proyecto campo-de-tiro-y-arco-irving-saladino\">\r\n            <div class=\"contenedor\">\r\n                <h5>Panama<\/h5>\r\n                <h4>Plan d\u2019ex\u00e9cution de terrain de tir et arc dans la ville sportive Irving Saladino, province de Panama.<\/h4>\r\n                <a href=\"nouveau-terrain-de-tir-a-larc-au-panama\" class=\"btn\">voir le projet [+]<\/a>\r\n            <\/div>\r\n        <\/div>\r\n        <div class=\"cajascomunes-proyecto aseguramos-la-gestion-de-la-concesion-de-la-red-vial-no-04\">\r\n            <div class=\"contenedor\">\r\n                <h5>D\u00e9partement d\u00b4Ancash<\/h5>\r\n                <h4>\u00c9tude d\u00e9finitive d\u2019ing\u00e9nierie des stations de p\u00e9age et pesage et du b\u00e2timent du si\u00e8ge central du&#8230;<\/h4>\r\n                <a href=\"nous-assurons-la-gestion-de-la-concession-du-reseau-routier-no-04\" class=\"btn\">voir le projet [+]<\/a>\r\n            <\/div>\r\n        <\/div>\r\n    <\/div>\r\n<\/section>","protected":false},"excerpt":{"rendered":"Domaines d\u2019activite et services Tout au long de sa trajectoire professionnelle, URCI a travaill\u00e9 sur une longue liste de projets dans diff\u00e9rents domaines d\u2019activit\u00e9, parmi lesquels se trouvent les secteurs les plus importants pour le d\u00e9veloppement et la modernisation d\u2019un pays. Parmi les domaines dans lesquels URCI accumule le plus d\u2019exp\u00e9rience, se trouvent les infrastructures [&hellip;]","protected":false},"author":2,"featured_media":0,"parent":0,"menu_order":0,"comment_status":"closed","ping_status":"closed","template":"","meta":{"footnotes":""},"class_list":["post-713","page","type-page","status-publish","hentry"],"yoast_head":"<!-- This site is optimized with the Yoast SEO plugin v26.8 - https:\/\/yoast.com\/product\/yoast-seo-wordpress\/ -->\n<title>Domaines d\u2019activite - Urci Consultores<\/title>\n<meta name=\"robots\" content=\"index, follow, max-snippet:-1, max-image-preview:large, max-video-preview:-1\" \/>\n<link rel=\"canonical\" href=\"https:\/\/urciconsultores.com\/fr\/domaines-dactivite\/\" \/>\n<meta property=\"og:locale\" content=\"es_ES\" \/>\n<meta property=\"og:type\" content=\"article\" \/>\n<meta property=\"og:title\" content=\"Domaines d\u2019activite - Urci Consultores\" \/>\n<meta property=\"og:description\" content=\"Domaines d\u2019activite et services Tout au long de sa trajectoire professionnelle, URCI a travaill\u00e9 sur une longue liste de projets dans diff\u00e9rents domaines d\u2019activit\u00e9, parmi lesquels se trouvent les secteurs les plus importants pour le d\u00e9veloppement et la modernisation d\u2019un pays. Parmi les domaines dans lesquels URCI accumule le plus d\u2019exp\u00e9rience, se trouvent les infrastructures [&hellip;]\" \/>\n<meta property=\"og:url\" content=\"https:\/\/urciconsultores.com\/fr\/domaines-dactivite\/\" \/>\n<meta property=\"og:site_name\" content=\"Urci Consultores\" \/>\n<meta property=\"article:modified_time\" content=\"2020-09-07T12:02:42+00:00\" \/>\n<meta property=\"og:image\" content=\"https:\/\/urciconsultores.com\/fr\/wp-content\/uploads\/cajas-intro-home-1.png\" \/>\n<meta name=\"twitter:card\" content=\"summary_large_image\" \/>\n<meta name=\"twitter:label1\" content=\"Tiempo de lectura\" \/>\n\t<meta name=\"twitter:data1\" content=\"4 minutos\" \/>\n<script type=\"application\/ld+json\" class=\"yoast-schema-graph\">{\"@context\":\"https:\/\/schema.org\",\"@graph\":[{\"@type\":\"WebPage\",\"@id\":\"https:\/\/urciconsultores.com\/fr\/domaines-dactivite\/\",\"url\":\"https:\/\/urciconsultores.com\/fr\/domaines-dactivite\/\",\"name\":\"Domaines d\u2019activite - Urci Consultores\",\"isPartOf\":{\"@id\":\"https:\/\/urciconsultores.com\/fr\/#website\"},\"primaryImageOfPage\":{\"@id\":\"https:\/\/urciconsultores.com\/fr\/domaines-dactivite\/#primaryimage\"},\"image\":{\"@id\":\"https:\/\/urciconsultores.com\/fr\/domaines-dactivite\/#primaryimage\"},\"thumbnailUrl\":\"https:\/\/urciconsultores.com\/fr\/wp-content\/uploads\/cajas-intro-home-1.png\",\"datePublished\":\"2020-06-26T09:47:22+00:00\",\"dateModified\":\"2020-09-07T12:02:42+00:00\",\"breadcrumb\":{\"@id\":\"https:\/\/urciconsultores.com\/fr\/domaines-dactivite\/#breadcrumb\"},\"inLanguage\":\"es\",\"potentialAction\":[{\"@type\":\"ReadAction\",\"target\":[\"https:\/\/urciconsultores.com\/fr\/domaines-dactivite\/\"]}]},{\"@type\":\"ImageObject\",\"inLanguage\":\"es\",\"@id\":\"https:\/\/urciconsultores.com\/fr\/domaines-dactivite\/#primaryimage\",\"url\":\"https:\/\/urciconsultores.com\/fr\/wp-content\/uploads\/cajas-intro-home-1.png\",\"contentUrl\":\"https:\/\/urciconsultores.com\/fr\/wp-content\/uploads\/cajas-intro-home-1.png\"},{\"@type\":\"BreadcrumbList\",\"@id\":\"https:\/\/urciconsultores.com\/fr\/domaines-dactivite\/#breadcrumb\",\"itemListElement\":[{\"@type\":\"ListItem\",\"position\":1,\"name\":\"Portada\",\"item\":\"https:\/\/urciconsultores.com\/fr\/\"},{\"@type\":\"ListItem\",\"position\":2,\"name\":\"Domaines d\u2019activite\"}]},{\"@type\":\"WebSite\",\"@id\":\"https:\/\/urciconsultores.com\/fr\/#website\",\"url\":\"https:\/\/urciconsultores.com\/fr\/\",\"name\":\"Urci Consultores\",\"description\":\"Urci Consultores\",\"potentialAction\":[{\"@type\":\"SearchAction\",\"target\":{\"@type\":\"EntryPoint\",\"urlTemplate\":\"https:\/\/urciconsultores.com\/fr\/?s={search_term_string}\"},\"query-input\":{\"@type\":\"PropertyValueSpecification\",\"valueRequired\":true,\"valueName\":\"search_term_string\"}}],\"inLanguage\":\"es\"}]}<\/script>\n<!-- \/ Yoast SEO plugin. -->","yoast_head_json":{"title":"Domaines d\u2019activite - Urci Consultores","robots":{"index":"index","follow":"follow","max-snippet":"max-snippet:-1","max-image-preview":"max-image-preview:large","max-video-preview":"max-video-preview:-1"},"canonical":"https:\/\/urciconsultores.com\/fr\/domaines-dactivite\/","og_locale":"es_ES","og_type":"article","og_title":"Domaines d\u2019activite - Urci Consultores","og_description":"Domaines d\u2019activite et services Tout au long de sa trajectoire professionnelle, URCI a travaill\u00e9 sur une longue liste de projets dans diff\u00e9rents domaines d\u2019activit\u00e9, parmi lesquels se trouvent les secteurs les plus importants pour le d\u00e9veloppement et la modernisation d\u2019un pays. Parmi les domaines dans lesquels URCI accumule le plus d\u2019exp\u00e9rience, se trouvent les infrastructures [&hellip;]","og_url":"https:\/\/urciconsultores.com\/fr\/domaines-dactivite\/","og_site_name":"Urci Consultores","article_modified_time":"2020-09-07T12:02:42+00:00","og_image":[{"url":"https:\/\/urciconsultores.com\/fr\/wp-content\/uploads\/cajas-intro-home-1.png","type":"","width":"","height":""}],"twitter_card":"summary_large_image","twitter_misc":{"Tiempo de lectura":"4 minutos"},"schema":{"@context":"https:\/\/schema.org","@graph":[{"@type":"WebPage","@id":"https:\/\/urciconsultores.com\/fr\/domaines-dactivite\/","url":"https:\/\/urciconsultores.com\/fr\/domaines-dactivite\/","name":"Domaines d\u2019activite - Urci Consultores","isPartOf":{"@id":"https:\/\/urciconsultores.com\/fr\/#website"},"primaryImageOfPage":{"@id":"https:\/\/urciconsultores.com\/fr\/domaines-dactivite\/#primaryimage"},"image":{"@id":"https:\/\/urciconsultores.com\/fr\/domaines-dactivite\/#primaryimage"},"thumbnailUrl":"https:\/\/urciconsultores.com\/fr\/wp-content\/uploads\/cajas-intro-home-1.png","datePublished":"2020-06-26T09:47:22+00:00","dateModified":"2020-09-07T12:02:42+00:00","breadcrumb":{"@id":"https:\/\/urciconsultores.com\/fr\/domaines-dactivite\/#breadcrumb"},"inLanguage":"es","potentialAction":[{"@type":"ReadAction","target":["https:\/\/urciconsultores.com\/fr\/domaines-dactivite\/"]}]},{"@type":"ImageObject","inLanguage":"es","@id":"https:\/\/urciconsultores.com\/fr\/domaines-dactivite\/#primaryimage","url":"https:\/\/urciconsultores.com\/fr\/wp-content\/uploads\/cajas-intro-home-1.png","contentUrl":"https:\/\/urciconsultores.com\/fr\/wp-content\/uploads\/cajas-intro-home-1.png"},{"@type":"BreadcrumbList","@id":"https:\/\/urciconsultores.com\/fr\/domaines-dactivite\/#breadcrumb","itemListElement":[{"@type":"ListItem","position":1,"name":"Portada","item":"https:\/\/urciconsultores.com\/fr\/"},{"@type":"ListItem","position":2,"name":"Domaines d\u2019activite"}]},{"@type":"WebSite","@id":"https:\/\/urciconsultores.com\/fr\/#website","url":"https:\/\/urciconsultores.com\/fr\/","name":"Urci Consultores","description":"Urci Consultores","potentialAction":[{"@type":"SearchAction","target":{"@type":"EntryPoint","urlTemplate":"https:\/\/urciconsultores.com\/fr\/?s={search_term_string}"},"query-input":{"@type":"PropertyValueSpecification","valueRequired":true,"valueName":"search_term_string"}}],"inLanguage":"es"}]}},"_links":{"self":[{"href":"https:\/\/urciconsultores.com\/fr\/wp-json\/wp\/v2\/pages\/713","targetHints":{"allow":["GET"]}}],"collection":[{"href":"https:\/\/urciconsultores.com\/fr\/wp-json\/wp\/v2\/pages"}],"about":[{"href":"https:\/\/urciconsultores.com\/fr\/wp-json\/wp\/v2\/types\/page"}],"author":[{"embeddable":true,"href":"https:\/\/urciconsultores.com\/fr\/wp-json\/wp\/v2\/users\/2"}],"replies":[{"embeddable":true,"href":"https:\/\/urciconsultores.com\/fr\/wp-json\/wp\/v2\/comments?post=713"}],"version-history":[{"count":26,"href":"https:\/\/urciconsultores.com\/fr\/wp-json\/wp\/v2\/pages\/713\/revisions"}],"predecessor-version":[{"id":1543,"href":"https:\/\/urciconsultores.com\/fr\/wp-json\/wp\/v2\/pages\/713\/revisions\/1543"}],"wp:attachment":[{"href":"https:\/\/urciconsultores.com\/fr\/wp-json\/wp\/v2\/media?parent=713"}],"curies":[{"name":"wp","href":"https:\/\/api.w.org\/{rel}","templated":true}]}}