{"id":954,"date":"2020-07-24T11:25:12","date_gmt":"2020-07-24T11:25:12","guid":{"rendered":"http:\/\/urciconsultores.com\/fr\/?page_id=954"},"modified":"2020-09-07T10:15:03","modified_gmt":"2020-09-07T10:15:03","slug":"hydrologie","status":"publish","type":"page","link":"https:\/\/urciconsultores.com\/fr\/hydrologie\/","title":{"rendered":"Hydrologie"},"content":{"rendered":"<section class=\"cabecera-interior hidrologia\">\r\n    <article class=\"cuerpo\">\r\n        <h1>Hydrologie<\/h1>\r\n    <\/article>\r\n<\/section>\r\n<section class=\"intro-subcatservicios hidrologia\">\r\n    <article class=\"cuerpo\">\r\n        <div class=\"img-resp\"><img decoding=\"async\" src=\"https:\/\/urciconsultores.com\/fr\/wp-content\/uploads\/intro-subcatservicios-hidrologia.jpg\"><\/div>\r\n        <div class=\"texto-izq\">\r\n            <p class=\"grande\">Le r\u00e9gime extr\u00eame des fleuves et des lits publics fait l\u2019objet d\u2019une attention particuli\u00e8re de la part des administrations publiques des pays, dont les efforts s\u2019orientent vers l\u2019obtention de ressources hydriques dans les longues p\u00e9riodes d\u2019\u00e9tiage et pour \u00e9viter les dommages produits par les crues extraordinaires (ph\u00e9nom\u00e8nes du changement climatique, \u00ab Ni\u00f1o \u00bb, la goutte froide, entre autres.) <\/p>\r\n            <p class=\"grande\">URCI collabore avec les diff\u00e9rentes administrations publiques du secteur de l\u2019eau dans la r\u00e9alisation de ses objectifs de r\u00e9gulation hydrologique.<\/p>\r\n            <a href=\"#anclaform\" class=\"btn\">contactez-nous [+]<\/a>\r\n        <\/div>\r\n        <div class=\"img-der\"><img decoding=\"async\" src=\"https:\/\/urciconsultores.com\/fr\/wp-content\/uploads\/intro-subcatservicios-hidrologia.jpg\"><\/div>\r\n    <\/article>\r\n<\/section>\r\n<section class=\"banner-subcatservicios hidrologia\">\r\n    <article class=\"cuerpo\">\r\n        <div class=\"img-resp\"><img decoding=\"async\" src=\"https:\/\/urciconsultores.com\/fr\/wp-content\/uploads\/banner-subcatservicios-hidrologia.jpg\"><\/div>\r\n        <div class=\"contenedor\">\r\n            <p class=\"grande\">L\u2019une des caract\u00e9ristiques des syst\u00e8mes hydrauliques est souvent la distance s\u00e9parant les sources d\u2019alimentation du syst\u00e8me des zones de consommation, agglom\u00e9rations urbaines et irrigations.  Cette distance oblige \u00e0 la r\u00e9alisation de grandes infrastructures hydrauliques qui rapprochent la ressource aux grands centres de consommation.  URCI pr\u00eate ses services de conception et de supervision des travaux hydrauliques aux administrations et aux entreprises publiques ayant des comp\u00e9tences en cette mati\u00e8re.<\/p>\r\n            <h3>Services pr\u00eat\u00e9s par URCI:<\/h3>\r\n            <ul>\r\n                <li><span>\u00e9tudes d\u2019appel d\u2019offres<\/span><\/li>\r\n                <li><span>\u00e9tudes de viabilit\u00e9<\/span><\/li>\r\n                <li><span>supervision et contr\u00f4le de travaux<\/span><\/li>\r\n                <li><span>ma\u00eetre d\u2019\u0153uvre<\/span><\/li>\r\n                <li><span>gestion de projets<\/span><\/li>\r\n                <div class=\"limpiar\"><\/div>\r\n            <\/ul>\r\n        <\/div>\r\n        <div class=\"limpiar\"><\/div>\r\n    <\/article>\r\n<\/section>","protected":false},"excerpt":{"rendered":"Hydrologie Le r\u00e9gime extr\u00eame des fleuves et des lits publics fait l\u2019objet d\u2019une attention particuli\u00e8re de la part des administrations publiques des pays, dont les efforts s\u2019orientent vers l\u2019obtention de ressources hydriques dans les longues p\u00e9riodes d\u2019\u00e9tiage et pour \u00e9viter les dommages produits par les crues extraordinaires (ph\u00e9nom\u00e8nes du changement climatique, \u00ab Ni\u00f1o \u00bb, la [&hellip;]","protected":false},"author":2,"featured_media":0,"parent":0,"menu_order":0,"comment_status":"closed","ping_status":"closed","template":"","meta":{"footnotes":""},"class_list":["post-954","page","type-page","status-publish","hentry"],"yoast_head":"<!-- This site is optimized with the Yoast SEO plugin v26.8 - https:\/\/yoast.com\/product\/yoast-seo-wordpress\/ -->\n<title>Hydrologie - Urci Consultores<\/title>\n<meta name=\"robots\" content=\"index, follow, max-snippet:-1, max-image-preview:large, max-video-preview:-1\" \/>\n<link rel=\"canonical\" href=\"https:\/\/urciconsultores.com\/fr\/hydrologie\/\" \/>\n<meta property=\"og:locale\" content=\"es_ES\" \/>\n<meta property=\"og:type\" content=\"article\" \/>\n<meta property=\"og:title\" content=\"Hydrologie - Urci Consultores\" \/>\n<meta property=\"og:description\" content=\"Hydrologie Le r\u00e9gime extr\u00eame des fleuves et des lits publics fait l\u2019objet d\u2019une attention particuli\u00e8re de la part des administrations publiques des pays, dont les efforts s\u2019orientent vers l\u2019obtention de ressources hydriques dans les longues p\u00e9riodes d\u2019\u00e9tiage et pour \u00e9viter les dommages produits par les crues extraordinaires (ph\u00e9nom\u00e8nes du changement climatique, \u00ab Ni\u00f1o \u00bb, la [&hellip;]\" \/>\n<meta property=\"og:url\" content=\"https:\/\/urciconsultores.com\/fr\/hydrologie\/\" \/>\n<meta property=\"og:site_name\" content=\"Urci Consultores\" \/>\n<meta property=\"article:modified_time\" content=\"2020-09-07T10:15:03+00:00\" \/>\n<meta property=\"og:image\" content=\"https:\/\/urciconsultores.com\/fr\/wp-content\/uploads\/intro-subcatservicios-hidrologia.jpg\" \/>\n<meta name=\"twitter:card\" content=\"summary_large_image\" \/>\n<meta name=\"twitter:label1\" content=\"Tiempo de lectura\" \/>\n\t<meta name=\"twitter:data1\" content=\"1 minuto\" \/>\n<script type=\"application\/ld+json\" class=\"yoast-schema-graph\">{\"@context\":\"https:\/\/schema.org\",\"@graph\":[{\"@type\":\"WebPage\",\"@id\":\"https:\/\/urciconsultores.com\/fr\/hydrologie\/\",\"url\":\"https:\/\/urciconsultores.com\/fr\/hydrologie\/\",\"name\":\"Hydrologie - Urci Consultores\",\"isPartOf\":{\"@id\":\"https:\/\/urciconsultores.com\/fr\/#website\"},\"primaryImageOfPage\":{\"@id\":\"https:\/\/urciconsultores.com\/fr\/hydrologie\/#primaryimage\"},\"image\":{\"@id\":\"https:\/\/urciconsultores.com\/fr\/hydrologie\/#primaryimage\"},\"thumbnailUrl\":\"https:\/\/urciconsultores.com\/fr\/wp-content\/uploads\/intro-subcatservicios-hidrologia.jpg\",\"datePublished\":\"2020-07-24T11:25:12+00:00\",\"dateModified\":\"2020-09-07T10:15:03+00:00\",\"breadcrumb\":{\"@id\":\"https:\/\/urciconsultores.com\/fr\/hydrologie\/#breadcrumb\"},\"inLanguage\":\"es\",\"potentialAction\":[{\"@type\":\"ReadAction\",\"target\":[\"https:\/\/urciconsultores.com\/fr\/hydrologie\/\"]}]},{\"@type\":\"ImageObject\",\"inLanguage\":\"es\",\"@id\":\"https:\/\/urciconsultores.com\/fr\/hydrologie\/#primaryimage\",\"url\":\"https:\/\/urciconsultores.com\/fr\/wp-content\/uploads\/intro-subcatservicios-hidrologia.jpg\",\"contentUrl\":\"https:\/\/urciconsultores.com\/fr\/wp-content\/uploads\/intro-subcatservicios-hidrologia.jpg\"},{\"@type\":\"BreadcrumbList\",\"@id\":\"https:\/\/urciconsultores.com\/fr\/hydrologie\/#breadcrumb\",\"itemListElement\":[{\"@type\":\"ListItem\",\"position\":1,\"name\":\"Portada\",\"item\":\"https:\/\/urciconsultores.com\/fr\/\"},{\"@type\":\"ListItem\",\"position\":2,\"name\":\"Hydrologie\"}]},{\"@type\":\"WebSite\",\"@id\":\"https:\/\/urciconsultores.com\/fr\/#website\",\"url\":\"https:\/\/urciconsultores.com\/fr\/\",\"name\":\"Urci Consultores\",\"description\":\"Urci Consultores\",\"potentialAction\":[{\"@type\":\"SearchAction\",\"target\":{\"@type\":\"EntryPoint\",\"urlTemplate\":\"https:\/\/urciconsultores.com\/fr\/?s={search_term_string}\"},\"query-input\":{\"@type\":\"PropertyValueSpecification\",\"valueRequired\":true,\"valueName\":\"search_term_string\"}}],\"inLanguage\":\"es\"}]}<\/script>\n<!-- \/ Yoast SEO plugin. -->","yoast_head_json":{"title":"Hydrologie - Urci Consultores","robots":{"index":"index","follow":"follow","max-snippet":"max-snippet:-1","max-image-preview":"max-image-preview:large","max-video-preview":"max-video-preview:-1"},"canonical":"https:\/\/urciconsultores.com\/fr\/hydrologie\/","og_locale":"es_ES","og_type":"article","og_title":"Hydrologie - Urci Consultores","og_description":"Hydrologie Le r\u00e9gime extr\u00eame des fleuves et des lits publics fait l\u2019objet d\u2019une attention particuli\u00e8re de la part des administrations publiques des pays, dont les efforts s\u2019orientent vers l\u2019obtention de ressources hydriques dans les longues p\u00e9riodes d\u2019\u00e9tiage et pour \u00e9viter les dommages produits par les crues extraordinaires (ph\u00e9nom\u00e8nes du changement climatique, \u00ab Ni\u00f1o \u00bb, la [&hellip;]","og_url":"https:\/\/urciconsultores.com\/fr\/hydrologie\/","og_site_name":"Urci Consultores","article_modified_time":"2020-09-07T10:15:03+00:00","og_image":[{"url":"https:\/\/urciconsultores.com\/fr\/wp-content\/uploads\/intro-subcatservicios-hidrologia.jpg","type":"","width":"","height":""}],"twitter_card":"summary_large_image","twitter_misc":{"Tiempo de lectura":"1 minuto"},"schema":{"@context":"https:\/\/schema.org","@graph":[{"@type":"WebPage","@id":"https:\/\/urciconsultores.com\/fr\/hydrologie\/","url":"https:\/\/urciconsultores.com\/fr\/hydrologie\/","name":"Hydrologie - Urci Consultores","isPartOf":{"@id":"https:\/\/urciconsultores.com\/fr\/#website"},"primaryImageOfPage":{"@id":"https:\/\/urciconsultores.com\/fr\/hydrologie\/#primaryimage"},"image":{"@id":"https:\/\/urciconsultores.com\/fr\/hydrologie\/#primaryimage"},"thumbnailUrl":"https:\/\/urciconsultores.com\/fr\/wp-content\/uploads\/intro-subcatservicios-hidrologia.jpg","datePublished":"2020-07-24T11:25:12+00:00","dateModified":"2020-09-07T10:15:03+00:00","breadcrumb":{"@id":"https:\/\/urciconsultores.com\/fr\/hydrologie\/#breadcrumb"},"inLanguage":"es","potentialAction":[{"@type":"ReadAction","target":["https:\/\/urciconsultores.com\/fr\/hydrologie\/"]}]},{"@type":"ImageObject","inLanguage":"es","@id":"https:\/\/urciconsultores.com\/fr\/hydrologie\/#primaryimage","url":"https:\/\/urciconsultores.com\/fr\/wp-content\/uploads\/intro-subcatservicios-hidrologia.jpg","contentUrl":"https:\/\/urciconsultores.com\/fr\/wp-content\/uploads\/intro-subcatservicios-hidrologia.jpg"},{"@type":"BreadcrumbList","@id":"https:\/\/urciconsultores.com\/fr\/hydrologie\/#breadcrumb","itemListElement":[{"@type":"ListItem","position":1,"name":"Portada","item":"https:\/\/urciconsultores.com\/fr\/"},{"@type":"ListItem","position":2,"name":"Hydrologie"}]},{"@type":"WebSite","@id":"https:\/\/urciconsultores.com\/fr\/#website","url":"https:\/\/urciconsultores.com\/fr\/","name":"Urci Consultores","description":"Urci Consultores","potentialAction":[{"@type":"SearchAction","target":{"@type":"EntryPoint","urlTemplate":"https:\/\/urciconsultores.com\/fr\/?s={search_term_string}"},"query-input":{"@type":"PropertyValueSpecification","valueRequired":true,"valueName":"search_term_string"}}],"inLanguage":"es"}]}},"_links":{"self":[{"href":"https:\/\/urciconsultores.com\/fr\/wp-json\/wp\/v2\/pages\/954","targetHints":{"allow":["GET"]}}],"collection":[{"href":"https:\/\/urciconsultores.com\/fr\/wp-json\/wp\/v2\/pages"}],"about":[{"href":"https:\/\/urciconsultores.com\/fr\/wp-json\/wp\/v2\/types\/page"}],"author":[{"embeddable":true,"href":"https:\/\/urciconsultores.com\/fr\/wp-json\/wp\/v2\/users\/2"}],"replies":[{"embeddable":true,"href":"https:\/\/urciconsultores.com\/fr\/wp-json\/wp\/v2\/comments?post=954"}],"version-history":[{"count":4,"href":"https:\/\/urciconsultores.com\/fr\/wp-json\/wp\/v2\/pages\/954\/revisions"}],"predecessor-version":[{"id":1451,"href":"https:\/\/urciconsultores.com\/fr\/wp-json\/wp\/v2\/pages\/954\/revisions\/1451"}],"wp:attachment":[{"href":"https:\/\/urciconsultores.com\/fr\/wp-json\/wp\/v2\/media?parent=954"}],"curies":[{"name":"wp","href":"https:\/\/api.w.org\/{rel}","templated":true}]}}